{"id":10004,"date":"2025-03-20T08:55:19","date_gmt":"2025-03-20T07:55:19","guid":{"rendered":"https:\/\/easo.eus\/easo-politeknikoa\/instalaciones-y-recursos\/"},"modified":"2025-12-12T07:59:36","modified_gmt":"2025-12-12T06:59:36","slug":"instalaciones-y-recursos","status":"publish","type":"page","link":"https:\/\/easo.eus\/es\/easo-politeknikoa\/instalaciones-y-recursos\/","title":{"rendered":"Instalaciones y recursos"},"content":{"rendered":"<section class=\"l-section wpb_row height_medium\"><div class=\"l-section-h i-cf\"><div class=\"g-cols vc_row via_flex valign_top type_default stacking_default\"><div class=\"vc_col-sm-12 wpb_column vc_column_container\"><div class=\"vc_column-inner\"><div class=\"wpb_wrapper\"><div class=\"wpb_text_column\"><div class=\"wpb_wrapper\"><h1>Instalaciones y recursos<\/h1>\n<\/div><\/div><div class=\"w-separator size_small\"><\/div><div class=\"wpb_text_column\"><div class=\"wpb_wrapper\"><h2>Espacios de aprendizaje, innovaci\u00f3n y crecimiento<\/h2>\n<\/div><\/div><div class=\"w-separator size_small\"><\/div><div class=\"wpb_text_column\"><div class=\"wpb_wrapper\"><p>En Easo Polit\u00e9cnico ofrecemos un entorno de aprendizaje moderno, innovador y sostenible.<br \/>\nDisponemos de aulas digitales, talleres especializados y laboratorios de tecnolog\u00eda avanzada dise\u00f1ados para responder a las necesidades del mundo laboral.<br \/>\nApostamos por la digitalizaci\u00f3n, la sostenibilidad y la innovaci\u00f3n educativa, garantizando espacios para desarrollar la creatividad, el trabajo en equipo y las competencias clave para el futuro.<br \/>\nVea en im\u00e1genes d\u00f3nde se forman los profesionales del ma\u00f1ana.<\/p>\n<\/div><\/div><div class=\"w-separator size_medium\"><\/div><div class=\"w-hwrapper valign_top wrap align_justify\" style=\"--hwrapper-gap:0.2rem\"><div class=\"w-ibanner us_custom_432b650f animation_phorcys ratio_1x1 easing_ease\"><a href=\"espacios-generales\/\" aria-label=\"Espacios generales\"><\/a><div class=\"w-ibanner-h\"><div class=\"w-ibanner-image\" style=\"background-image: url(https:\/\/easo.eus\/wp-content\/uploads\/2025\/05\/portada-623a2111_54216691590_o-2-1024x683.jpg)\"><\/div><div class=\"w-ibanner-content\"><div class=\"w-ibanner-content-h\"><h2 class=\"w-ibanner-title\">Espacios generales<\/h2><div class=\"w-ibanner-desc\"><\/div><\/div><\/div><\/div><\/div><div class=\"w-ibanner us_custom_ad6115f7 animation_phorcys ratio_2x1 easing_ease\"><a href=\"eraikuntza-eta-obra-zibilak\/\" aria-label=\"Edificaci\u00f3n y obra civil\"><\/a><div class=\"w-ibanner-h\"><div class=\"w-ibanner-image\" style=\"background-image: url(https:\/\/easo.eus\/wp-content\/uploads\/2025\/05\/portada-623a3626_54216533058_o-scaled.jpg)\"><\/div><div class=\"w-ibanner-content\"><div class=\"w-ibanner-content-h\"><h2 class=\"w-ibanner-title\">Edificaci\u00f3n y obra civil<\/h2><div class=\"w-ibanner-desc\"><\/div><\/div><\/div><\/div><\/div><div class=\"w-ibanner us_custom_432b650f animation_phorcys ratio_1x1 easing_ease\"><a href=\"segurtasuna-eta-ingurumena\/\" aria-label=\"Seguridad y medio ambiente\"><\/a><div class=\"w-ibanner-h\"><div class=\"w-ibanner-image\" style=\"background-image: url(https:\/\/easo.eus\/wp-content\/uploads\/2025\/05\/portada_54354259603_o-1024x1024.jpg)\"><\/div><div class=\"w-ibanner-content\"><div class=\"w-ibanner-content-h\"><h2 class=\"w-ibanner-title\">Seguridad y medio ambiente<\/h2><div class=\"w-ibanner-desc\"><\/div><\/div><\/div><\/div><\/div><\/div><div class=\"w-separator hide_on_tablets hide_on_mobiles size_custom\" style=\"height:0.6rem\"><\/div><div class=\"w-hwrapper valign_top wrap align_justify\" style=\"--hwrapper-gap:0.2rem\"><div class=\"w-ibanner us_custom_ad6115f7 animation_phorcys ratio_2x1 easing_ease\"><a href=\"fabrikazio-mekanikoa\/\" aria-label=\"Fabricaci\u00f3n mec\u00e1nica\"><\/a><div class=\"w-ibanner-h\"><div class=\"w-ibanner-image\" style=\"background-image: url(https:\/\/easo.eus\/wp-content\/uploads\/2025\/05\/portada-eusk-goi_54415832184_l.jpg)\"><\/div><div class=\"w-ibanner-content\"><div class=\"w-ibanner-content-h\"><h2 class=\"w-ibanner-title\">Fabricaci\u00f3n mec\u00e1nica<\/h2><div class=\"w-ibanner-desc\"><\/div><\/div><\/div><\/div><\/div><div class=\"w-ibanner us_custom_432b650f animation_phorcys ratio_1x1 easing_ease\"><a href=\"zurgintza-eta-altzarigintza\/\" aria-label=\"Madera y mueble\"><\/a><div class=\"w-ibanner-h\"><div class=\"w-ibanner-image\" style=\"background-image: url(https:\/\/easo.eus\/wp-content\/uploads\/2025\/05\/portada-623a3598_54215393767_o-1024x683.jpg)\"><\/div><div class=\"w-ibanner-content\"><div class=\"w-ibanner-content-h\"><h2 class=\"w-ibanner-title\">Madera y mueble<\/h2><div class=\"w-ibanner-desc\"><\/div><\/div><\/div><\/div><\/div><div class=\"w-ibanner us_custom_432b650f animation_phorcys ratio_1x1 easing_ease\"><a href=\"jarduera-fisikoak-eta-kirolak\/\" aria-label=\"Actividades f\u00edsicas y deportivas\"><\/a><div class=\"w-ibanner-h\"><div class=\"w-ibanner-image\" style=\"background-image: url(https:\/\/easo.eus\/wp-content\/uploads\/2025\/05\/portada-sokak-eskalada_54216529349_l.jpg)\"><\/div><div class=\"w-ibanner-content\"><div class=\"w-ibanner-content-h\"><h2 class=\"w-ibanner-title\">Actividades f\u00edsicas y deportivas<\/h2><div class=\"w-ibanner-desc\"><\/div><\/div><\/div><\/div><\/div><\/div><div class=\"w-separator hide_on_tablets hide_on_mobiles size_custom\" style=\"height:0.6rem\"><\/div><div class=\"w-hwrapper valign_top wrap align_justify\" style=\"--hwrapper-gap:0.2rem\"><div class=\"w-ibanner us_custom_432b650f animation_phorcys ratio_1x1 easing_ease\"><a href=\"osasungintza\/\" aria-label=\"Sanidad\"><\/a><div class=\"w-ibanner-h\"><div class=\"w-ibanner-image\" style=\"background-image: url(https:\/\/easo.eus\/wp-content\/uploads\/2025\/05\/portada-623a2194-copia_54216269746_o-1-1024x683.jpg)\"><\/div><div class=\"w-ibanner-content\"><div class=\"w-ibanner-content-h\"><h2 class=\"w-ibanner-title\">Sanidad<\/h2><div class=\"w-ibanner-desc\"><\/div><\/div><\/div><\/div><\/div><div class=\"w-ibanner us_custom_432b650f animation_phorcys ratio_1x1 easing_ease\"><a href=\"kimika\/\" aria-label=\"Kimika\"><\/a><div class=\"w-ibanner-h\"><div class=\"w-ibanner-image\" style=\"background-image: url(https:\/\/easo.eus\/wp-content\/uploads\/2025\/05\/portada-623a2437-copia_54216497648_o-1024x683.jpg)\"><\/div><div class=\"w-ibanner-content\"><div class=\"w-ibanner-content-h\"><h2 class=\"w-ibanner-title\">Kimika<\/h2><div class=\"w-ibanner-desc\"><\/div><\/div><\/div><\/div><\/div><div class=\"w-ibanner us_custom_ad6115f7 animation_phorcys ratio_2x1 easing_ease\"><a href=\"elektrizitate-eta-elektronika\/\" aria-label=\"Electricidad y electr\u00f3nica\"><\/a><div class=\"w-ibanner-h\"><div class=\"w-ibanner-image\" style=\"background-image: url(https:\/\/easo.eus\/wp-content\/uploads\/2025\/05\/portada-623a2585_54216519739_l-1.jpg)\"><\/div><div class=\"w-ibanner-content\"><div class=\"w-ibanner-content-h\"><h2 class=\"w-ibanner-title\">Electricidad y electr\u00f3nica<\/h2><div class=\"w-ibanner-desc\"><\/div><\/div><\/div><\/div><\/div><\/div><div class=\"w-separator hide_on_tablets hide_on_mobiles size_custom\" style=\"height:0.6rem\"><\/div><div class=\"w-hwrapper valign_top wrap align_justify\" style=\"--hwrapper-gap:0.2rem\"><div class=\"w-ibanner us_custom_ad6115f7 animation_phorcys ratio_2x1 easing_ease\"><a href=\"ostalaritza-eta-turismoa-merkataritza-eta-marketina\/\" aria-label=\"Hosteler\u00eda y turismo\/Comercio y marketing\"><\/a><div class=\"w-ibanner-h\"><div class=\"w-ibanner-image\" style=\"background-image: url(https:\/\/easo.eus\/wp-content\/uploads\/2025\/05\/portada-623a3188_54215393137_l.jpg)\"><\/div><div class=\"w-ibanner-content\"><div class=\"w-ibanner-content-h\"><h2 class=\"w-ibanner-title\">Hosteler\u00eda y turismo\/Comercio y marketing<\/h2><div class=\"w-ibanner-desc\"><\/div><\/div><\/div><\/div><\/div><div class=\"w-ibanner us_custom_432b650f animation_phorcys ratio_1x1 easing_ease\"><a href=\"gizarte-kultura-eta-zerbitzuak\/\" aria-label=\"Cultura y servicios sociales\"><\/a><div class=\"w-ibanner-h\"><div class=\"w-ibanner-image\" style=\"background-image: url(https:\/\/easo.eus\/wp-content\/uploads\/2025\/05\/portada-623a3025_54215377017_l.jpg)\"><\/div><div class=\"w-ibanner-content\"><div class=\"w-ibanner-content-h\"><h2 class=\"w-ibanner-title\">Cultura y servicios sociales<\/h2><div class=\"w-ibanner-desc\"><\/div><\/div><\/div><\/div><\/div><div class=\"w-ibanner us_custom_432b650f animation_phorcys ratio_1x1 easing_ease\"><a href=\"lanerako-prestakuntza\/\" aria-label=\"Formaci\u00f3n ocupacional\"><\/a><div class=\"w-ibanner-h\"><div class=\"w-ibanner-image\" style=\"background-image: url(https:\/\/easo.eus\/wp-content\/uploads\/2025\/05\/portada-623a2134_54327055408_o-683x1024.jpg)\"><\/div><div class=\"w-ibanner-content\"><div class=\"w-ibanner-content-h\"><h2 class=\"w-ibanner-title\">Formaci\u00f3n ocupacional<\/h2><div class=\"w-ibanner-desc\"><\/div><\/div><\/div><\/div><\/div><\/div><div class=\"w-separator size_huge\"><\/div><\/div><\/div><\/div><\/div><\/div><\/section>\n","protected":false},"excerpt":{"rendered":"Instalaciones y recursos Espacios de aprendizaje, innovaci\u00f3n y crecimiento En Easo Polit\u00e9cnico ofrecemos un entorno de aprendizaje moderno, innovador y sostenible. Disponemos de aulas digitales, talleres especializados y laboratorios de tecnolog\u00eda avanzada dise\u00f1ados para responder a las necesidades del mundo laboral. Apostamos por la digitalizaci\u00f3n, la sostenibilidad y la innovaci\u00f3n educativa, garantizando espacios para desarrollar...","protected":false},"author":1,"featured_media":0,"parent":9992,"menu_order":0,"comment_status":"closed","ping_status":"closed","template":"","meta":{"_acf_changed":false,"footnotes":""},"class_list":["post-10004","page","type-page","status-publish","hentry"],"acf":[],"yoast_head":"<!-- This site is optimized with the Yoast SEO plugin v27.3 - https:\/\/yoast.com\/product\/yoast-seo-wordpress\/ -->\n<title>Instalaciones y recursos - Easo Politeknikoa<\/title>\n<meta name=\"robots\" content=\"index, follow, max-snippet:-1, max-image-preview:large, max-video-preview:-1\" \/>\n<link rel=\"canonical\" href=\"https:\/\/easo.eus\/es\/easo-politeknikoa\/instalaciones-y-recursos\/\" \/>\n<meta property=\"og:locale\" content=\"es_ES\" \/>\n<meta property=\"og:type\" content=\"article\" \/>\n<meta property=\"og:title\" content=\"Instalaciones y recursos - Easo Politeknikoa\" \/>\n<meta property=\"og:url\" content=\"https:\/\/easo.eus\/es\/easo-politeknikoa\/instalaciones-y-recursos\/\" \/>\n<meta property=\"og:site_name\" content=\"Easo Politeknikoa\" \/>\n<meta property=\"article:publisher\" content=\"https:\/\/www.facebook.com\/people\/CIFP-EASO-Politeknikoa-LHII\/100069039060131\/\" \/>\n<meta property=\"article:modified_time\" content=\"2025-12-12T06:59:36+00:00\" \/>\n<meta property=\"og:image\" content=\"https:\/\/easo.eus\/wp-content\/uploads\/2025\/05\/layout_set_logo.png\" \/>\n\t<meta property=\"og:image:width\" content=\"2033\" \/>\n\t<meta property=\"og:image:height\" content=\"488\" \/>\n\t<meta property=\"og:image:type\" content=\"image\/png\" \/>\n<meta name=\"twitter:card\" content=\"summary_large_image\" \/>\n<meta name=\"twitter:label1\" content=\"Tiempo de lectura\" \/>\n\t<meta name=\"twitter:data1\" content=\"4 minutos\" \/>\n<script type=\"application\/ld+json\" class=\"yoast-schema-graph\">{\"@context\":\"https:\\\/\\\/schema.org\",\"@graph\":[{\"@type\":\"WebPage\",\"@id\":\"https:\\\/\\\/easo.eus\\\/es\\\/easo-politeknikoa\\\/instalaciones-y-recursos\\\/\",\"url\":\"https:\\\/\\\/easo.eus\\\/es\\\/easo-politeknikoa\\\/instalaciones-y-recursos\\\/\",\"name\":\"Instalaciones y recursos - Easo Politeknikoa\",\"isPartOf\":{\"@id\":\"https:\\\/\\\/easo.eus\\\/es\\\/#website\"},\"datePublished\":\"2025-03-20T07:55:19+00:00\",\"dateModified\":\"2025-12-12T06:59:36+00:00\",\"breadcrumb\":{\"@id\":\"https:\\\/\\\/easo.eus\\\/es\\\/easo-politeknikoa\\\/instalaciones-y-recursos\\\/#breadcrumb\"},\"inLanguage\":\"es\",\"potentialAction\":[{\"@type\":\"ReadAction\",\"target\":[\"https:\\\/\\\/easo.eus\\\/es\\\/easo-politeknikoa\\\/instalaciones-y-recursos\\\/\"]}]},{\"@type\":\"BreadcrumbList\",\"@id\":\"https:\\\/\\\/easo.eus\\\/es\\\/easo-politeknikoa\\\/instalaciones-y-recursos\\\/#breadcrumb\",\"itemListElement\":[{\"@type\":\"ListItem\",\"position\":1,\"name\":\"Home\",\"item\":\"https:\\\/\\\/easo.eus\\\/es\\\/hasiera\\\/\"},{\"@type\":\"ListItem\",\"position\":2,\"name\":\"Easo Politeknikoa\",\"item\":\"https:\\\/\\\/easo.eus\\\/es\\\/easo-politeknikoa\\\/\"},{\"@type\":\"ListItem\",\"position\":3,\"name\":\"Instalaciones y recursos\"}]},{\"@type\":\"WebSite\",\"@id\":\"https:\\\/\\\/easo.eus\\\/es\\\/#website\",\"url\":\"https:\\\/\\\/easo.eus\\\/es\\\/\",\"name\":\"Easo Politeknikoa\",\"description\":\"\",\"publisher\":{\"@id\":\"https:\\\/\\\/easo.eus\\\/es\\\/#organization\"},\"potentialAction\":[{\"@type\":\"SearchAction\",\"target\":{\"@type\":\"EntryPoint\",\"urlTemplate\":\"https:\\\/\\\/easo.eus\\\/es\\\/?s={search_term_string}\"},\"query-input\":{\"@type\":\"PropertyValueSpecification\",\"valueRequired\":true,\"valueName\":\"search_term_string\"}}],\"inLanguage\":\"es\"},{\"@type\":\"Organization\",\"@id\":\"https:\\\/\\\/easo.eus\\\/es\\\/#organization\",\"name\":\"Easo Politeknikoa\",\"url\":\"https:\\\/\\\/easo.eus\\\/es\\\/\",\"logo\":{\"@type\":\"ImageObject\",\"inLanguage\":\"es\",\"@id\":\"https:\\\/\\\/easo.eus\\\/es\\\/#\\\/schema\\\/logo\\\/image\\\/\",\"url\":\"https:\\\/\\\/easo.eus\\\/wp-content\\\/uploads\\\/2025\\\/05\\\/layout_set_logo.png\",\"contentUrl\":\"https:\\\/\\\/easo.eus\\\/wp-content\\\/uploads\\\/2025\\\/05\\\/layout_set_logo.png\",\"width\":2033,\"height\":488,\"caption\":\"Easo Politeknikoa\"},\"image\":{\"@id\":\"https:\\\/\\\/easo.eus\\\/es\\\/#\\\/schema\\\/logo\\\/image\\\/\"},\"sameAs\":[\"https:\\\/\\\/www.facebook.com\\\/people\\\/CIFP-EASO-Politeknikoa-LHII\\\/100069039060131\\\/\",\"https:\\\/\\\/www.instagram.com\\\/easopolitek\\\/\"]}]}<\/script>\n<!-- \/ Yoast SEO plugin. -->","yoast_head_json":{"title":"Instalaciones y recursos - Easo Politeknikoa","robots":{"index":"index","follow":"follow","max-snippet":"max-snippet:-1","max-image-preview":"max-image-preview:large","max-video-preview":"max-video-preview:-1"},"canonical":"https:\/\/easo.eus\/es\/easo-politeknikoa\/instalaciones-y-recursos\/","og_locale":"es_ES","og_type":"article","og_title":"Instalaciones y recursos - Easo Politeknikoa","og_url":"https:\/\/easo.eus\/es\/easo-politeknikoa\/instalaciones-y-recursos\/","og_site_name":"Easo Politeknikoa","article_publisher":"https:\/\/www.facebook.com\/people\/CIFP-EASO-Politeknikoa-LHII\/100069039060131\/","article_modified_time":"2025-12-12T06:59:36+00:00","og_image":[{"width":2033,"height":488,"url":"https:\/\/easo.eus\/wp-content\/uploads\/2025\/05\/layout_set_logo.png","type":"image\/png"}],"twitter_card":"summary_large_image","twitter_misc":{"Tiempo de lectura":"4 minutos"},"schema":{"@context":"https:\/\/schema.org","@graph":[{"@type":"WebPage","@id":"https:\/\/easo.eus\/es\/easo-politeknikoa\/instalaciones-y-recursos\/","url":"https:\/\/easo.eus\/es\/easo-politeknikoa\/instalaciones-y-recursos\/","name":"Instalaciones y recursos - Easo Politeknikoa","isPartOf":{"@id":"https:\/\/easo.eus\/es\/#website"},"datePublished":"2025-03-20T07:55:19+00:00","dateModified":"2025-12-12T06:59:36+00:00","breadcrumb":{"@id":"https:\/\/easo.eus\/es\/easo-politeknikoa\/instalaciones-y-recursos\/#breadcrumb"},"inLanguage":"es","potentialAction":[{"@type":"ReadAction","target":["https:\/\/easo.eus\/es\/easo-politeknikoa\/instalaciones-y-recursos\/"]}]},{"@type":"BreadcrumbList","@id":"https:\/\/easo.eus\/es\/easo-politeknikoa\/instalaciones-y-recursos\/#breadcrumb","itemListElement":[{"@type":"ListItem","position":1,"name":"Home","item":"https:\/\/easo.eus\/es\/hasiera\/"},{"@type":"ListItem","position":2,"name":"Easo Politeknikoa","item":"https:\/\/easo.eus\/es\/easo-politeknikoa\/"},{"@type":"ListItem","position":3,"name":"Instalaciones y recursos"}]},{"@type":"WebSite","@id":"https:\/\/easo.eus\/es\/#website","url":"https:\/\/easo.eus\/es\/","name":"Easo Politeknikoa","description":"","publisher":{"@id":"https:\/\/easo.eus\/es\/#organization"},"potentialAction":[{"@type":"SearchAction","target":{"@type":"EntryPoint","urlTemplate":"https:\/\/easo.eus\/es\/?s={search_term_string}"},"query-input":{"@type":"PropertyValueSpecification","valueRequired":true,"valueName":"search_term_string"}}],"inLanguage":"es"},{"@type":"Organization","@id":"https:\/\/easo.eus\/es\/#organization","name":"Easo Politeknikoa","url":"https:\/\/easo.eus\/es\/","logo":{"@type":"ImageObject","inLanguage":"es","@id":"https:\/\/easo.eus\/es\/#\/schema\/logo\/image\/","url":"https:\/\/easo.eus\/wp-content\/uploads\/2025\/05\/layout_set_logo.png","contentUrl":"https:\/\/easo.eus\/wp-content\/uploads\/2025\/05\/layout_set_logo.png","width":2033,"height":488,"caption":"Easo Politeknikoa"},"image":{"@id":"https:\/\/easo.eus\/es\/#\/schema\/logo\/image\/"},"sameAs":["https:\/\/www.facebook.com\/people\/CIFP-EASO-Politeknikoa-LHII\/100069039060131\/","https:\/\/www.instagram.com\/easopolitek\/"]}]}},"_links":{"self":[{"href":"https:\/\/easo.eus\/es\/wp-json\/wp\/v2\/pages\/10004","targetHints":{"allow":["GET"]}}],"collection":[{"href":"https:\/\/easo.eus\/es\/wp-json\/wp\/v2\/pages"}],"about":[{"href":"https:\/\/easo.eus\/es\/wp-json\/wp\/v2\/types\/page"}],"author":[{"embeddable":true,"href":"https:\/\/easo.eus\/es\/wp-json\/wp\/v2\/users\/1"}],"replies":[{"embeddable":true,"href":"https:\/\/easo.eus\/es\/wp-json\/wp\/v2\/comments?post=10004"}],"version-history":[{"count":7,"href":"https:\/\/easo.eus\/es\/wp-json\/wp\/v2\/pages\/10004\/revisions"}],"predecessor-version":[{"id":10323,"href":"https:\/\/easo.eus\/es\/wp-json\/wp\/v2\/pages\/10004\/revisions\/10323"}],"up":[{"embeddable":true,"href":"https:\/\/easo.eus\/es\/wp-json\/wp\/v2\/pages\/9992"}],"wp:attachment":[{"href":"https:\/\/easo.eus\/es\/wp-json\/wp\/v2\/media?parent=10004"}],"curies":[{"name":"wp","href":"https:\/\/api.w.org\/{rel}","templated":true}]}}