{"id":10021,"date":"2025-10-27T15:54:19","date_gmt":"2025-10-27T14:54:19","guid":{"rendered":"https:\/\/easo.eus\/easoconectar-antiguos-alumnos\/"},"modified":"2026-01-08T16:18:10","modified_gmt":"2026-01-08T15:18:10","slug":"easoconectar-antiguos-alumnos","status":"publish","type":"page","link":"https:\/\/easo.eus\/es\/easoconectar-antiguos-alumnos\/","title":{"rendered":"EASOkonektatu \u2013 Antiguos\/as alumnos\/as"},"content":{"rendered":"<section class=\"l-section wpb_row height_auto\"><div class=\"l-section-h i-cf\"><div class=\"g-cols vc_row via_flex valign_top type_default stacking_default\"><div class=\"vc_col-sm-8 wpb_column vc_column_container\"><div class=\"vc_column-inner us_custom_d3ededae\"><div class=\"wpb_wrapper\"><div class=\"w-separator size_large\"><\/div><h1 class=\"w-post-elm post_title entry-title color_link_inherit\">EASOkonektatu \u2013 Antiguos\/as alumnos\/as<\/h1><div class=\"wpb_text_column\"><div class=\"wpb_wrapper\"><h2><span style=\"font-weight: 400;\">Antiguos\/as alumnos\/as de Easo Politeknikoa<\/span><\/h2>\n<\/div><\/div><div class=\"w-separator size_medium\"><\/div><div class=\"wpb_text_column\"><div class=\"wpb_wrapper\"><p><span style=\"font-weight: 400;\">Todas las personas que han sido estudiantes de Easo Politeknikoa forman parte de nuestra comunidad.<\/span><span style=\"font-weight: 400;\"><br \/>\n<\/span><span style=\"font-weight: 400;\"> A trav\u00e9s de EASOkonektatu queremos mantener el v\u00ednculo con nuestro alumnado egresado, una conexi\u00f3n que no queremos perder y que deseamos seguir fortaleciendo a lo largo del tiempo.<\/span><\/p>\n<p><span style=\"font-weight: 400;\">Nuestro objetivo es crear una red viva que vaya m\u00e1s all\u00e1 de la etapa formativa, un espacio donde la formaci\u00f3n, el empleo, la innovaci\u00f3n y el emprendimiento se entrelacen. Por ello, ofrecemos a nuestros\/as antiguos\/as alumnos\/as diferentes servicios y oportunidades:<\/span><\/p>\n<ul>\n<li style=\"font-weight: 400;\" aria-level=\"1\"><b>Bolsa de empleo y contactos profesionales<\/b><span style=\"font-weight: 400;\">, actuando como puente con las empresas que forman parte de nuestra comunidad. (Enlazado con Bolsa de Trabajo)<\/span><span style=\"font-weight: 400;\"><br \/>\n<\/span><\/li>\n<li style=\"font-weight: 400;\" aria-level=\"1\"><b>Apoyo al emprendimiento<\/b><span style=\"font-weight: 400;\"> a trav\u00e9s del programa Urrats Bat, impulsando el desarrollo de nuevos proyectos. (Relacionado con Emprendizaje)<\/span><span style=\"font-weight: 400;\"><br \/>\n<\/span><\/li>\n<li style=\"font-weight: 400;\" aria-level=\"1\"><b>Participaci\u00f3n en iniciativas del centro<\/b>, como colaboradores\/as, ponentes o participantes. <span style=\"font-weight: 400;\"><br \/>\n<b><\/b><\/span><\/li>\n<li style=\"font-weight: 400;\" aria-level=\"1\"><span style=\"font-weight: 400;\"><b>Colaboraci\u00f3n en proyectos de innovaci\u00f3n<\/b>, aportando su experiencia y visi\u00f3n profesional.<\/span><\/li>\n<\/ul>\n<\/div><\/div><div class=\"w-separator size_medium\"><\/div><div class=\"wpb_text_column\"><div class=\"wpb_wrapper\"><p>Adem\u00e1s, queremos seguir conociendo la evoluci\u00f3n y trayectoria de nuestros\/as antiguos\/as alumnos\/as, mediante <b>encuestas y estudios<\/b> que nos ayuden a comprender su desarrollo acad\u00e9mico y profesional.<\/p>\n<p>EASOkonektatu nace para eso: mantener viva la conexi\u00f3n, seguir creciendo juntos\/as y fortalecer la gran comunidad de Easo Politeknikoa.<\/p>\n<\/div><\/div><div class=\"w-separator size_large\"><\/div><div class=\"w-separator size_large\"><\/div><\/div><\/div><\/div><div class=\"vc_col-sm-4 wpb_column vc_column_container\"><div class=\"vc_column-inner us_custom_33371075\"><div class=\"wpb_wrapper\"><div class=\"w-separator size_huge\"><\/div><div class=\"wpb_text_column us_custom_0c514c5e\"><div class=\"wpb_wrapper\"><h2><b>Sigue conectado\/a con la comunidad de Easo Politeknikoa.<\/b><\/h2>\n<\/div><\/div><div class=\"w-separator size_small\"><\/div><div class=\"w-btn-wrapper align_none\"><a class=\"w-btn us-btn-style_1 us_custom_2a735775 icon_atright\" target=\"_blank\" href=\"https:\/\/docs.google.com\/forms\/d\/e\/1FAIpQLSdhA7DHl4hoWWEChI3NUM6HwQlQi_RnlfSs5ucD1qRcI65i-g\/viewform?usp=sharing&amp;ouid=118184300914537366459\"><span class=\"w-btn-label\">Rellena el formulario y mant\u00e9n viva la conexi\u00f3n.<\/span><i class=\"fas fa-angle-right\"><\/i><\/a><\/div><div class=\"w-separator size_huge\"><\/div><div class=\"w-separator hide_on_tablets hide_on_mobiles size_huge\"><\/div><\/div><\/div><\/div><\/div><\/div><\/section><section class=\"l-section wpb_row us_custom_fcdbc898 height_auto width_full\"><div class=\"l-section-h i-cf\"><div class=\"g-cols vc_row via_flex valign_top type_default stacking_default\"><div class=\"vc_col-sm-12 wpb_column vc_column_container\"><div class=\"vc_column-inner\"><div class=\"wpb_wrapper\"><\/div><\/div><\/div><\/div><\/div><\/section>\n","protected":false},"excerpt":{"rendered":"EASOkonektatu \u2013 Antiguos\/as alumnos\/asAntiguos\/as alumnos\/as de Easo Politeknikoa Todas las personas que han sido estudiantes de Easo Politeknikoa forman parte de nuestra comunidad. A trav\u00e9s de EASOkonektatu queremos mantener el v\u00ednculo con nuestro alumnado egresado, una conexi\u00f3n que no queremos perder y que deseamos seguir fortaleciendo a lo largo del tiempo. Nuestro objetivo es crear...","protected":false},"author":1,"featured_media":0,"parent":0,"menu_order":0,"comment_status":"closed","ping_status":"closed","template":"","meta":{"_acf_changed":false,"footnotes":""},"class_list":["post-10021","page","type-page","status-publish","hentry"],"acf":[],"yoast_head":"<!-- This site is optimized with the Yoast SEO plugin v27.3 - https:\/\/yoast.com\/product\/yoast-seo-wordpress\/ -->\n<title>EASOkonektatu \u2013 Antiguos\/as alumnos\/as - Easo Politeknikoa<\/title>\n<meta name=\"robots\" content=\"index, follow, max-snippet:-1, max-image-preview:large, max-video-preview:-1\" \/>\n<link rel=\"canonical\" href=\"https:\/\/easo.eus\/es\/easoconectar-antiguos-alumnos\/\" \/>\n<meta property=\"og:locale\" content=\"es_ES\" \/>\n<meta property=\"og:type\" content=\"article\" \/>\n<meta property=\"og:title\" content=\"EASOkonektatu \u2013 Antiguos\/as alumnos\/as - Easo Politeknikoa\" \/>\n<meta property=\"og:url\" content=\"https:\/\/easo.eus\/es\/easoconectar-antiguos-alumnos\/\" \/>\n<meta property=\"og:site_name\" content=\"Easo Politeknikoa\" \/>\n<meta property=\"article:publisher\" content=\"https:\/\/www.facebook.com\/people\/CIFP-EASO-Politeknikoa-LHII\/100069039060131\/\" \/>\n<meta property=\"article:modified_time\" content=\"2026-01-08T15:18:10+00:00\" \/>\n<meta property=\"og:image\" content=\"https:\/\/easo.eus\/wp-content\/uploads\/2025\/05\/layout_set_logo.png\" \/>\n\t<meta property=\"og:image:width\" content=\"2033\" \/>\n\t<meta property=\"og:image:height\" content=\"488\" \/>\n\t<meta property=\"og:image:type\" content=\"image\/png\" \/>\n<meta name=\"twitter:card\" content=\"summary_large_image\" \/>\n<meta name=\"twitter:label1\" content=\"Tiempo de lectura\" \/>\n\t<meta name=\"twitter:data1\" content=\"3 minutos\" \/>\n<script type=\"application\/ld+json\" class=\"yoast-schema-graph\">{\"@context\":\"https:\\\/\\\/schema.org\",\"@graph\":[{\"@type\":\"WebPage\",\"@id\":\"https:\\\/\\\/easo.eus\\\/es\\\/easoconectar-antiguos-alumnos\\\/\",\"url\":\"https:\\\/\\\/easo.eus\\\/es\\\/easoconectar-antiguos-alumnos\\\/\",\"name\":\"EASOkonektatu \u2013 Antiguos\\\/as alumnos\\\/as - Easo Politeknikoa\",\"isPartOf\":{\"@id\":\"https:\\\/\\\/easo.eus\\\/es\\\/#website\"},\"datePublished\":\"2025-10-27T14:54:19+00:00\",\"dateModified\":\"2026-01-08T15:18:10+00:00\",\"breadcrumb\":{\"@id\":\"https:\\\/\\\/easo.eus\\\/es\\\/easoconectar-antiguos-alumnos\\\/#breadcrumb\"},\"inLanguage\":\"es\",\"potentialAction\":[{\"@type\":\"ReadAction\",\"target\":[\"https:\\\/\\\/easo.eus\\\/es\\\/easoconectar-antiguos-alumnos\\\/\"]}]},{\"@type\":\"BreadcrumbList\",\"@id\":\"https:\\\/\\\/easo.eus\\\/es\\\/easoconectar-antiguos-alumnos\\\/#breadcrumb\",\"itemListElement\":[{\"@type\":\"ListItem\",\"position\":1,\"name\":\"Home\",\"item\":\"https:\\\/\\\/easo.eus\\\/es\\\/hasiera\\\/\"},{\"@type\":\"ListItem\",\"position\":2,\"name\":\"EASOkonektatu \u2013 Antiguos\\\/as alumnos\\\/as\"}]},{\"@type\":\"WebSite\",\"@id\":\"https:\\\/\\\/easo.eus\\\/es\\\/#website\",\"url\":\"https:\\\/\\\/easo.eus\\\/es\\\/\",\"name\":\"Easo Politeknikoa\",\"description\":\"\",\"publisher\":{\"@id\":\"https:\\\/\\\/easo.eus\\\/es\\\/#organization\"},\"potentialAction\":[{\"@type\":\"SearchAction\",\"target\":{\"@type\":\"EntryPoint\",\"urlTemplate\":\"https:\\\/\\\/easo.eus\\\/es\\\/?s={search_term_string}\"},\"query-input\":{\"@type\":\"PropertyValueSpecification\",\"valueRequired\":true,\"valueName\":\"search_term_string\"}}],\"inLanguage\":\"es\"},{\"@type\":\"Organization\",\"@id\":\"https:\\\/\\\/easo.eus\\\/es\\\/#organization\",\"name\":\"Easo Politeknikoa\",\"url\":\"https:\\\/\\\/easo.eus\\\/es\\\/\",\"logo\":{\"@type\":\"ImageObject\",\"inLanguage\":\"es\",\"@id\":\"https:\\\/\\\/easo.eus\\\/es\\\/#\\\/schema\\\/logo\\\/image\\\/\",\"url\":\"https:\\\/\\\/easo.eus\\\/wp-content\\\/uploads\\\/2025\\\/05\\\/layout_set_logo.png\",\"contentUrl\":\"https:\\\/\\\/easo.eus\\\/wp-content\\\/uploads\\\/2025\\\/05\\\/layout_set_logo.png\",\"width\":2033,\"height\":488,\"caption\":\"Easo Politeknikoa\"},\"image\":{\"@id\":\"https:\\\/\\\/easo.eus\\\/es\\\/#\\\/schema\\\/logo\\\/image\\\/\"},\"sameAs\":[\"https:\\\/\\\/www.facebook.com\\\/people\\\/CIFP-EASO-Politeknikoa-LHII\\\/100069039060131\\\/\",\"https:\\\/\\\/www.instagram.com\\\/easopolitek\\\/\"]}]}<\/script>\n<!-- \/ Yoast SEO plugin. -->","yoast_head_json":{"title":"EASOkonektatu \u2013 Antiguos\/as alumnos\/as - Easo Politeknikoa","robots":{"index":"index","follow":"follow","max-snippet":"max-snippet:-1","max-image-preview":"max-image-preview:large","max-video-preview":"max-video-preview:-1"},"canonical":"https:\/\/easo.eus\/es\/easoconectar-antiguos-alumnos\/","og_locale":"es_ES","og_type":"article","og_title":"EASOkonektatu \u2013 Antiguos\/as alumnos\/as - Easo Politeknikoa","og_url":"https:\/\/easo.eus\/es\/easoconectar-antiguos-alumnos\/","og_site_name":"Easo Politeknikoa","article_publisher":"https:\/\/www.facebook.com\/people\/CIFP-EASO-Politeknikoa-LHII\/100069039060131\/","article_modified_time":"2026-01-08T15:18:10+00:00","og_image":[{"width":2033,"height":488,"url":"https:\/\/easo.eus\/wp-content\/uploads\/2025\/05\/layout_set_logo.png","type":"image\/png"}],"twitter_card":"summary_large_image","twitter_misc":{"Tiempo de lectura":"3 minutos"},"schema":{"@context":"https:\/\/schema.org","@graph":[{"@type":"WebPage","@id":"https:\/\/easo.eus\/es\/easoconectar-antiguos-alumnos\/","url":"https:\/\/easo.eus\/es\/easoconectar-antiguos-alumnos\/","name":"EASOkonektatu \u2013 Antiguos\/as alumnos\/as - Easo Politeknikoa","isPartOf":{"@id":"https:\/\/easo.eus\/es\/#website"},"datePublished":"2025-10-27T14:54:19+00:00","dateModified":"2026-01-08T15:18:10+00:00","breadcrumb":{"@id":"https:\/\/easo.eus\/es\/easoconectar-antiguos-alumnos\/#breadcrumb"},"inLanguage":"es","potentialAction":[{"@type":"ReadAction","target":["https:\/\/easo.eus\/es\/easoconectar-antiguos-alumnos\/"]}]},{"@type":"BreadcrumbList","@id":"https:\/\/easo.eus\/es\/easoconectar-antiguos-alumnos\/#breadcrumb","itemListElement":[{"@type":"ListItem","position":1,"name":"Home","item":"https:\/\/easo.eus\/es\/hasiera\/"},{"@type":"ListItem","position":2,"name":"EASOkonektatu \u2013 Antiguos\/as alumnos\/as"}]},{"@type":"WebSite","@id":"https:\/\/easo.eus\/es\/#website","url":"https:\/\/easo.eus\/es\/","name":"Easo Politeknikoa","description":"","publisher":{"@id":"https:\/\/easo.eus\/es\/#organization"},"potentialAction":[{"@type":"SearchAction","target":{"@type":"EntryPoint","urlTemplate":"https:\/\/easo.eus\/es\/?s={search_term_string}"},"query-input":{"@type":"PropertyValueSpecification","valueRequired":true,"valueName":"search_term_string"}}],"inLanguage":"es"},{"@type":"Organization","@id":"https:\/\/easo.eus\/es\/#organization","name":"Easo Politeknikoa","url":"https:\/\/easo.eus\/es\/","logo":{"@type":"ImageObject","inLanguage":"es","@id":"https:\/\/easo.eus\/es\/#\/schema\/logo\/image\/","url":"https:\/\/easo.eus\/wp-content\/uploads\/2025\/05\/layout_set_logo.png","contentUrl":"https:\/\/easo.eus\/wp-content\/uploads\/2025\/05\/layout_set_logo.png","width":2033,"height":488,"caption":"Easo Politeknikoa"},"image":{"@id":"https:\/\/easo.eus\/es\/#\/schema\/logo\/image\/"},"sameAs":["https:\/\/www.facebook.com\/people\/CIFP-EASO-Politeknikoa-LHII\/100069039060131\/","https:\/\/www.instagram.com\/easopolitek\/"]}]}},"_links":{"self":[{"href":"https:\/\/easo.eus\/es\/wp-json\/wp\/v2\/pages\/10021","targetHints":{"allow":["GET"]}}],"collection":[{"href":"https:\/\/easo.eus\/es\/wp-json\/wp\/v2\/pages"}],"about":[{"href":"https:\/\/easo.eus\/es\/wp-json\/wp\/v2\/types\/page"}],"author":[{"embeddable":true,"href":"https:\/\/easo.eus\/es\/wp-json\/wp\/v2\/users\/1"}],"replies":[{"embeddable":true,"href":"https:\/\/easo.eus\/es\/wp-json\/wp\/v2\/comments?post=10021"}],"version-history":[{"count":10,"href":"https:\/\/easo.eus\/es\/wp-json\/wp\/v2\/pages\/10021\/revisions"}],"predecessor-version":[{"id":10593,"href":"https:\/\/easo.eus\/es\/wp-json\/wp\/v2\/pages\/10021\/revisions\/10593"}],"wp:attachment":[{"href":"https:\/\/easo.eus\/es\/wp-json\/wp\/v2\/media?parent=10021"}],"curies":[{"name":"wp","href":"https:\/\/api.w.org\/{rel}","templated":true}]}}