{"id":10025,"date":"2025-06-25T14:52:38","date_gmt":"2025-06-25T13:52:38","guid":{"rendered":"https:\/\/easo.eus\/enpresak\/"},"modified":"2026-02-02T15:25:04","modified_gmt":"2026-02-02T14:25:04","slug":"empresas","status":"publish","type":"page","link":"https:\/\/easo.eus\/es\/empresas\/","title":{"rendered":"Empresas"},"content":{"rendered":"<section class=\"l-section wpb_row height_medium\"><div class=\"l-section-h i-cf\"><div class=\"g-cols vc_row via_flex valign_top type_default stacking_default\"><div class=\"vc_col-sm-12 wpb_column vc_column_container\"><div class=\"vc_column-inner\"><div class=\"wpb_wrapper\"><div class=\"wpb_text_column\"><div class=\"wpb_wrapper\"><h2><b>Formaci\u00f3n en empresa: DUAL general y DUAL avanzada<\/b><\/h2>\n<p><span style=\"font-weight: 400;\">La Formaci\u00f3n Profesional Dual se configura como un eje estrat\u00e9gico del nuevo modelo formativo, integrando de forma estructurada la participaci\u00f3n del tejido empresarial en los procesos de ense\u00f1anza-aprendizaje. Este modelo combina la formaci\u00f3n en el centro educativo con estancias formativas en la empresa, en una l\u00f3gica de corresponsabilidad, orientaci\u00f3n pr\u00e1ctica y mejora de la empleabilidad. <\/span><\/p>\n<p><span style=\"font-weight: 400;\">Existen dos modalidades:<\/span><\/p>\n<ul>\n<li style=\"font-weight: 400;\" aria-level=\"1\"><b>Dual general<\/b>: el alumnado realiza entre el 25\u202f% y el 35\u202f% de su formaci\u00f3n total en la empresa. Se orienta al conocimiento del entorno profesional, el desarrollo de competencias y el acompa\u00f1amiento formativo, bajo la tutela compartida entre el centro y la empresa.<\/li>\n<li style=\"font-weight: 400;\" aria-level=\"1\"><b>Dual avanzada<\/b>: el porcentaje de formaci\u00f3n en la empresa supera el 35\u202f% del total. Supone un compromiso m\u00e1s intenso por parte del centro y de la empresa, y conlleva una implicaci\u00f3n m\u00e1s directa del alumno o alumna en la actividad productiva. Esta modalidad puede incluir una relaci\u00f3n contractual y est\u00e1 orientada al desarrollo profundo del perfil profesional y la inserci\u00f3n directa en el mercado laboral.<\/li>\n<\/ul>\n<p><a href=\"https:\/\/www.fpeuskadiduala.eus\/\" target=\"_blank\" rel=\"noopener\"><span style=\"font-weight: 400;\">Informaci\u00f3n adicional: https:\/\/www.fpeuskadiduala.eus\/<\/span><\/a><\/p>\n<\/div><\/div><div class=\"w-separator size_small\"><\/div><div class=\"w-btn-wrapper align_none\"><a class=\"w-btn us-btn-style_1\" href=\"http:\/\/easo.eus\/kontaktua\/?kontaktua=idazkaritza-izapideak\"><span class=\"w-btn-label\">Contactar<\/span><\/a><\/div><\/div><\/div><\/div><\/div><\/div><\/section><section class=\"l-section wpb_row height_auto\"><div class=\"l-section-h i-cf\"><div class=\"g-cols vc_row via_flex valign_top type_default stacking_default\"><div class=\"vc_col-sm-6 wpb_column vc_column_container\"><div class=\"vc_column-inner\"><div class=\"wpb_wrapper\"><div class=\"w-image has_ratio align_none\"><div class=\"w-image-h\"><div style=\"padding-bottom:75%\"><\/div><img decoding=\"async\" width=\"1024\" height=\"683\" src=\"https:\/\/easo.eus\/wp-content\/uploads\/2026\/01\/Lan-poltsa2-1024x683.jpg\" class=\"attachment-large size-large\" alt=\"\" loading=\"lazy\" \/><\/div><\/div><div class=\"w-separator size_medium\"><\/div><\/div><\/div><\/div><div class=\"vc_col-sm-6 wpb_column vc_column_container\"><div class=\"vc_column-inner\"><div class=\"wpb_wrapper\"><div class=\"w-separator size_small\"><\/div><div class=\"wpb_text_column\"><div class=\"wpb_wrapper\"><h2><b>Bolsa de trabajo<\/b><\/h2>\n<p><b>Bolsa de Empleo de EASO Politeknikoa<\/b> es un punto de conexi\u00f3n estrat\u00e9gica entre nuestra comunidad formativa y el tejido empresarial. A trav\u00e9s de esta plataforma, las empresas pueden conocer los perfiles cualificados e innovadores de nuestro alumnado y exalumnado, as\u00ed como publicar sus ofertas de empleo.<\/p>\n<h2><\/h2>\n<\/div><\/div><div class=\"w-separator size_small\"><\/div><div class=\"w-btn-wrapper align_none\"><a class=\"w-btn us-btn-style_1\" href=\"https:\/\/easo.eus\/es\/alumnos\/bolsa-de-trabajo\/\"><span class=\"w-btn-label\">Conoce nuestra Bolsa de Empleo<\/span><\/a><\/div><div class=\"w-separator size_medium\"><\/div><\/div><\/div><\/div><\/div><\/div><\/section><section class=\"l-section wpb_row height_auto\"><div class=\"l-section-h i-cf\"><div class=\"g-cols vc_row via_flex valign_top type_default stacking_default\"><div class=\"vc_col-sm-6 wpb_column vc_column_container\"><div class=\"vc_column-inner\"><div class=\"wpb_wrapper\"><div class=\"w-separator size_medium\"><\/div><div class=\"wpb_text_column with_collapsible_content\" data-content-height=\"250px\"><div class=\"wpb_wrapper\"><h2><b>Grados A, B y C para empresas<\/b><\/h2>\n<p><b>Formaci\u00f3n Profesional flexible, acumulable y adaptada a las necesidades del tejido empresarial<\/b><\/p>\n<p><span style=\"font-weight: 400;\">El nuevo modelo de Formaci\u00f3n Profesional regulado<\/span> por el <b>Real Decreto 659\/2023<\/b>, <span style=\"font-weight: 400;\">de 18 de julio<\/span>, establece un <b>sistema modular, acumulable y progresivo<\/b>, <span style=\"font-weight: 400;\">dise\u00f1ado para responder a las necesidades de cualificaci\u00f3n de las personas y de las empresas a lo largo de toda su vida profesional.<\/span><\/p>\n<p>En <span style=\"font-weight: 400;\">Easo Politeknikoa<\/span>, <b>en colaboraci\u00f3n con empresas<\/b> y entidades sectoriales, ofrecemos la posibilidad de dise\u00f1ar acciones formativas a medida, adaptadas a las necesidades reales del mercado.<span style=\"font-weight: 400;\"><br \/>\n<\/span> Con grupos m\u00ednimos de <b>10 trabajadores<\/b>, es posible organizar formaciones espec\u00edficas para una empresa concreta o un conjunto de empresas del mismo sector:<\/p>\n<ul>\n<li style=\"font-weight: 400;\" aria-level=\"1\"><b>Grado A<\/b>: <span style=\"font-weight: 400;\">microacreditaciones o acreditaciones parciales de competencia.<\/span><\/li>\n<li style=\"font-weight: 400;\" aria-level=\"1\"><b>Grado B:<\/b> <span style=\"font-weight: 400;\">certificados de competencia con reconocimiento oficial.<\/span><\/li>\n<li style=\"font-weight: 400;\" aria-level=\"1\"><b>Grado C:<\/b> <span style=\"font-weight: 400;\">certificados profesionales completos con validez estatal.<\/span><\/li>\n<\/ul>\n<p><span style=\"font-weight: 400;\">Estos tres primeros niveles permiten<\/span> construir <b>itinerarios formativos flexibles y acumulables<\/b>, facilitando una <b>empleabilidad inmediata<\/b> y el reconocimiento de competencias adquiridas en contextos tanto formales como no formales.<span style=\"font-weight: 400;\"><br \/>\n<\/span> Adem\u00e1s, sientan las bases de una Formaci\u00f3n Profesional <b>m\u00e1s inclusiva, \u00e1gil y conectada con la realidad del mercado laboral.<\/b><\/p>\n<\/div><div class=\"toggle-links align_none\"><button class=\"collapsible-content-more\">Leer m\u00e1s<\/button><button class=\"collapsible-content-less\">Ver menos<\/button><\/div><\/div><div class=\"w-separator size_small\"><\/div><div class=\"w-btn-wrapper align_none\"><a class=\"w-btn us-btn-style_1\" href=\"https:\/\/easo.eus\/es\/gradua\/grados-abc\/\"><span class=\"w-btn-label\">Ver la oferta educativa de los grados A, B, C<\/span><\/a><\/div><div class=\"w-separator size_large\"><\/div><\/div><\/div><\/div><div class=\"vc_col-sm-6 wpb_column vc_column_container\"><div class=\"vc_column-inner\"><div class=\"wpb_wrapper\"><div class=\"w-image has_ratio align_none\"><div class=\"w-image-h\"><div style=\"padding-bottom:75%\"><\/div><img decoding=\"async\" width=\"1024\" height=\"682\" src=\"https:\/\/easo.eus\/wp-content\/uploads\/2025\/03\/623a2593_54216513113_o-1024x682.jpg\" class=\"attachment-large size-large\" alt=\"\" loading=\"lazy\" \/><\/div><\/div><div class=\"w-separator size_large\"><\/div><\/div><\/div><\/div><\/div><\/div><\/section>\n","protected":false},"excerpt":{"rendered":"Formaci\u00f3n en empresa: DUAL general y DUAL avanzada La Formaci\u00f3n Profesional Dual se configura como un eje estrat\u00e9gico del nuevo modelo formativo, integrando de forma estructurada la participaci\u00f3n del tejido empresarial en los procesos de ense\u00f1anza-aprendizaje. Este modelo combina la formaci\u00f3n en el centro educativo con estancias formativas en la empresa, en una l\u00f3gica de...","protected":false},"author":1,"featured_media":0,"parent":0,"menu_order":0,"comment_status":"closed","ping_status":"closed","template":"","meta":{"_acf_changed":false,"footnotes":""},"class_list":["post-10025","page","type-page","status-publish","hentry"],"acf":[],"yoast_head":"<!-- This site is optimized with the Yoast SEO plugin v27.3 - https:\/\/yoast.com\/product\/yoast-seo-wordpress\/ -->\n<title>Empresas - Easo Politeknikoa<\/title>\n<meta name=\"robots\" content=\"index, follow, max-snippet:-1, max-image-preview:large, max-video-preview:-1\" \/>\n<link rel=\"canonical\" href=\"https:\/\/easo.eus\/es\/empresas\/\" \/>\n<meta property=\"og:locale\" content=\"es_ES\" \/>\n<meta property=\"og:type\" content=\"article\" \/>\n<meta property=\"og:title\" content=\"Empresas - Easo Politeknikoa\" \/>\n<meta property=\"og:url\" content=\"https:\/\/easo.eus\/es\/empresas\/\" \/>\n<meta property=\"og:site_name\" content=\"Easo Politeknikoa\" \/>\n<meta property=\"article:publisher\" content=\"https:\/\/www.facebook.com\/people\/CIFP-EASO-Politeknikoa-LHII\/100069039060131\/\" \/>\n<meta property=\"article:modified_time\" content=\"2026-02-02T14:25:04+00:00\" \/>\n<meta property=\"og:image\" content=\"https:\/\/easo.eus\/wp-content\/uploads\/2025\/05\/layout_set_logo.png\" \/>\n\t<meta property=\"og:image:width\" content=\"2033\" \/>\n\t<meta property=\"og:image:height\" content=\"488\" \/>\n\t<meta property=\"og:image:type\" content=\"image\/png\" \/>\n<meta name=\"twitter:card\" content=\"summary_large_image\" \/>\n<meta name=\"twitter:label1\" content=\"Tiempo de lectura\" \/>\n\t<meta name=\"twitter:data1\" content=\"3 minutos\" \/>\n<script type=\"application\/ld+json\" class=\"yoast-schema-graph\">{\"@context\":\"https:\\\/\\\/schema.org\",\"@graph\":[{\"@type\":\"WebPage\",\"@id\":\"https:\\\/\\\/easo.eus\\\/es\\\/empresas\\\/\",\"url\":\"https:\\\/\\\/easo.eus\\\/es\\\/empresas\\\/\",\"name\":\"Empresas - Easo Politeknikoa\",\"isPartOf\":{\"@id\":\"https:\\\/\\\/easo.eus\\\/es\\\/#website\"},\"datePublished\":\"2025-06-25T13:52:38+00:00\",\"dateModified\":\"2026-02-02T14:25:04+00:00\",\"breadcrumb\":{\"@id\":\"https:\\\/\\\/easo.eus\\\/es\\\/empresas\\\/#breadcrumb\"},\"inLanguage\":\"es\",\"potentialAction\":[{\"@type\":\"ReadAction\",\"target\":[\"https:\\\/\\\/easo.eus\\\/es\\\/empresas\\\/\"]}]},{\"@type\":\"BreadcrumbList\",\"@id\":\"https:\\\/\\\/easo.eus\\\/es\\\/empresas\\\/#breadcrumb\",\"itemListElement\":[{\"@type\":\"ListItem\",\"position\":1,\"name\":\"Home\",\"item\":\"https:\\\/\\\/easo.eus\\\/es\\\/hasiera\\\/\"},{\"@type\":\"ListItem\",\"position\":2,\"name\":\"Empresas\"}]},{\"@type\":\"WebSite\",\"@id\":\"https:\\\/\\\/easo.eus\\\/es\\\/#website\",\"url\":\"https:\\\/\\\/easo.eus\\\/es\\\/\",\"name\":\"Easo Politeknikoa\",\"description\":\"\",\"publisher\":{\"@id\":\"https:\\\/\\\/easo.eus\\\/es\\\/#organization\"},\"potentialAction\":[{\"@type\":\"SearchAction\",\"target\":{\"@type\":\"EntryPoint\",\"urlTemplate\":\"https:\\\/\\\/easo.eus\\\/es\\\/?s={search_term_string}\"},\"query-input\":{\"@type\":\"PropertyValueSpecification\",\"valueRequired\":true,\"valueName\":\"search_term_string\"}}],\"inLanguage\":\"es\"},{\"@type\":\"Organization\",\"@id\":\"https:\\\/\\\/easo.eus\\\/es\\\/#organization\",\"name\":\"Easo Politeknikoa\",\"url\":\"https:\\\/\\\/easo.eus\\\/es\\\/\",\"logo\":{\"@type\":\"ImageObject\",\"inLanguage\":\"es\",\"@id\":\"https:\\\/\\\/easo.eus\\\/es\\\/#\\\/schema\\\/logo\\\/image\\\/\",\"url\":\"https:\\\/\\\/easo.eus\\\/wp-content\\\/uploads\\\/2025\\\/05\\\/layout_set_logo.png\",\"contentUrl\":\"https:\\\/\\\/easo.eus\\\/wp-content\\\/uploads\\\/2025\\\/05\\\/layout_set_logo.png\",\"width\":2033,\"height\":488,\"caption\":\"Easo Politeknikoa\"},\"image\":{\"@id\":\"https:\\\/\\\/easo.eus\\\/es\\\/#\\\/schema\\\/logo\\\/image\\\/\"},\"sameAs\":[\"https:\\\/\\\/www.facebook.com\\\/people\\\/CIFP-EASO-Politeknikoa-LHII\\\/100069039060131\\\/\",\"https:\\\/\\\/www.instagram.com\\\/easopolitek\\\/\"]}]}<\/script>\n<!-- \/ Yoast SEO plugin. -->","yoast_head_json":{"title":"Empresas - Easo Politeknikoa","robots":{"index":"index","follow":"follow","max-snippet":"max-snippet:-1","max-image-preview":"max-image-preview:large","max-video-preview":"max-video-preview:-1"},"canonical":"https:\/\/easo.eus\/es\/empresas\/","og_locale":"es_ES","og_type":"article","og_title":"Empresas - Easo Politeknikoa","og_url":"https:\/\/easo.eus\/es\/empresas\/","og_site_name":"Easo Politeknikoa","article_publisher":"https:\/\/www.facebook.com\/people\/CIFP-EASO-Politeknikoa-LHII\/100069039060131\/","article_modified_time":"2026-02-02T14:25:04+00:00","og_image":[{"width":2033,"height":488,"url":"https:\/\/easo.eus\/wp-content\/uploads\/2025\/05\/layout_set_logo.png","type":"image\/png"}],"twitter_card":"summary_large_image","twitter_misc":{"Tiempo de lectura":"3 minutos"},"schema":{"@context":"https:\/\/schema.org","@graph":[{"@type":"WebPage","@id":"https:\/\/easo.eus\/es\/empresas\/","url":"https:\/\/easo.eus\/es\/empresas\/","name":"Empresas - Easo Politeknikoa","isPartOf":{"@id":"https:\/\/easo.eus\/es\/#website"},"datePublished":"2025-06-25T13:52:38+00:00","dateModified":"2026-02-02T14:25:04+00:00","breadcrumb":{"@id":"https:\/\/easo.eus\/es\/empresas\/#breadcrumb"},"inLanguage":"es","potentialAction":[{"@type":"ReadAction","target":["https:\/\/easo.eus\/es\/empresas\/"]}]},{"@type":"BreadcrumbList","@id":"https:\/\/easo.eus\/es\/empresas\/#breadcrumb","itemListElement":[{"@type":"ListItem","position":1,"name":"Home","item":"https:\/\/easo.eus\/es\/hasiera\/"},{"@type":"ListItem","position":2,"name":"Empresas"}]},{"@type":"WebSite","@id":"https:\/\/easo.eus\/es\/#website","url":"https:\/\/easo.eus\/es\/","name":"Easo Politeknikoa","description":"","publisher":{"@id":"https:\/\/easo.eus\/es\/#organization"},"potentialAction":[{"@type":"SearchAction","target":{"@type":"EntryPoint","urlTemplate":"https:\/\/easo.eus\/es\/?s={search_term_string}"},"query-input":{"@type":"PropertyValueSpecification","valueRequired":true,"valueName":"search_term_string"}}],"inLanguage":"es"},{"@type":"Organization","@id":"https:\/\/easo.eus\/es\/#organization","name":"Easo Politeknikoa","url":"https:\/\/easo.eus\/es\/","logo":{"@type":"ImageObject","inLanguage":"es","@id":"https:\/\/easo.eus\/es\/#\/schema\/logo\/image\/","url":"https:\/\/easo.eus\/wp-content\/uploads\/2025\/05\/layout_set_logo.png","contentUrl":"https:\/\/easo.eus\/wp-content\/uploads\/2025\/05\/layout_set_logo.png","width":2033,"height":488,"caption":"Easo Politeknikoa"},"image":{"@id":"https:\/\/easo.eus\/es\/#\/schema\/logo\/image\/"},"sameAs":["https:\/\/www.facebook.com\/people\/CIFP-EASO-Politeknikoa-LHII\/100069039060131\/","https:\/\/www.instagram.com\/easopolitek\/"]}]}},"_links":{"self":[{"href":"https:\/\/easo.eus\/es\/wp-json\/wp\/v2\/pages\/10025","targetHints":{"allow":["GET"]}}],"collection":[{"href":"https:\/\/easo.eus\/es\/wp-json\/wp\/v2\/pages"}],"about":[{"href":"https:\/\/easo.eus\/es\/wp-json\/wp\/v2\/types\/page"}],"author":[{"embeddable":true,"href":"https:\/\/easo.eus\/es\/wp-json\/wp\/v2\/users\/1"}],"replies":[{"embeddable":true,"href":"https:\/\/easo.eus\/es\/wp-json\/wp\/v2\/comments?post=10025"}],"version-history":[{"count":26,"href":"https:\/\/easo.eus\/es\/wp-json\/wp\/v2\/pages\/10025\/revisions"}],"predecessor-version":[{"id":11055,"href":"https:\/\/easo.eus\/es\/wp-json\/wp\/v2\/pages\/10025\/revisions\/11055"}],"wp:attachment":[{"href":"https:\/\/easo.eus\/es\/wp-json\/wp\/v2\/media?parent=10025"}],"curies":[{"name":"wp","href":"https:\/\/api.w.org\/{rel}","templated":true}]}}