{"id":10036,"date":"2025-03-06T15:32:54","date_gmt":"2025-03-06T14:32:54","guid":{"rendered":"https:\/\/easo.eus\/idazkaritza\/"},"modified":"2026-02-06T08:33:27","modified_gmt":"2026-02-06T07:33:27","slug":"idazkaritza","status":"publish","type":"page","link":"https:\/\/easo.eus\/es\/idazkaritza\/","title":{"rendered":"Secretar\u00eda"},"content":{"rendered":"<section class=\"l-section wpb_row us_custom_ab0a0036 height_auto\"><div class=\"l-section-h i-cf\"><div class=\"g-cols vc_row via_flex valign_top type_default stacking_default\"><div class=\"vc_col-sm-12 wpb_column vc_column_container\"><div class=\"vc_column-inner\"><div class=\"wpb_wrapper\"><div class=\"w-separator size_medium\"><\/div><div class=\"wpb_text_column us_custom_df5f4c97 has_text_color\"><div class=\"wpb_wrapper\"><h1 style=\"text-align: center;\"><strong>Secretar\u00eda<\/strong><\/h1>\n<\/div><\/div><div class=\"w-separator size_small\"><\/div><div class=\"wpb_text_column us_custom_df5f4c97 has_text_color\"><div class=\"wpb_wrapper\"><h2 style=\"text-align: center;\"><strong>Convocatorias \/ Tramitaciones<\/strong><\/h2>\n<\/div><\/div><div class=\"w-separator size_large\"><\/div><div class=\"w-html us_custom_7d53de91\">    <div class=\"deialdiak\">\n                                <article class=\"kaja ez-aktibo\">\n\n                <p class=\"hilabetea\">Ex\u00e1menes en mayo<\/p>\n        \n                <h2>Pruebas acceso 2026<\/h2>\n                <p class=\"deialdiak__data\">\n                    19-01-2026 \/ 30-01-2026                <\/p>\n        \n                                     \n                    <div class=\"w-btn-wrapper align_none\"><a class=\"w-btn us-btn-style_7 estilo7-btn icon_atright\" target=\"_blank\" href=\"https:\/\/www.euskadi.eus\/informazioa\/heziketa-zikloetarako-sarbide-probak\/web01-a2hlanhz\/eu\/\"><span class=\"w-btn-label\">\u00a1Ap\u00fantate!<\/span><i class=\"fas fa-angle-right\"><\/i><\/a><\/div>\n                                \n                            <\/article>\n                                <article class=\"kaja \">\n\n                <p class=\"hilabetea\">20, 21, 22 y 23 de abril<\/p>\n        \n                <h2>Puertas abiertas 2026<\/h2>\n                <p class=\"deialdiak__data\">\n                    20-04-2026 \/ 23-04-2026                <\/p>\n        \n                                     \n                    <div class=\"w-btn-wrapper align_none\"><a class=\"w-btn us-btn-style_7 estilo7-btn icon_atright\" target=\"_blank\" href=\"https:\/\/easopoliteknikoa.simplybook.it\/v2\/\"><span class=\"w-btn-label\">Pide cita previa<\/span><i class=\"fas fa-angle-right\"><\/i><\/a><\/div>\n                                \n                            <\/article>\n                                <article class=\"kaja ez-aktibo\">\n\n                <p class=\"hilabetea\">Mayo<\/p>\n        \n                <h2>Prematr\u00edcula<\/h2>\n                <p class=\"deialdiak__data\">\n                    04-05-2026 \/ 22-05-2026                <\/p>\n        \n                                     \n                    <div class=\"w-btn-wrapper align_none\"><a class=\"w-btn us-btn-style_7 estilo7-btn icon_atright\" target=\"_blank\" href=\"https:\/\/ikasgunea.euskadi.eus\/es\/\"><span class=\"w-btn-label\">online<\/span><i class=\"fas fa-angle-right\"><\/i><\/a><\/div>\n                                \n                                     \n                    <div class=\"w-btn-wrapper align_none\"><a class=\"w-btn us-btn-style_7 estilo7-btn icon_atright\" target=\"_blank\" href=\"https:\/\/easo.eus\"><span class=\"w-btn-label\">presencial<\/span><i class=\"fas fa-angle-right\"><\/i><\/a><\/div>\n                            <\/article>\n            <\/div>\n<\/div><div class=\"w-separator size_small\"><\/div><\/div><\/div><\/div><\/div><\/div><\/section><section class=\"l-section wpb_row height_medium\"><div class=\"l-section-h i-cf\"><div class=\"g-cols vc_row via_flex valign_middle type_default stacking_default\"><div class=\"vc_col-sm-6 wpb_column vc_column_container\"><div class=\"vc_column-inner\"><div class=\"wpb_wrapper\"><div class=\"w-image align_none\"><div class=\"w-image-h\"><img decoding=\"async\" width=\"1024\" height=\"628\" src=\"https:\/\/easo.eus\/wp-content\/uploads\/2026\/01\/Easo-Politeknikoa-Idazkaritza-01-1024x628.jpg\" class=\"attachment-large size-large\" alt=\"\" loading=\"lazy\" srcset=\"https:\/\/easo.eus\/wp-content\/uploads\/2026\/01\/Easo-Politeknikoa-Idazkaritza-01-1024x628.jpg 1024w, https:\/\/easo.eus\/wp-content\/uploads\/2026\/01\/Easo-Politeknikoa-Idazkaritza-01-300x184.jpg 300w\" sizes=\"auto, (max-width: 1024px) 100vw, 1024px\" \/><\/div><\/div><\/div><\/div><\/div><div class=\"vc_col-sm-6 wpb_column vc_column_container\"><div class=\"vc_column-inner\"><div class=\"wpb_wrapper\"><div class=\"w-separator hide_on_default hide_on_laptops size_medium\"><\/div><div class=\"w-separator hide_on_default hide_on_laptops hide_on_tablets size_medium\"><\/div><div class=\"wpb_text_column us_custom_67b1fd64 has_text_color\"><div class=\"wpb_wrapper\"><h2 style=\"text-align: left;\"><strong>T\u00edtulos y certificaciones<\/strong><\/h2>\n<\/div><\/div><div class=\"w-separator size_small\"><\/div><div class=\"wpb_text_column\"><div class=\"wpb_wrapper\"><p>Si necesitas cualquier certificado (certificado acad\u00e9mico digital, certificado de matr\u00edcula, certificados de reconocimiento de los niveles B1 y B2 de euskera\u2026) y has finalizado tus estudios a partir del curso 2015\/16, puedes obtenerlos en la secretar\u00eda del centro o a trav\u00e9s de la plataforma Ikasgunea del Departamento de Educaci\u00f3n.<\/p>\n<p>La solicitud del t\u00edtulo puede realizarse en la secretar\u00eda del centro o a trav\u00e9s de la plataforma Ikasgunea.<\/p>\n<\/div><\/div><div class=\"w-separator size_small\"><\/div><div class=\"w-btn-wrapper align_none\"><a class=\"w-btn us-btn-style_9 ikasgunera-joan-btn icon_atright\" target=\"_blank\" href=\"https:\/\/ikasgunea.euskadi.eus\/es\/\"><span class=\"w-btn-label\">Ir a Ikasgune<\/span><i class=\"fas fa-arrow-right\"><\/i><\/a><\/div><div class=\"w-separator hide_on_default hide_on_laptops hide_on_tablets size_medium\"><\/div><div class=\"w-separator hide_on_default hide_on_laptops size_medium\"><\/div><\/div><\/div><\/div><\/div><\/div><\/section><section class=\"l-section wpb_row us_custom_2e912d79 height_medium color_alternate\"><div class=\"l-section-h i-cf\"><div class=\"g-cols vc_row via_flex valign_top type_default stacking_default\"><div class=\"vc_col-sm-6 wpb_column vc_column_container\"><div class=\"vc_column-inner\"><div class=\"wpb_wrapper\"><div class=\"w-separator size_small\"><\/div><div class=\"wpb_text_column us_custom_fb9fb27d has_text_color\"><div class=\"wpb_wrapper\"><h2 style=\"text-align: left;\"><strong>Horario de secretar\u00eda<\/strong><\/h2>\n<\/div><\/div><div class=\"w-separator size_small\"><\/div><div class=\"wpb_text_column us_custom_c2e8d971 has_text_color\"><div class=\"wpb_wrapper\"><p><strong>08:30-13:30 \/ 14:30-16:30<\/strong><br \/>\n(Viernes s\u00f3lo por la ma\u00f1ana)<br \/>\nJulio: <strong>8:30-14:00<\/strong><\/p>\n<\/div><\/div><div class=\"w-separator size_medium\"><\/div><div class=\"w-btn-wrapper align_none\"><a class=\"w-btn us-btn-style_2\" href=\"https:\/\/easo.eus\/es\/contacto\/?kontaktua=idazkaritza-izapideak\"><span class=\"w-btn-label\">Contactar<\/span><\/a><\/div><\/div><\/div><\/div><div class=\"vc_col-sm-6 wpb_column vc_column_container\"><div class=\"vc_column-inner\"><div class=\"wpb_wrapper\"><\/div><\/div><\/div><\/div><\/div><\/section>\n","protected":false},"excerpt":{"rendered":"Secretar\u00eda Convocatorias \/ Tramitaciones Ex\u00e1menes en mayo Pruebas acceso 2026 19-01-2026 \/ 30-01-2026 \u00a1Ap\u00fantate! 20, 21, 22 y 23 de abril Puertas abiertas 2026 20-04-2026 \/ 23-04-2026 Pide cita previa Mayo Prematr\u00edcula 04-05-2026 \/ 22-05-2026 online presencial T\u00edtulos y certificaciones Si necesitas cualquier certificado (certificado acad\u00e9mico digital, certificado de matr\u00edcula, certificados de reconocimiento de los...","protected":false},"author":1,"featured_media":0,"parent":0,"menu_order":0,"comment_status":"closed","ping_status":"closed","template":"","meta":{"_acf_changed":false,"footnotes":""},"class_list":["post-10036","page","type-page","status-publish","hentry"],"acf":[],"yoast_head":"<!-- This site is optimized with the Yoast SEO plugin v27.3 - https:\/\/yoast.com\/product\/yoast-seo-wordpress\/ -->\n<title>Secretar\u00eda - Easo Politeknikoa<\/title>\n<meta name=\"robots\" content=\"index, follow, max-snippet:-1, max-image-preview:large, max-video-preview:-1\" \/>\n<link rel=\"canonical\" href=\"https:\/\/easo.eus\/es\/idazkaritza\/\" \/>\n<meta property=\"og:locale\" content=\"es_ES\" \/>\n<meta property=\"og:type\" content=\"article\" \/>\n<meta property=\"og:title\" content=\"Secretar\u00eda - Easo Politeknikoa\" \/>\n<meta property=\"og:url\" content=\"https:\/\/easo.eus\/es\/idazkaritza\/\" \/>\n<meta property=\"og:site_name\" content=\"Easo Politeknikoa\" \/>\n<meta property=\"article:publisher\" content=\"https:\/\/www.facebook.com\/people\/CIFP-EASO-Politeknikoa-LHII\/100069039060131\/\" \/>\n<meta property=\"article:modified_time\" content=\"2026-02-06T07:33:27+00:00\" \/>\n<meta property=\"og:image\" content=\"https:\/\/easo.eus\/wp-content\/uploads\/2025\/05\/layout_set_logo.png\" \/>\n\t<meta property=\"og:image:width\" content=\"2033\" \/>\n\t<meta property=\"og:image:height\" content=\"488\" \/>\n\t<meta property=\"og:image:type\" content=\"image\/png\" \/>\n<meta name=\"twitter:card\" content=\"summary_large_image\" \/>\n<meta name=\"twitter:label1\" content=\"Tiempo de lectura\" \/>\n\t<meta name=\"twitter:data1\" content=\"3 minutos\" \/>\n<script type=\"application\/ld+json\" class=\"yoast-schema-graph\">{\"@context\":\"https:\\\/\\\/schema.org\",\"@graph\":[{\"@type\":\"WebPage\",\"@id\":\"https:\\\/\\\/easo.eus\\\/es\\\/idazkaritza\\\/\",\"url\":\"https:\\\/\\\/easo.eus\\\/es\\\/idazkaritza\\\/\",\"name\":\"Secretar\u00eda - Easo Politeknikoa\",\"isPartOf\":{\"@id\":\"https:\\\/\\\/easo.eus\\\/es\\\/#website\"},\"datePublished\":\"2025-03-06T14:32:54+00:00\",\"dateModified\":\"2026-02-06T07:33:27+00:00\",\"breadcrumb\":{\"@id\":\"https:\\\/\\\/easo.eus\\\/es\\\/idazkaritza\\\/#breadcrumb\"},\"inLanguage\":\"es\",\"potentialAction\":[{\"@type\":\"ReadAction\",\"target\":[\"https:\\\/\\\/easo.eus\\\/es\\\/idazkaritza\\\/\"]}]},{\"@type\":\"BreadcrumbList\",\"@id\":\"https:\\\/\\\/easo.eus\\\/es\\\/idazkaritza\\\/#breadcrumb\",\"itemListElement\":[{\"@type\":\"ListItem\",\"position\":1,\"name\":\"Home\",\"item\":\"https:\\\/\\\/easo.eus\\\/es\\\/hasiera\\\/\"},{\"@type\":\"ListItem\",\"position\":2,\"name\":\"Secretar\u00eda\"}]},{\"@type\":\"WebSite\",\"@id\":\"https:\\\/\\\/easo.eus\\\/es\\\/#website\",\"url\":\"https:\\\/\\\/easo.eus\\\/es\\\/\",\"name\":\"Easo Politeknikoa\",\"description\":\"\",\"publisher\":{\"@id\":\"https:\\\/\\\/easo.eus\\\/es\\\/#organization\"},\"potentialAction\":[{\"@type\":\"SearchAction\",\"target\":{\"@type\":\"EntryPoint\",\"urlTemplate\":\"https:\\\/\\\/easo.eus\\\/es\\\/?s={search_term_string}\"},\"query-input\":{\"@type\":\"PropertyValueSpecification\",\"valueRequired\":true,\"valueName\":\"search_term_string\"}}],\"inLanguage\":\"es\"},{\"@type\":\"Organization\",\"@id\":\"https:\\\/\\\/easo.eus\\\/es\\\/#organization\",\"name\":\"Easo Politeknikoa\",\"url\":\"https:\\\/\\\/easo.eus\\\/es\\\/\",\"logo\":{\"@type\":\"ImageObject\",\"inLanguage\":\"es\",\"@id\":\"https:\\\/\\\/easo.eus\\\/es\\\/#\\\/schema\\\/logo\\\/image\\\/\",\"url\":\"https:\\\/\\\/easo.eus\\\/wp-content\\\/uploads\\\/2025\\\/05\\\/layout_set_logo.png\",\"contentUrl\":\"https:\\\/\\\/easo.eus\\\/wp-content\\\/uploads\\\/2025\\\/05\\\/layout_set_logo.png\",\"width\":2033,\"height\":488,\"caption\":\"Easo Politeknikoa\"},\"image\":{\"@id\":\"https:\\\/\\\/easo.eus\\\/es\\\/#\\\/schema\\\/logo\\\/image\\\/\"},\"sameAs\":[\"https:\\\/\\\/www.facebook.com\\\/people\\\/CIFP-EASO-Politeknikoa-LHII\\\/100069039060131\\\/\",\"https:\\\/\\\/www.instagram.com\\\/easopolitek\\\/\"]}]}<\/script>\n<!-- \/ Yoast SEO plugin. -->","yoast_head_json":{"title":"Secretar\u00eda - Easo Politeknikoa","robots":{"index":"index","follow":"follow","max-snippet":"max-snippet:-1","max-image-preview":"max-image-preview:large","max-video-preview":"max-video-preview:-1"},"canonical":"https:\/\/easo.eus\/es\/idazkaritza\/","og_locale":"es_ES","og_type":"article","og_title":"Secretar\u00eda - Easo Politeknikoa","og_url":"https:\/\/easo.eus\/es\/idazkaritza\/","og_site_name":"Easo Politeknikoa","article_publisher":"https:\/\/www.facebook.com\/people\/CIFP-EASO-Politeknikoa-LHII\/100069039060131\/","article_modified_time":"2026-02-06T07:33:27+00:00","og_image":[{"width":2033,"height":488,"url":"https:\/\/easo.eus\/wp-content\/uploads\/2025\/05\/layout_set_logo.png","type":"image\/png"}],"twitter_card":"summary_large_image","twitter_misc":{"Tiempo de lectura":"3 minutos"},"schema":{"@context":"https:\/\/schema.org","@graph":[{"@type":"WebPage","@id":"https:\/\/easo.eus\/es\/idazkaritza\/","url":"https:\/\/easo.eus\/es\/idazkaritza\/","name":"Secretar\u00eda - Easo Politeknikoa","isPartOf":{"@id":"https:\/\/easo.eus\/es\/#website"},"datePublished":"2025-03-06T14:32:54+00:00","dateModified":"2026-02-06T07:33:27+00:00","breadcrumb":{"@id":"https:\/\/easo.eus\/es\/idazkaritza\/#breadcrumb"},"inLanguage":"es","potentialAction":[{"@type":"ReadAction","target":["https:\/\/easo.eus\/es\/idazkaritza\/"]}]},{"@type":"BreadcrumbList","@id":"https:\/\/easo.eus\/es\/idazkaritza\/#breadcrumb","itemListElement":[{"@type":"ListItem","position":1,"name":"Home","item":"https:\/\/easo.eus\/es\/hasiera\/"},{"@type":"ListItem","position":2,"name":"Secretar\u00eda"}]},{"@type":"WebSite","@id":"https:\/\/easo.eus\/es\/#website","url":"https:\/\/easo.eus\/es\/","name":"Easo Politeknikoa","description":"","publisher":{"@id":"https:\/\/easo.eus\/es\/#organization"},"potentialAction":[{"@type":"SearchAction","target":{"@type":"EntryPoint","urlTemplate":"https:\/\/easo.eus\/es\/?s={search_term_string}"},"query-input":{"@type":"PropertyValueSpecification","valueRequired":true,"valueName":"search_term_string"}}],"inLanguage":"es"},{"@type":"Organization","@id":"https:\/\/easo.eus\/es\/#organization","name":"Easo Politeknikoa","url":"https:\/\/easo.eus\/es\/","logo":{"@type":"ImageObject","inLanguage":"es","@id":"https:\/\/easo.eus\/es\/#\/schema\/logo\/image\/","url":"https:\/\/easo.eus\/wp-content\/uploads\/2025\/05\/layout_set_logo.png","contentUrl":"https:\/\/easo.eus\/wp-content\/uploads\/2025\/05\/layout_set_logo.png","width":2033,"height":488,"caption":"Easo Politeknikoa"},"image":{"@id":"https:\/\/easo.eus\/es\/#\/schema\/logo\/image\/"},"sameAs":["https:\/\/www.facebook.com\/people\/CIFP-EASO-Politeknikoa-LHII\/100069039060131\/","https:\/\/www.instagram.com\/easopolitek\/"]}]}},"_links":{"self":[{"href":"https:\/\/easo.eus\/es\/wp-json\/wp\/v2\/pages\/10036","targetHints":{"allow":["GET"]}}],"collection":[{"href":"https:\/\/easo.eus\/es\/wp-json\/wp\/v2\/pages"}],"about":[{"href":"https:\/\/easo.eus\/es\/wp-json\/wp\/v2\/types\/page"}],"author":[{"embeddable":true,"href":"https:\/\/easo.eus\/es\/wp-json\/wp\/v2\/users\/1"}],"replies":[{"embeddable":true,"href":"https:\/\/easo.eus\/es\/wp-json\/wp\/v2\/comments?post=10036"}],"version-history":[{"count":27,"href":"https:\/\/easo.eus\/es\/wp-json\/wp\/v2\/pages\/10036\/revisions"}],"predecessor-version":[{"id":11342,"href":"https:\/\/easo.eus\/es\/wp-json\/wp\/v2\/pages\/10036\/revisions\/11342"}],"wp:attachment":[{"href":"https:\/\/easo.eus\/es\/wp-json\/wp\/v2\/media?parent=10036"}],"curies":[{"name":"wp","href":"https:\/\/api.w.org\/{rel}","templated":true}]}}