{"id":10050,"date":"2025-02-18T11:58:45","date_gmt":"2025-02-18T10:58:45","guid":{"rendered":"https:\/\/easo.eus\/alumnos\/emprendimiento\/"},"modified":"2026-02-04T22:15:07","modified_gmt":"2026-02-04T21:15:07","slug":"emprendimiento","status":"publish","type":"page","link":"https:\/\/easo.eus\/es\/alumnos\/emprendimiento\/","title":{"rendered":"Emprendimiento"},"content":{"rendered":"<section class=\"l-section wpb_row us_custom_46a46cd1 height_auto color_alternate\"><div class=\"l-section-h i-cf\"><div class=\"g-cols vc_row via_flex valign_top type_default stacking_default\"><div class=\"vc_col-sm-6 wpb_column vc_column_container\"><div class=\"vc_column-inner us_custom_8417cf24\"><div class=\"wpb_wrapper\"><div class=\"w-separator size_large\"><\/div><div class=\"wpb_text_column us_custom_df5f4c97 has_text_color\"><div class=\"wpb_wrapper\"><h1>Emprendimiento<\/h1>\n<\/div><\/div><div class=\"w-separator size_small\"><\/div><div class=\"wpb_text_column us_custom_df5f4c97 read-more-white has_text_color with_collapsible_content\" data-content-height=\"400px\"><div class=\"wpb_wrapper\"><p>En Easo Politeknikoa damos un impulso estrat\u00e9gico al emprendimiento, el VI. En la direcci\u00f3n marcada por el plan. Creemos firmemente que los centros deben ser un espacio vivo para generar ideas, desarrollar iniciativas y hacerlas realidad.<\/p>\n<p>Nuestro compromiso es claro: promovemos la iniciativa, la creatividad y el liderazgo entre los estudiantes a trav\u00e9s de experiencias de aprendizaje significativas. Los programas y acciones en los que participamos permiten trabajar el emprendimiento de una manera pr\u00e1ctica, digital y cooperativa.<\/p>\n<p>Adem\u00e1s, el programa Urratsbat es para nosotros una herramienta de referencia que ofrece un apoyo integral para la puesta en marcha de proyectos de emprendimiento de los alumnos y alumnas. En el camino de pasar de ser un proyecto a convertirse en un negocio real, ofrecemos orientaci\u00f3n personalizada y recursos adecuados.<\/p>\n<p>Easo Politeknikoa es un centro educativo que fomenta el emprendimiento: formando actitudes emprendedoras, formamos futuros profesionales aut\u00f3nomos, transformadores y comprometidos.<\/p>\n<\/div><div class=\"toggle-links align_none\"><button class=\"collapsible-content-more\">Leer m\u00e1s<\/button><button class=\"collapsible-content-less\">Leer menos<\/button><\/div><\/div><div class=\"w-separator size_medium\"><\/div><div class=\"w-separator size_small\"><\/div><\/div><\/div><\/div><div class=\"vc_col-sm-6 wpb_column vc_column_container\"><div class=\"vc_column-inner\"><div class=\"wpb_wrapper\"><div class=\"w-image has_ratio align_none\"><div class=\"w-image-h\"><div style=\"padding-bottom:125%\"><\/div><img decoding=\"async\" width=\"1024\" height=\"683\" src=\"https:\/\/easo.eus\/wp-content\/uploads\/2026\/01\/ekintzailetza.jpg\" class=\"attachment-full size-full\" alt=\"\" loading=\"lazy\" \/><\/div><\/div><\/div><\/div><\/div><\/div><\/div><\/section><section class=\"l-section wpb_row us_custom_7837ef0b height_auto\"><div class=\"l-section-h i-cf\"><div class=\"g-cols vc_row via_flex valign_top type_default stacking_default\"><div class=\"vc_col-sm-12 wpb_column vc_column_container has_bg_color\"><div class=\"vc_column-inner us_custom_3cc86be0\"><div class=\"wpb_wrapper\"><div class=\"g-cols wpb_row us_custom_1fa4467a via_flex valign_middle type_default stacking_default\"><div class=\"vc_col-sm-12 wpb_column vc_column_container\"><div class=\"vc_column-inner us_custom_f58827be\"><div class=\"wpb_wrapper\"><div class=\"w-hwrapper valign_middle wrap align_left\" style=\"--hwrapper-gap:1.5rem\"><div class=\"w-image us_custom_b73d7d07 has_height align_right\"><div class=\"w-image-h\"><img decoding=\"async\" width=\"275\" height=\"268\" src=\"https:\/\/easo.eus\/wp-content\/uploads\/2026\/01\/logoa.jpg\" class=\"attachment-large size-large\" alt=\"\" loading=\"lazy\" \/><\/div><\/div><div class=\"wpb_text_column us_custom_89990a60 has_text_color\"><div class=\"wpb_wrapper\"><p>Programa Urratsbat<\/p>\n<\/div><\/div><\/div><\/div><\/div><\/div><\/div><div class=\"w-separator size_small\"><\/div><div class=\"w-tabs akordeoia-2 style_default switch_click accordion has_scrolling\" style=\"--sections-title-size:inherit\"><div class=\"w-tabs-sections titles-align_none icon_chevron cpos_right\"><div class=\"w-tabs-section active\" id=\"id75\"><button class=\"w-tabs-section-header active\" aria-controls=\"content-id75\" aria-expanded=\"true\"><div class=\"w-tabs-section-title\">\u00bfQu\u00e9 es Urratsbat?<\/div><div class=\"w-tabs-section-control\"><\/div><\/button><div  class=\"w-tabs-section-content\" id=\"content-id75\"><div class=\"w-tabs-section-content-h i-cf\"><div class=\"wpb_text_column\"><div class=\"wpb_wrapper\"><ul>\n<li>Es un programa para ayudar a los alumnos y las alumnas de FP a crear su propia empresa.<\/li>\n<li>El programa Urratsbat tiene como objetivo poner en valor todos los recursos, tanto humanos como t\u00e9cnicos, que el centro dispone para la creaci\u00f3n y puesta en marcha de proyectos empresariales.<\/li>\n<\/ul>\n<\/div><\/div><\/div><\/div><\/div><div class=\"w-tabs-section\" id=\"ced8\"><button class=\"w-tabs-section-header\" aria-controls=\"content-ced8\" aria-expanded=\"false\"><div class=\"w-tabs-section-title\">\u00bfPara qui\u00e9n es el programa?<\/div><div class=\"w-tabs-section-control\"><\/div><\/button><div  class=\"w-tabs-section-content\" id=\"content-ced8\"><div class=\"w-tabs-section-content-h i-cf\"><div class=\"wpb_text_column testuak-zerrendan\"><div class=\"wpb_wrapper\"><ul>\n<li><span style=\"font-weight: 400;\">Alumnado de Grados A, B, C, D y E de Formaci\u00f3n Profesional. <\/span><\/li>\n<li><span style=\"font-weight: 400;\">Ex-alumnos\/as del centro. <\/span><\/li>\n<li>Para cualquier persona que tenga relaci\u00f3n con el centro a trav\u00e9s de Certificados de Profesionalidad,\u00a0 cursos de formaci\u00f3n no reglada o no presencial.<\/li>\n<\/ul>\n<\/div><\/div><\/div><\/div><\/div><div class=\"w-tabs-section\" id=\"j700\"><button class=\"w-tabs-section-header\" aria-controls=\"content-j700\" aria-expanded=\"false\"><div class=\"w-tabs-section-title\">Desarrollo del proyecto<\/div><div class=\"w-tabs-section-control\"><\/div><\/button><div  class=\"w-tabs-section-content\" id=\"content-j700\"><div class=\"w-tabs-section-content-h i-cf\"><div class=\"g-cols wpb_row via_flex valign_top type_default stacking_default\"><div class=\"vc_col-sm-6 wpb_column vc_column_container\"><div class=\"vc_column-inner\"><div class=\"wpb_wrapper\"><div class=\"wpb_text_column testuak-zerrendan\"><div class=\"wpb_wrapper\"><ul>\n<li>Fomentar la cultura emprendedora mediante sesiones de sensibilizaci\u00f3n y el m\u00f3dulo PDI II. An\u00e1lisis y asesoramiento de estudios de viabilidad. Puesta en marcha y lanzamiento de la empresa. Tutorizaci\u00f3n y asesoramiento para poner en marcha ideas viables. Financiaci\u00f3n, estructuraci\u00f3n jur\u00eddica y subvenciones.<\/li>\n<li>Seguimiento de la empresa. Tutorizar el proyecto durante los meses posteriores a su puesta en marcha, comprobando el cumplimiento de los objetivos establecidos y resolviendo las dudas surgidas. Difundir y promocionar la web y plataforma Urratsbat Sarea.<\/li>\n<\/ul>\n<\/div><\/div><\/div><\/div><\/div><div class=\"vc_col-sm-6 wpb_column vc_column_container\"><div class=\"vc_column-inner\"><div class=\"wpb_wrapper\"><div class=\"w-image align_none\"><div class=\"w-image-h\"><img decoding=\"async\" width=\"615\" height=\"283\" src=\"https:\/\/easo.eus\/wp-content\/uploads\/2025\/03\/proiektuaren-garapena.png\" class=\"attachment-large size-large\" alt=\"proiektuaren garapena\" loading=\"lazy\" srcset=\"https:\/\/easo.eus\/wp-content\/uploads\/2025\/03\/proiektuaren-garapena.png 615w, https:\/\/easo.eus\/wp-content\/uploads\/2025\/03\/proiektuaren-garapena-300x138.png 300w\" sizes=\"auto, (max-width: 615px) 100vw, 615px\" \/><\/div><\/div><div class=\"w-hwrapper valign_top wrap align_justify\" style=\"--hwrapper-gap:0.2rem\"><div class=\"w-image us_custom_bc884114 align_none\"><div class=\"w-image-h\"><img decoding=\"async\" width=\"462\" height=\"309\" src=\"https:\/\/easo.eus\/wp-content\/uploads\/2025\/03\/tartas-viajeras.png\" class=\"attachment-large size-large\" alt=\"\" loading=\"lazy\" srcset=\"https:\/\/easo.eus\/wp-content\/uploads\/2025\/03\/tartas-viajeras.png 462w, https:\/\/easo.eus\/wp-content\/uploads\/2025\/03\/tartas-viajeras-300x201.png 300w\" sizes=\"auto, (max-width: 462px) 100vw, 462px\" \/><\/div><\/div><div class=\"w-image us_custom_bc884114 align_none\"><div class=\"w-image-h\"><img decoding=\"async\" width=\"337\" height=\"142\" src=\"https:\/\/easo.eus\/wp-content\/uploads\/2025\/03\/bideak.png\" class=\"attachment-large size-large\" alt=\"\" loading=\"lazy\" srcset=\"https:\/\/easo.eus\/wp-content\/uploads\/2025\/03\/bideak.png 337w, https:\/\/easo.eus\/wp-content\/uploads\/2025\/03\/bideak-300x126.png 300w\" sizes=\"auto, (max-width: 337px) 100vw, 337px\" \/><\/div><\/div><div class=\"w-image us_custom_bc884114 align_none\"><div class=\"w-image-h\"><img decoding=\"async\" width=\"244\" height=\"119\" src=\"https:\/\/easo.eus\/wp-content\/uploads\/2025\/03\/sakolino.png\" class=\"attachment-large size-large\" alt=\"\" loading=\"lazy\" \/><\/div><\/div><\/div><\/div><\/div><\/div><\/div><\/div><\/div><\/div><div class=\"w-tabs-section\" id=\"cabd\"><button class=\"w-tabs-section-header\" aria-controls=\"content-cabd\" aria-expanded=\"false\"><div class=\"w-tabs-section-title\">Informaci\u00f3n y presentaci\u00f3n de proyectos:<\/div><div class=\"w-tabs-section-control\"><\/div><\/button><div  class=\"w-tabs-section-content\" id=\"content-cabd\"><div class=\"w-tabs-section-content-h i-cf\"><div class=\"wpb_text_column\"><div class=\"wpb_wrapper\"><p><span style=\"font-weight: 400;\">Para m\u00e1s informaci\u00f3n contactar con el responsable Urratsbat del centro:<\/span><b> <\/b><\/p>\n<\/div><\/div><div class=\"w-separator size_small\"><\/div><div class=\"w-btn-wrapper align_none\"><a class=\"w-btn us-btn-style_7 estilo7-btn\" href=\"http:\/\/easo.eus\/es\/contacto\/\"><span class=\"w-btn-label\">Contactar<\/span><\/a><\/div><\/div><\/div><\/div><\/div><\/div><div class=\"w-separator size_large\"><\/div><div class=\"w-separator size_large\"><\/div><div class=\"g-cols wpb_row via_flex valign_top type_default stacking_default\" style=\"--additional-gap:2rem;\"><div class=\"vc_col-sm-6 wpb_column vc_column_container\"><div class=\"vc_column-inner\"><div class=\"wpb_wrapper\"><div class=\"wpb_text_column\"><div class=\"wpb_wrapper\"><h2>Contacta con el responsable de Urratsbat<\/h2>\n<\/div><\/div><div class=\"w-separator size_small\"><\/div><div class=\"w-btn-wrapper align_none\"><a class=\"w-btn us-btn-style_11 ikasgunera-joan-btn icon_atright\" href=\"http:\/\/easo.eus\/es\/contacto\/?kontaktua=ekintzailetza\"><span class=\"w-btn-label\">Contactar<\/span><i class=\"fas fa-arrow-right\"><\/i><\/a><\/div><div class=\"w-separator hide_on_default hide_on_laptops hide_on_tablets size_large\"><\/div><\/div><\/div><\/div><div class=\"vc_col-sm-6 wpb_column vc_column_container\"><div class=\"vc_column-inner\"><div class=\"wpb_wrapper\"><div class=\"w-image us_custom_cd53f7c6 align_left\"><div class=\"w-image-h\"><img decoding=\"async\" width=\"1024\" height=\"309\" src=\"https:\/\/easo.eus\/wp-content\/uploads\/2026\/01\/Logo-UrratsareaLOGOA-1024x309.png\" class=\"attachment-large size-large\" alt=\"\" loading=\"lazy\" srcset=\"https:\/\/easo.eus\/wp-content\/uploads\/2026\/01\/Logo-UrratsareaLOGOA-1024x309.png 1024w, https:\/\/easo.eus\/wp-content\/uploads\/2026\/01\/Logo-UrratsareaLOGOA-300x91.png 300w, https:\/\/easo.eus\/wp-content\/uploads\/2026\/01\/Logo-UrratsareaLOGOA.png 1919w\" sizes=\"auto, (max-width: 1024px) 100vw, 1024px\" \/><\/div><\/div><\/div><\/div><\/div><\/div><div class=\"g-cols wpb_row hide_on_default hide_on_laptops hide_on_tablets hide_on_mobiles via_flex valign_top type_default stacking_default\" style=\"--additional-gap:2rem;\"><div class=\"vc_col-sm-6 wpb_column vc_column_container\"><div class=\"vc_column-inner\"><div class=\"wpb_wrapper\"><div class=\"wpb_text_column\"><div class=\"wpb_wrapper\"><h2>Contacta con el responsable de Urratsbat<\/h2>\n<\/div><\/div><div class=\"w-separator size_small\"><\/div><div class=\"w-btn-wrapper align_none\"><a class=\"w-btn us-btn-style_11 ikasgunera-joan-btn icon_atright\" href=\"http:\/\/easo.eus\/es\/contacto\/?kontaktua=ekintzailetza\"><span class=\"w-btn-label\">Contactar<\/span><i class=\"fas fa-arrow-right\"><\/i><\/a><\/div><div class=\"w-separator hide_on_default hide_on_laptops hide_on_tablets size_large\"><\/div><\/div><\/div><\/div><div class=\"vc_col-sm-6 wpb_column vc_column_container\"><div class=\"vc_column-inner\"><div class=\"wpb_wrapper\"><div class=\"wpb_text_column\"><div class=\"wpb_wrapper\"><h2>Urratsbat Sarea programaren bitartez sortutako enpresen informazioa eskura daiteke.<\/h2>\n<\/div><\/div><div class=\"w-separator size_small\"><\/div><div class=\"w-btn-wrapper align_none\"><a class=\"w-btn us-btn-style_11 ikasgunera-joan-btn icon_atright\" href=\"#\"><span class=\"w-btn-label\">Red Urratsbat<\/span><i class=\"fas fa-arrow-right\"><\/i><\/a><\/div><\/div><\/div><\/div><\/div><div class=\"w-separator size_large\"><\/div><\/div><\/div><\/div><\/div><\/div><\/section>\n","protected":false},"excerpt":{"rendered":"Emprendimiento En Easo Politeknikoa damos un impulso estrat\u00e9gico al emprendimiento, el VI. En la direcci\u00f3n marcada por el plan. Creemos firmemente que los centros deben ser un espacio vivo para generar ideas, desarrollar iniciativas y hacerlas realidad. Nuestro compromiso es claro: promovemos la iniciativa, la creatividad y el liderazgo entre los estudiantes a trav\u00e9s de...","protected":false},"author":1,"featured_media":0,"parent":10043,"menu_order":0,"comment_status":"closed","ping_status":"closed","template":"","meta":{"_acf_changed":false,"footnotes":""},"class_list":["post-10050","page","type-page","status-publish","hentry"],"acf":[],"yoast_head":"<!-- This site is optimized with the Yoast SEO plugin v27.3 - https:\/\/yoast.com\/product\/yoast-seo-wordpress\/ -->\n<title>Emprendimiento - Easo Politeknikoa<\/title>\n<meta name=\"robots\" content=\"index, follow, max-snippet:-1, max-image-preview:large, max-video-preview:-1\" \/>\n<link rel=\"canonical\" href=\"https:\/\/easo.eus\/es\/alumnos\/emprendimiento\/\" \/>\n<meta property=\"og:locale\" content=\"es_ES\" \/>\n<meta property=\"og:type\" content=\"article\" \/>\n<meta property=\"og:title\" content=\"Emprendimiento - Easo Politeknikoa\" \/>\n<meta property=\"og:url\" content=\"https:\/\/easo.eus\/es\/alumnos\/emprendimiento\/\" \/>\n<meta property=\"og:site_name\" content=\"Easo Politeknikoa\" \/>\n<meta property=\"article:publisher\" content=\"https:\/\/www.facebook.com\/people\/CIFP-EASO-Politeknikoa-LHII\/100069039060131\/\" \/>\n<meta property=\"article:modified_time\" content=\"2026-02-04T21:15:07+00:00\" \/>\n<meta property=\"og:image\" content=\"https:\/\/easo.eus\/wp-content\/uploads\/2025\/05\/layout_set_logo.png\" \/>\n\t<meta property=\"og:image:width\" content=\"2033\" \/>\n\t<meta property=\"og:image:height\" content=\"488\" \/>\n\t<meta property=\"og:image:type\" content=\"image\/png\" \/>\n<meta name=\"twitter:card\" content=\"summary_large_image\" \/>\n<meta name=\"twitter:label1\" content=\"Tiempo de lectura\" \/>\n\t<meta name=\"twitter:data1\" content=\"3 minutos\" \/>\n<script type=\"application\/ld+json\" class=\"yoast-schema-graph\">{\"@context\":\"https:\\\/\\\/schema.org\",\"@graph\":[{\"@type\":\"WebPage\",\"@id\":\"https:\\\/\\\/easo.eus\\\/es\\\/alumnos\\\/emprendimiento\\\/\",\"url\":\"https:\\\/\\\/easo.eus\\\/es\\\/alumnos\\\/emprendimiento\\\/\",\"name\":\"Emprendimiento - Easo Politeknikoa\",\"isPartOf\":{\"@id\":\"https:\\\/\\\/easo.eus\\\/es\\\/#website\"},\"datePublished\":\"2025-02-18T10:58:45+00:00\",\"dateModified\":\"2026-02-04T21:15:07+00:00\",\"breadcrumb\":{\"@id\":\"https:\\\/\\\/easo.eus\\\/es\\\/alumnos\\\/emprendimiento\\\/#breadcrumb\"},\"inLanguage\":\"es\",\"potentialAction\":[{\"@type\":\"ReadAction\",\"target\":[\"https:\\\/\\\/easo.eus\\\/es\\\/alumnos\\\/emprendimiento\\\/\"]}]},{\"@type\":\"BreadcrumbList\",\"@id\":\"https:\\\/\\\/easo.eus\\\/es\\\/alumnos\\\/emprendimiento\\\/#breadcrumb\",\"itemListElement\":[{\"@type\":\"ListItem\",\"position\":1,\"name\":\"Home\",\"item\":\"https:\\\/\\\/easo.eus\\\/es\\\/hasiera\\\/\"},{\"@type\":\"ListItem\",\"position\":2,\"name\":\"Alumnado\",\"item\":\"https:\\\/\\\/easo.eus\\\/es\\\/alumnos\\\/\"},{\"@type\":\"ListItem\",\"position\":3,\"name\":\"Emprendimiento\"}]},{\"@type\":\"WebSite\",\"@id\":\"https:\\\/\\\/easo.eus\\\/es\\\/#website\",\"url\":\"https:\\\/\\\/easo.eus\\\/es\\\/\",\"name\":\"Easo Politeknikoa\",\"description\":\"\",\"publisher\":{\"@id\":\"https:\\\/\\\/easo.eus\\\/es\\\/#organization\"},\"potentialAction\":[{\"@type\":\"SearchAction\",\"target\":{\"@type\":\"EntryPoint\",\"urlTemplate\":\"https:\\\/\\\/easo.eus\\\/es\\\/?s={search_term_string}\"},\"query-input\":{\"@type\":\"PropertyValueSpecification\",\"valueRequired\":true,\"valueName\":\"search_term_string\"}}],\"inLanguage\":\"es\"},{\"@type\":\"Organization\",\"@id\":\"https:\\\/\\\/easo.eus\\\/es\\\/#organization\",\"name\":\"Easo Politeknikoa\",\"url\":\"https:\\\/\\\/easo.eus\\\/es\\\/\",\"logo\":{\"@type\":\"ImageObject\",\"inLanguage\":\"es\",\"@id\":\"https:\\\/\\\/easo.eus\\\/es\\\/#\\\/schema\\\/logo\\\/image\\\/\",\"url\":\"https:\\\/\\\/easo.eus\\\/wp-content\\\/uploads\\\/2025\\\/05\\\/layout_set_logo.png\",\"contentUrl\":\"https:\\\/\\\/easo.eus\\\/wp-content\\\/uploads\\\/2025\\\/05\\\/layout_set_logo.png\",\"width\":2033,\"height\":488,\"caption\":\"Easo Politeknikoa\"},\"image\":{\"@id\":\"https:\\\/\\\/easo.eus\\\/es\\\/#\\\/schema\\\/logo\\\/image\\\/\"},\"sameAs\":[\"https:\\\/\\\/www.facebook.com\\\/people\\\/CIFP-EASO-Politeknikoa-LHII\\\/100069039060131\\\/\",\"https:\\\/\\\/www.instagram.com\\\/easopolitek\\\/\"]}]}<\/script>\n<!-- \/ Yoast SEO plugin. -->","yoast_head_json":{"title":"Emprendimiento - Easo Politeknikoa","robots":{"index":"index","follow":"follow","max-snippet":"max-snippet:-1","max-image-preview":"max-image-preview:large","max-video-preview":"max-video-preview:-1"},"canonical":"https:\/\/easo.eus\/es\/alumnos\/emprendimiento\/","og_locale":"es_ES","og_type":"article","og_title":"Emprendimiento - Easo Politeknikoa","og_url":"https:\/\/easo.eus\/es\/alumnos\/emprendimiento\/","og_site_name":"Easo Politeknikoa","article_publisher":"https:\/\/www.facebook.com\/people\/CIFP-EASO-Politeknikoa-LHII\/100069039060131\/","article_modified_time":"2026-02-04T21:15:07+00:00","og_image":[{"width":2033,"height":488,"url":"https:\/\/easo.eus\/wp-content\/uploads\/2025\/05\/layout_set_logo.png","type":"image\/png"}],"twitter_card":"summary_large_image","twitter_misc":{"Tiempo de lectura":"3 minutos"},"schema":{"@context":"https:\/\/schema.org","@graph":[{"@type":"WebPage","@id":"https:\/\/easo.eus\/es\/alumnos\/emprendimiento\/","url":"https:\/\/easo.eus\/es\/alumnos\/emprendimiento\/","name":"Emprendimiento - Easo Politeknikoa","isPartOf":{"@id":"https:\/\/easo.eus\/es\/#website"},"datePublished":"2025-02-18T10:58:45+00:00","dateModified":"2026-02-04T21:15:07+00:00","breadcrumb":{"@id":"https:\/\/easo.eus\/es\/alumnos\/emprendimiento\/#breadcrumb"},"inLanguage":"es","potentialAction":[{"@type":"ReadAction","target":["https:\/\/easo.eus\/es\/alumnos\/emprendimiento\/"]}]},{"@type":"BreadcrumbList","@id":"https:\/\/easo.eus\/es\/alumnos\/emprendimiento\/#breadcrumb","itemListElement":[{"@type":"ListItem","position":1,"name":"Home","item":"https:\/\/easo.eus\/es\/hasiera\/"},{"@type":"ListItem","position":2,"name":"Alumnado","item":"https:\/\/easo.eus\/es\/alumnos\/"},{"@type":"ListItem","position":3,"name":"Emprendimiento"}]},{"@type":"WebSite","@id":"https:\/\/easo.eus\/es\/#website","url":"https:\/\/easo.eus\/es\/","name":"Easo Politeknikoa","description":"","publisher":{"@id":"https:\/\/easo.eus\/es\/#organization"},"potentialAction":[{"@type":"SearchAction","target":{"@type":"EntryPoint","urlTemplate":"https:\/\/easo.eus\/es\/?s={search_term_string}"},"query-input":{"@type":"PropertyValueSpecification","valueRequired":true,"valueName":"search_term_string"}}],"inLanguage":"es"},{"@type":"Organization","@id":"https:\/\/easo.eus\/es\/#organization","name":"Easo Politeknikoa","url":"https:\/\/easo.eus\/es\/","logo":{"@type":"ImageObject","inLanguage":"es","@id":"https:\/\/easo.eus\/es\/#\/schema\/logo\/image\/","url":"https:\/\/easo.eus\/wp-content\/uploads\/2025\/05\/layout_set_logo.png","contentUrl":"https:\/\/easo.eus\/wp-content\/uploads\/2025\/05\/layout_set_logo.png","width":2033,"height":488,"caption":"Easo Politeknikoa"},"image":{"@id":"https:\/\/easo.eus\/es\/#\/schema\/logo\/image\/"},"sameAs":["https:\/\/www.facebook.com\/people\/CIFP-EASO-Politeknikoa-LHII\/100069039060131\/","https:\/\/www.instagram.com\/easopolitek\/"]}]}},"_links":{"self":[{"href":"https:\/\/easo.eus\/es\/wp-json\/wp\/v2\/pages\/10050","targetHints":{"allow":["GET"]}}],"collection":[{"href":"https:\/\/easo.eus\/es\/wp-json\/wp\/v2\/pages"}],"about":[{"href":"https:\/\/easo.eus\/es\/wp-json\/wp\/v2\/types\/page"}],"author":[{"embeddable":true,"href":"https:\/\/easo.eus\/es\/wp-json\/wp\/v2\/users\/1"}],"replies":[{"embeddable":true,"href":"https:\/\/easo.eus\/es\/wp-json\/wp\/v2\/comments?post=10050"}],"version-history":[{"count":45,"href":"https:\/\/easo.eus\/es\/wp-json\/wp\/v2\/pages\/10050\/revisions"}],"predecessor-version":[{"id":11276,"href":"https:\/\/easo.eus\/es\/wp-json\/wp\/v2\/pages\/10050\/revisions\/11276"}],"up":[{"embeddable":true,"href":"https:\/\/easo.eus\/es\/wp-json\/wp\/v2\/pages\/10043"}],"wp:attachment":[{"href":"https:\/\/easo.eus\/es\/wp-json\/wp\/v2\/media?parent=10050"}],"curies":[{"name":"wp","href":"https:\/\/api.w.org\/{rel}","templated":true}]}}