{"id":10059,"date":"2025-06-09T11:30:19","date_gmt":"2025-06-09T10:30:19","guid":{"rendered":"https:\/\/easo.eus\/alumnos\/bienestar-emocional\/"},"modified":"2026-01-12T15:17:45","modified_gmt":"2026-01-12T14:17:45","slug":"bienestar-emocional","status":"publish","type":"page","link":"https:\/\/easo.eus\/es\/alumnos\/bienestar-emocional\/","title":{"rendered":"Bienestar emocional"},"content":{"rendered":"<section class=\"l-section wpb_row us_custom_6052c1d7 height_medium\"><div class=\"l-section-h i-cf\"><div class=\"g-cols vc_row via_flex valign_top type_default stacking_default\"><div class=\"vc_col-sm-6 wpb_column vc_column_container\"><div class=\"vc_column-inner\"><div class=\"wpb_wrapper\"><div class=\"w-separator size_large\"><\/div><h1 class=\"w-post-elm post_title entry-title color_link_inherit\">Bienestar emocional<\/h1><div class=\"wpb_text_column\"><div class=\"wpb_wrapper\"><p style=\"text-align: left;\">Dentro de la iniciativa <strong>EasoOngizate<\/strong>, con el objetivo de mejorar el bienestar emocional de nuestros alumnos, hemos creado una estrategia pionera en Easo Politeknikoa. Capacita al alumnado en la gesti\u00f3n de las emociones, influyendo en su bienestar futuro. <\/p>\n<\/div><\/div><div class=\"w-separator size_large\"><\/div><\/div><\/div><\/div><div class=\"vc_col-sm-6 wpb_column vc_column_container\"><div class=\"vc_column-inner\"><div class=\"wpb_wrapper\"><\/div><\/div><\/div><\/div><\/div><\/section><section class=\"l-section wpb_row us_custom_034c36b6 height_medium\"><div class=\"l-section-h i-cf\"><div class=\"g-cols vc_row via_flex valign_top type_default stacking_default\"><div class=\"vc_col-sm-6 wpb_column vc_column_container\"><div class=\"vc_column-inner\"><div class=\"wpb_wrapper\"><\/div><\/div><\/div><div class=\"vc_col-sm-6 wpb_column vc_column_container\"><div class=\"vc_column-inner\"><div class=\"wpb_wrapper\"><div class=\"w-separator size_large\"><\/div><div class=\"wpb_text_column\"><div class=\"wpb_wrapper\"><h2>Estrategia pionera en la formaci\u00f3n profesional<\/h2>\n<\/div><\/div><div class=\"w-separator size_small\"><\/div><div class=\"wpb_text_column\"><div class=\"wpb_wrapper\"><p align=\"left\">Nuestra misi\u00f3n es ser referentes en el entorno empresarial, as\u00ed como en la gesti\u00f3n emocional. Formamos a personas que van a aprovechar la sabidur\u00eda acumulada en futuros puestos de trabajo. Este personal ser\u00e1 un agente activo en la creaci\u00f3n de futuros entornos de trabajo emocionalmente m\u00e1s sostenibles.  <\/p>\n<\/div><\/div><div class=\"w-separator size_large\"><\/div><\/div><\/div><\/div><\/div><\/div><\/section><section class=\"l-section wpb_row us_custom_065ac99a height_medium\"><div class=\"l-section-h i-cf\"><div class=\"g-cols vc_row via_flex valign_top type_default stacking_default\"><div class=\"vc_col-sm-3 wpb_column vc_column_container\"><div class=\"vc_column-inner\"><div class=\"wpb_wrapper\"><div class=\"w-separator size_large\"><\/div><div class=\"wpb_text_column\"><div class=\"wpb_wrapper\"><h2 class=\"western\" style=\"text-align: left;\">Autocuidado de los alumnos e inteligencia emocional<\/h2>\n<\/div><\/div><div class=\"w-separator size_small\"><\/div><div class=\"wpb_text_column us_custom_f185ea82\"><div class=\"wpb_wrapper\"><p style=\"text-align: left;\" align=\"left\">El autocuidado y la inteligencia emocional con el alumnado es una herramienta pedag\u00f3gica y humana fundamental que tiene beneficios tanto a corto como a largo plazo.<\/p>\n<\/div><\/div><\/div><\/div><\/div><div class=\"vc_col-sm-9 wpb_column vc_column_container\"><div class=\"vc_column-inner\"><div class=\"wpb_wrapper\"><div class=\"w-image hide_on_mobiles align_center\"><div class=\"w-image-h\"><img decoding=\"async\" width=\"2560\" height=\"2138\" src=\"https:\/\/easo.eus\/wp-content\/uploads\/2025\/12\/infografia-gazt-desktop-scaled.png\" class=\"attachment-full size-full\" alt=\"\" loading=\"lazy\" srcset=\"https:\/\/easo.eus\/wp-content\/uploads\/2025\/12\/infografia-gazt-desktop-scaled.png 2560w, https:\/\/easo.eus\/wp-content\/uploads\/2025\/12\/infografia-gazt-desktop-300x251.png 300w, https:\/\/easo.eus\/wp-content\/uploads\/2025\/12\/infografia-gazt-desktop-1024x855.png 1024w\" sizes=\"auto, (max-width: 2560px) 100vw, 2560px\" \/><\/div><\/div><div class=\"w-image hide_on_default hide_on_laptops hide_on_tablets align_center\"><div class=\"w-image-h\"><img decoding=\"async\" width=\"623\" height=\"1024\" src=\"https:\/\/easo.eus\/wp-content\/uploads\/2025\/12\/infografia-gazt-mobile-03-623x1024.png\" class=\"attachment-large size-large\" alt=\"\" loading=\"lazy\" srcset=\"https:\/\/easo.eus\/wp-content\/uploads\/2025\/12\/infografia-gazt-mobile-03-623x1024.png 623w, https:\/\/easo.eus\/wp-content\/uploads\/2025\/12\/infografia-gazt-mobile-03-182x300.png 182w, https:\/\/easo.eus\/wp-content\/uploads\/2025\/12\/infografia-gazt-mobile-03-scaled.png 1557w\" sizes=\"auto, (max-width: 623px) 100vw, 623px\" \/><\/div><\/div><div class=\"w-separator size_small\"><\/div><div class=\"w-separator size_medium\"><\/div><\/div><\/div><\/div><\/div><\/div><\/section><section class=\"l-section wpb_row us_custom_343d6a47 height_medium\"><div class=\"l-section-h i-cf\"><div class=\"g-cols vc_row via_flex valign_middle type_default stacking_default\"><div class=\"vc_col-sm-8 wpb_column vc_column_container\"><div class=\"vc_column-inner us_custom_6430fa7d\"><div class=\"wpb_wrapper\"><div class=\"w-separator size_medium\"><\/div><div class=\"w-separator hide_on_default hide_on_laptops size_medium\"><\/div><div class=\"w-separator hide_on_default hide_on_laptops hide_on_tablets size_large\"><\/div><div class=\"wpb_text_column\"><div class=\"wpb_wrapper\"><h2>Premio Bienestar emocional en el \u00e1mbito educativo<\/h2>\n<\/div><\/div><div class=\"w-separator size_small\"><\/div><div class=\"wpb_text_column us_custom_47b1f20a\"><div class=\"wpb_wrapper\"><p align=\"left\">El a\u00f1o 2023 recibimos el primer premio de bienestar emocional del \u00e1mbito educativo \u201cBienestar Emocional en la Formaci\u00f3n Profesional de Euskadi. Bienestar Emocional\u201d<\/p>\n<\/div><\/div><\/div><\/div><\/div><div class=\"vc_col-sm-4 wpb_column vc_column_container\"><div class=\"vc_column-inner\"><div class=\"wpb_wrapper\"><div class=\"w-separator size_medium\"><\/div><div class=\"w-image align_none\"><a ref=\"magnificPopup\" href=\"https:\/\/easo.eus\/wp-content\/uploads\/2025\/06\/3.png\" aria-label=\"3\" class=\"w-image-h\"><img decoding=\"async\" width=\"694\" height=\"487\" src=\"https:\/\/easo.eus\/wp-content\/uploads\/2025\/06\/3.png\" class=\"attachment-large size-large\" alt=\"\" loading=\"lazy\" srcset=\"https:\/\/easo.eus\/wp-content\/uploads\/2025\/06\/3.png 694w, https:\/\/easo.eus\/wp-content\/uploads\/2025\/06\/3-300x211.png 300w\" sizes=\"auto, (max-width: 694px) 100vw, 694px\" \/><\/a><\/div><div class=\"w-separator hide_on_default hide_on_laptops size_medium\"><\/div><\/div><\/div><\/div><\/div><\/div><\/section><section class=\"l-section wpb_row us_custom_50f6de2b height_medium color_alternate\"><div class=\"l-section-h i-cf\"><div class=\"g-cols vc_row via_flex valign_top type_default stacking_default\"><div class=\"vc_col-sm-12 wpb_column vc_column_container\"><div class=\"vc_column-inner\"><div class=\"wpb_wrapper\"><div class=\"w-separator size_small\"><\/div><div class=\"wpb_text_column\"><div class=\"wpb_wrapper\"><h2 style=\"text-align: center;\" align=\"left\">Con este proyecto se pretende dotar al profesorado de herramientas para mejorar el bienestar emocional del alumnado a trav\u00e9s de un sitio web con recursos para trabajar el bienestar emocional en el aula.<\/h2>\n<\/div><\/div><div class=\"w-separator size_small\"><\/div><div class=\"w-btn-wrapper align_center\"><a class=\"w-btn us-btn-style_15\" target=\"_blank\" href=\"https:\/\/ongizate-emozionala.eus\"><span class=\"w-btn-label\">ir a la web<\/span><\/a><\/div><div class=\"w-separator size_small\"><\/div><\/div><\/div><\/div><\/div><\/div><\/section>\n","protected":false},"excerpt":{"rendered":"Bienestar emocionalDentro de la iniciativa EasoOngizate, con el objetivo de mejorar el bienestar emocional de nuestros alumnos, hemos creado una estrategia pionera en Easo Politeknikoa. Capacita al alumnado en la gesti\u00f3n de las emociones, influyendo en su bienestar futuro. Estrategia pionera en la formaci\u00f3n profesional Nuestra misi\u00f3n es ser referentes en el entorno empresarial, as\u00ed...","protected":false},"author":1,"featured_media":0,"parent":10043,"menu_order":0,"comment_status":"closed","ping_status":"closed","template":"","meta":{"_acf_changed":false,"footnotes":""},"class_list":["post-10059","page","type-page","status-publish","hentry"],"acf":[],"yoast_head":"<!-- This site is optimized with the Yoast SEO plugin v27.3 - https:\/\/yoast.com\/product\/yoast-seo-wordpress\/ -->\n<title>Bienestar emocional - Easo Politeknikoa<\/title>\n<meta name=\"robots\" content=\"index, follow, max-snippet:-1, max-image-preview:large, max-video-preview:-1\" \/>\n<link rel=\"canonical\" href=\"https:\/\/easo.eus\/es\/alumnos\/bienestar-emocional\/\" \/>\n<meta property=\"og:locale\" content=\"es_ES\" \/>\n<meta property=\"og:type\" content=\"article\" \/>\n<meta property=\"og:title\" content=\"Bienestar emocional - Easo Politeknikoa\" \/>\n<meta property=\"og:url\" content=\"https:\/\/easo.eus\/es\/alumnos\/bienestar-emocional\/\" \/>\n<meta property=\"og:site_name\" content=\"Easo Politeknikoa\" \/>\n<meta property=\"article:publisher\" content=\"https:\/\/www.facebook.com\/people\/CIFP-EASO-Politeknikoa-LHII\/100069039060131\/\" \/>\n<meta property=\"article:modified_time\" content=\"2026-01-12T14:17:45+00:00\" \/>\n<meta property=\"og:image\" content=\"https:\/\/easo.eus\/wp-content\/uploads\/2025\/05\/layout_set_logo.png\" \/>\n\t<meta property=\"og:image:width\" content=\"2033\" \/>\n\t<meta property=\"og:image:height\" content=\"488\" \/>\n\t<meta property=\"og:image:type\" content=\"image\/png\" \/>\n<meta name=\"twitter:card\" content=\"summary_large_image\" \/>\n<meta name=\"twitter:label1\" content=\"Tiempo de lectura\" \/>\n\t<meta name=\"twitter:data1\" content=\"5 minutos\" \/>\n<script type=\"application\/ld+json\" class=\"yoast-schema-graph\">{\"@context\":\"https:\\\/\\\/schema.org\",\"@graph\":[{\"@type\":\"WebPage\",\"@id\":\"https:\\\/\\\/easo.eus\\\/es\\\/alumnos\\\/bienestar-emocional\\\/\",\"url\":\"https:\\\/\\\/easo.eus\\\/es\\\/alumnos\\\/bienestar-emocional\\\/\",\"name\":\"Bienestar emocional - Easo Politeknikoa\",\"isPartOf\":{\"@id\":\"https:\\\/\\\/easo.eus\\\/es\\\/#website\"},\"datePublished\":\"2025-06-09T10:30:19+00:00\",\"dateModified\":\"2026-01-12T14:17:45+00:00\",\"breadcrumb\":{\"@id\":\"https:\\\/\\\/easo.eus\\\/es\\\/alumnos\\\/bienestar-emocional\\\/#breadcrumb\"},\"inLanguage\":\"es\",\"potentialAction\":[{\"@type\":\"ReadAction\",\"target\":[\"https:\\\/\\\/easo.eus\\\/es\\\/alumnos\\\/bienestar-emocional\\\/\"]}]},{\"@type\":\"BreadcrumbList\",\"@id\":\"https:\\\/\\\/easo.eus\\\/es\\\/alumnos\\\/bienestar-emocional\\\/#breadcrumb\",\"itemListElement\":[{\"@type\":\"ListItem\",\"position\":1,\"name\":\"Home\",\"item\":\"https:\\\/\\\/easo.eus\\\/es\\\/hasiera\\\/\"},{\"@type\":\"ListItem\",\"position\":2,\"name\":\"Alumnado\",\"item\":\"https:\\\/\\\/easo.eus\\\/es\\\/alumnos\\\/\"},{\"@type\":\"ListItem\",\"position\":3,\"name\":\"Bienestar emocional\"}]},{\"@type\":\"WebSite\",\"@id\":\"https:\\\/\\\/easo.eus\\\/es\\\/#website\",\"url\":\"https:\\\/\\\/easo.eus\\\/es\\\/\",\"name\":\"Easo Politeknikoa\",\"description\":\"\",\"publisher\":{\"@id\":\"https:\\\/\\\/easo.eus\\\/es\\\/#organization\"},\"potentialAction\":[{\"@type\":\"SearchAction\",\"target\":{\"@type\":\"EntryPoint\",\"urlTemplate\":\"https:\\\/\\\/easo.eus\\\/es\\\/?s={search_term_string}\"},\"query-input\":{\"@type\":\"PropertyValueSpecification\",\"valueRequired\":true,\"valueName\":\"search_term_string\"}}],\"inLanguage\":\"es\"},{\"@type\":\"Organization\",\"@id\":\"https:\\\/\\\/easo.eus\\\/es\\\/#organization\",\"name\":\"Easo Politeknikoa\",\"url\":\"https:\\\/\\\/easo.eus\\\/es\\\/\",\"logo\":{\"@type\":\"ImageObject\",\"inLanguage\":\"es\",\"@id\":\"https:\\\/\\\/easo.eus\\\/es\\\/#\\\/schema\\\/logo\\\/image\\\/\",\"url\":\"https:\\\/\\\/easo.eus\\\/wp-content\\\/uploads\\\/2025\\\/05\\\/layout_set_logo.png\",\"contentUrl\":\"https:\\\/\\\/easo.eus\\\/wp-content\\\/uploads\\\/2025\\\/05\\\/layout_set_logo.png\",\"width\":2033,\"height\":488,\"caption\":\"Easo Politeknikoa\"},\"image\":{\"@id\":\"https:\\\/\\\/easo.eus\\\/es\\\/#\\\/schema\\\/logo\\\/image\\\/\"},\"sameAs\":[\"https:\\\/\\\/www.facebook.com\\\/people\\\/CIFP-EASO-Politeknikoa-LHII\\\/100069039060131\\\/\",\"https:\\\/\\\/www.instagram.com\\\/easopolitek\\\/\"]}]}<\/script>\n<!-- \/ Yoast SEO plugin. -->","yoast_head_json":{"title":"Bienestar emocional - Easo Politeknikoa","robots":{"index":"index","follow":"follow","max-snippet":"max-snippet:-1","max-image-preview":"max-image-preview:large","max-video-preview":"max-video-preview:-1"},"canonical":"https:\/\/easo.eus\/es\/alumnos\/bienestar-emocional\/","og_locale":"es_ES","og_type":"article","og_title":"Bienestar emocional - Easo Politeknikoa","og_url":"https:\/\/easo.eus\/es\/alumnos\/bienestar-emocional\/","og_site_name":"Easo Politeknikoa","article_publisher":"https:\/\/www.facebook.com\/people\/CIFP-EASO-Politeknikoa-LHII\/100069039060131\/","article_modified_time":"2026-01-12T14:17:45+00:00","og_image":[{"width":2033,"height":488,"url":"https:\/\/easo.eus\/wp-content\/uploads\/2025\/05\/layout_set_logo.png","type":"image\/png"}],"twitter_card":"summary_large_image","twitter_misc":{"Tiempo de lectura":"5 minutos"},"schema":{"@context":"https:\/\/schema.org","@graph":[{"@type":"WebPage","@id":"https:\/\/easo.eus\/es\/alumnos\/bienestar-emocional\/","url":"https:\/\/easo.eus\/es\/alumnos\/bienestar-emocional\/","name":"Bienestar emocional - Easo Politeknikoa","isPartOf":{"@id":"https:\/\/easo.eus\/es\/#website"},"datePublished":"2025-06-09T10:30:19+00:00","dateModified":"2026-01-12T14:17:45+00:00","breadcrumb":{"@id":"https:\/\/easo.eus\/es\/alumnos\/bienestar-emocional\/#breadcrumb"},"inLanguage":"es","potentialAction":[{"@type":"ReadAction","target":["https:\/\/easo.eus\/es\/alumnos\/bienestar-emocional\/"]}]},{"@type":"BreadcrumbList","@id":"https:\/\/easo.eus\/es\/alumnos\/bienestar-emocional\/#breadcrumb","itemListElement":[{"@type":"ListItem","position":1,"name":"Home","item":"https:\/\/easo.eus\/es\/hasiera\/"},{"@type":"ListItem","position":2,"name":"Alumnado","item":"https:\/\/easo.eus\/es\/alumnos\/"},{"@type":"ListItem","position":3,"name":"Bienestar emocional"}]},{"@type":"WebSite","@id":"https:\/\/easo.eus\/es\/#website","url":"https:\/\/easo.eus\/es\/","name":"Easo Politeknikoa","description":"","publisher":{"@id":"https:\/\/easo.eus\/es\/#organization"},"potentialAction":[{"@type":"SearchAction","target":{"@type":"EntryPoint","urlTemplate":"https:\/\/easo.eus\/es\/?s={search_term_string}"},"query-input":{"@type":"PropertyValueSpecification","valueRequired":true,"valueName":"search_term_string"}}],"inLanguage":"es"},{"@type":"Organization","@id":"https:\/\/easo.eus\/es\/#organization","name":"Easo Politeknikoa","url":"https:\/\/easo.eus\/es\/","logo":{"@type":"ImageObject","inLanguage":"es","@id":"https:\/\/easo.eus\/es\/#\/schema\/logo\/image\/","url":"https:\/\/easo.eus\/wp-content\/uploads\/2025\/05\/layout_set_logo.png","contentUrl":"https:\/\/easo.eus\/wp-content\/uploads\/2025\/05\/layout_set_logo.png","width":2033,"height":488,"caption":"Easo Politeknikoa"},"image":{"@id":"https:\/\/easo.eus\/es\/#\/schema\/logo\/image\/"},"sameAs":["https:\/\/www.facebook.com\/people\/CIFP-EASO-Politeknikoa-LHII\/100069039060131\/","https:\/\/www.instagram.com\/easopolitek\/"]}]}},"_links":{"self":[{"href":"https:\/\/easo.eus\/es\/wp-json\/wp\/v2\/pages\/10059","targetHints":{"allow":["GET"]}}],"collection":[{"href":"https:\/\/easo.eus\/es\/wp-json\/wp\/v2\/pages"}],"about":[{"href":"https:\/\/easo.eus\/es\/wp-json\/wp\/v2\/types\/page"}],"author":[{"embeddable":true,"href":"https:\/\/easo.eus\/es\/wp-json\/wp\/v2\/users\/1"}],"replies":[{"embeddable":true,"href":"https:\/\/easo.eus\/es\/wp-json\/wp\/v2\/comments?post=10059"}],"version-history":[{"count":26,"href":"https:\/\/easo.eus\/es\/wp-json\/wp\/v2\/pages\/10059\/revisions"}],"predecessor-version":[{"id":10699,"href":"https:\/\/easo.eus\/es\/wp-json\/wp\/v2\/pages\/10059\/revisions\/10699"}],"up":[{"embeddable":true,"href":"https:\/\/easo.eus\/es\/wp-json\/wp\/v2\/pages\/10043"}],"wp:attachment":[{"href":"https:\/\/easo.eus\/es\/wp-json\/wp\/v2\/media?parent=10059"}],"curies":[{"name":"wp","href":"https:\/\/api.w.org\/{rel}","templated":true}]}}