{"id":10079,"date":"2025-05-29T09:47:46","date_gmt":"2025-05-29T08:47:46","guid":{"rendered":"https:\/\/easo.eus\/metodologia\/"},"modified":"2026-02-04T22:09:49","modified_gmt":"2026-02-04T21:09:49","slug":"metodologia","status":"publish","type":"page","link":"https:\/\/easo.eus\/es\/metodologia\/","title":{"rendered":"Metodologia"},"content":{"rendered":"<section class=\"l-section wpb_row height_auto\"><div class=\"l-section-h i-cf\"><div class=\"g-cols vc_row via_flex valign_top type_default stacking_default\"><div class=\"vc_col-sm-6 wpb_column vc_column_container\"><div class=\"vc_column-inner us_custom_f57d82dc\"><div class=\"wpb_wrapper\"><div class=\"w-separator size_large\"><\/div><div class=\"wpb_text_column us_custom_432d3f53\"><div class=\"wpb_wrapper\"><h1>Metodolog\u00edas innovadoras<\/h1>\n<p align=\"left\">Las metodolog\u00edas innovadoras son uno de los ejes de nuestra trayectoria educativa. En Easo Politeknikoa creemos en metodolog\u00edas activas y colaborativas de ense\u00f1anza-aprendizaje, y nuestro reto es conseguir una integraci\u00f3n significativa de las mismas en todos los ciclos y familias profesionales. Nuestro principal objetivo es que los estudiantes adquieran las competencias que son esenciales para el \u00e9xito en la vida personal y laboral, a la vez que desarrollan al m\u00e1ximo el talento y potencial de cada uno.<\/p>\n<\/div><\/div><div class=\"w-separator size_small\"><\/div><div class=\"w-separator size_medium\"><\/div><\/div><\/div><\/div><div class=\"vc_col-sm-6 wpb_column vc_column_container has_bg_color\"><div class=\"vc_column-inner us_custom_eb1bfb0a\"><div class=\"wpb_wrapper\"><div class=\"w-separator size_medium\"><\/div><div class=\"w-separator size_medium\"><\/div><div class=\"w-separator size_medium\"><\/div><div class=\"w-separator size_medium\"><\/div><div class=\"w-separator size_medium\"><\/div><div class=\"w-separator size_medium\"><\/div><div class=\"w-separator size_medium\"><\/div><div class=\"w-separator size_medium\"><\/div><div class=\"w-separator size_medium\"><\/div><\/div><\/div><\/div><\/div><\/div><\/section><section class=\"l-section wpb_row us_custom_4ebd179a height_auto\" id=\"ethazi\"><div class=\"l-section-h i-cf\"><div class=\"g-cols vc_row via_flex valign_top type_default stacking_default\"><div class=\"vc_col-sm-6 wpb_column vc_column_container\"><div class=\"vc_column-inner us_custom_47b1f20a\"><div class=\"wpb_wrapper\"><div class=\"w-separator size_large\"><\/div><div class=\"wpb_text_column us_custom_e83ffedf has_text_color\"><div class=\"wpb_wrapper\"><h2 align=\"left\"><b>Metodolog\u00eda Ethazi<\/b><\/h2>\n<p style=\"text-align: left;\" align=\"left\">EASO Politeknikoa, uno de los centros de referencia en Formaci\u00f3n Profesional ubicados en Donostia-San Sebasti\u00e1n, ha integrado en su proyecto curricular una metodolog\u00eda innovadora denominada ETHAZI (Ciclos de Alto Rendimiento), dentro de la innovaci\u00f3n estrat\u00e9gica del sistema educativo del Pa\u00eds Vasco. El centro est\u00e1 claramente comprometido con la formaci\u00f3n personal y profesional de sus alumnos para dar una respuesta eficaz a los nuevos retos del mundo laboral del siglo XXI.<\/p>\n<p align=\"left\">La metodolog\u00eda ETHAZI es un modelo que sit\u00faa retos reales en el centro del proceso de aprendizaje. Al alumnado se le plantean situaciones directamente vinculadas al desempe\u00f1o profesional cotidiano, que se transforman en retos a resolver mediante el trabajo en equipo. De este modo, adem\u00e1s de adquirir conocimientos t\u00e9cnicos espec\u00edficos, se impulsa el desarrollo de competencias transversales como la comunicaci\u00f3n, la colaboraci\u00f3n, la autonom\u00eda, la iniciativa y la responsabilidad.<\/p>\n<p align=\"left\">Asimismo, esta metodolog\u00eda basa el proceso de ense\u00f1anza-aprendizaje en la acci\u00f3n activa del alumno, mientras los profesores act\u00faan como gu\u00edas y orientadores. Se fomenta el aprendizaje colaborativo y el enfoque interdisciplinar, permitiendo la integraci\u00f3n entre los diferentes m\u00f3dulos del ciclo.<\/p>\n<p align=\"left\">En definitiva, a trav\u00e9s de ETHAZI se consigue un aprendizaje significativo e integral, convirtiendo al alumno en protagonista de su propio proceso de aprendizaje. De esta manera, EASO Politeknikoa ofrece una formaci\u00f3n de calidad, con profesionales adaptados a las exigencias del mundo laboral actual y futuro.<\/p>\n<\/div><\/div><div class=\"w-separator size_large\"><\/div><\/div><\/div><\/div><div class=\"vc_col-sm-6 wpb_column vc_column_container has_bg_color\"><div class=\"vc_column-inner us_custom_0efd3297\"><div class=\"wpb_wrapper\"><div class=\"w-separator size_large\"><\/div><div class=\"wpb_text_column us_custom_022d533c has_text_color\"><div class=\"wpb_wrapper\"><h2>Profundizando en el modelo &#8211; Evaluaci\u00f3n por competencias<\/h2>\n<p>La metodolog\u00eda ETHAZI cumple 10 a\u00f1os y hoy es la base de nuestro trabajo pedag\u00f3gico. En Easo Politeknikoa todos los ciclos trabajan en este modelo metodol\u00f3gico basado en Ciclos de Alto Rendimiento, basado en el aprendizaje basado en retos y el trabajo en equipo.<br \/>\nTras la implantaci\u00f3n inicial, estamos en la fase de profundizaci\u00f3n del modelo. El siguiente paso, y al mismo tiempo un reto estrat\u00e9gico, es el desarrollo e implementaci\u00f3n de la evaluaci\u00f3n basada en competencias.<br \/>\nPara ello, curso tras curso, est\u00e1n trabajando diferentes seminarios acompa\u00f1ados por iTlent. El objetivo es conformar un dise\u00f1o propio que responda a las capacidades de cada ciclo, de modo que la evaluaci\u00f3n se apoye y sistematice en las competencias profesionales, personales y sociales.<br \/>\nEsto no es solo una metodolog\u00eda; es un modelo educativo. Y con ello, promovemos el desarrollo integral y la mejora continua de cada alumno y alumna, respondiendo a los nuevos retos de la Formaci\u00f3n Profesional.<\/p>\n<\/div><\/div><div class=\"w-separator size_large\"><\/div><div class=\"w-vwrapper us_custom_e22aaa5e align_center valign_top\" style=\"--vwrapper-gap:0.6rem\"><div class=\"w-image align_none\"><div class=\"w-image-h\"><img decoding=\"async\" width=\"450\" height=\"69\" src=\"https:\/\/easo.eus\/wp-content\/uploads\/2025\/06\/itlent.png\" class=\"attachment-large size-large\" alt=\"\" loading=\"lazy\" srcset=\"https:\/\/easo.eus\/wp-content\/uploads\/2025\/06\/itlent.png 450w, https:\/\/easo.eus\/wp-content\/uploads\/2025\/06\/itlent-300x46.png 300w\" sizes=\"auto, (max-width: 450px) 100vw, 450px\" \/><\/div><\/div><\/div><\/div><\/div><\/div><\/div><\/div><\/section><section class=\"l-section wpb_row us_custom_22bbf2f9 height_medium\" id=\"ethazi\"><div class=\"l-section-h i-cf\"><div class=\"g-cols vc_row via_flex valign_top type_default stacking_default\"><div class=\"vc_col-sm-12 wpb_column vc_column_container\"><div class=\"vc_column-inner\"><div class=\"wpb_wrapper\"><\/div><\/div><\/div><\/div><\/div><\/section><section class=\"l-section wpb_row us_custom_5bfebe61 height_medium\"><div class=\"l-section-h i-cf\"><div class=\"g-cols vc_row via_flex valign_top type_default stacking_default\"><div class=\"vc_col-sm-12 wpb_column vc_column_container\"><div class=\"vc_column-inner\"><div class=\"wpb_wrapper\"><div class=\"w-video us_custom_f05757b6 align_none ratio_16x9 has_iframe\"><div class=\"w-video-h\"><iframe title=\"Youtube video player\" src=\"\/\/www.youtube.com\/embed\/45cjc_iRf3k?autoplay=0&controls=1&origin=https:\/\/easo.eus\/es\/&loop=0&mute=0\" allowfullscreen=\"1\" loading=\"lazy\"><\/iframe><\/div><\/div><div class=\"w-separator size_large\"><\/div><\/div><\/div><\/div><\/div><\/div><\/section>\n","protected":false},"excerpt":{"rendered":"Metodolog\u00edas innovadoras Las metodolog\u00edas innovadoras son uno de los ejes de nuestra trayectoria educativa. En Easo Politeknikoa creemos en metodolog\u00edas activas y colaborativas de ense\u00f1anza-aprendizaje, y nuestro reto es conseguir una integraci\u00f3n significativa de las mismas en todos los ciclos y familias profesionales. Nuestro principal objetivo es que los estudiantes adquieran las competencias que son...","protected":false},"author":1,"featured_media":0,"parent":0,"menu_order":0,"comment_status":"closed","ping_status":"closed","template":"","meta":{"_acf_changed":false,"footnotes":""},"class_list":["post-10079","page","type-page","status-publish","hentry"],"acf":[],"yoast_head":"<!-- This site is optimized with the Yoast SEO plugin v27.3 - https:\/\/yoast.com\/product\/yoast-seo-wordpress\/ -->\n<title>Metodologia - Easo Politeknikoa<\/title>\n<meta name=\"robots\" content=\"index, follow, max-snippet:-1, max-image-preview:large, max-video-preview:-1\" \/>\n<link rel=\"canonical\" href=\"https:\/\/easo.eus\/es\/metodologia\/\" \/>\n<meta property=\"og:locale\" content=\"es_ES\" \/>\n<meta property=\"og:type\" content=\"article\" \/>\n<meta property=\"og:title\" content=\"Metodologia - Easo Politeknikoa\" \/>\n<meta property=\"og:url\" content=\"https:\/\/easo.eus\/es\/metodologia\/\" \/>\n<meta property=\"og:site_name\" content=\"Easo Politeknikoa\" \/>\n<meta property=\"article:publisher\" content=\"https:\/\/www.facebook.com\/people\/CIFP-EASO-Politeknikoa-LHII\/100069039060131\/\" \/>\n<meta property=\"article:modified_time\" content=\"2026-02-04T21:09:49+00:00\" \/>\n<meta property=\"og:image\" content=\"https:\/\/easo.eus\/wp-content\/uploads\/2025\/05\/layout_set_logo.png\" \/>\n\t<meta property=\"og:image:width\" content=\"2033\" \/>\n\t<meta property=\"og:image:height\" content=\"488\" \/>\n\t<meta property=\"og:image:type\" content=\"image\/png\" \/>\n<meta name=\"twitter:card\" content=\"summary_large_image\" \/>\n<meta name=\"twitter:label1\" content=\"Tiempo de lectura\" \/>\n\t<meta name=\"twitter:data1\" content=\"3 minutos\" \/>\n<script type=\"application\/ld+json\" class=\"yoast-schema-graph\">{\"@context\":\"https:\\\/\\\/schema.org\",\"@graph\":[{\"@type\":\"WebPage\",\"@id\":\"https:\\\/\\\/easo.eus\\\/es\\\/metodologia\\\/\",\"url\":\"https:\\\/\\\/easo.eus\\\/es\\\/metodologia\\\/\",\"name\":\"Metodologia - Easo Politeknikoa\",\"isPartOf\":{\"@id\":\"https:\\\/\\\/easo.eus\\\/es\\\/#website\"},\"datePublished\":\"2025-05-29T08:47:46+00:00\",\"dateModified\":\"2026-02-04T21:09:49+00:00\",\"breadcrumb\":{\"@id\":\"https:\\\/\\\/easo.eus\\\/es\\\/metodologia\\\/#breadcrumb\"},\"inLanguage\":\"es\",\"potentialAction\":[{\"@type\":\"ReadAction\",\"target\":[\"https:\\\/\\\/easo.eus\\\/es\\\/metodologia\\\/\"]}]},{\"@type\":\"BreadcrumbList\",\"@id\":\"https:\\\/\\\/easo.eus\\\/es\\\/metodologia\\\/#breadcrumb\",\"itemListElement\":[{\"@type\":\"ListItem\",\"position\":1,\"name\":\"Home\",\"item\":\"https:\\\/\\\/easo.eus\\\/es\\\/hasiera\\\/\"},{\"@type\":\"ListItem\",\"position\":2,\"name\":\"Metodologia\"}]},{\"@type\":\"WebSite\",\"@id\":\"https:\\\/\\\/easo.eus\\\/es\\\/#website\",\"url\":\"https:\\\/\\\/easo.eus\\\/es\\\/\",\"name\":\"Easo Politeknikoa\",\"description\":\"\",\"publisher\":{\"@id\":\"https:\\\/\\\/easo.eus\\\/es\\\/#organization\"},\"potentialAction\":[{\"@type\":\"SearchAction\",\"target\":{\"@type\":\"EntryPoint\",\"urlTemplate\":\"https:\\\/\\\/easo.eus\\\/es\\\/?s={search_term_string}\"},\"query-input\":{\"@type\":\"PropertyValueSpecification\",\"valueRequired\":true,\"valueName\":\"search_term_string\"}}],\"inLanguage\":\"es\"},{\"@type\":\"Organization\",\"@id\":\"https:\\\/\\\/easo.eus\\\/es\\\/#organization\",\"name\":\"Easo Politeknikoa\",\"url\":\"https:\\\/\\\/easo.eus\\\/es\\\/\",\"logo\":{\"@type\":\"ImageObject\",\"inLanguage\":\"es\",\"@id\":\"https:\\\/\\\/easo.eus\\\/es\\\/#\\\/schema\\\/logo\\\/image\\\/\",\"url\":\"https:\\\/\\\/easo.eus\\\/wp-content\\\/uploads\\\/2025\\\/05\\\/layout_set_logo.png\",\"contentUrl\":\"https:\\\/\\\/easo.eus\\\/wp-content\\\/uploads\\\/2025\\\/05\\\/layout_set_logo.png\",\"width\":2033,\"height\":488,\"caption\":\"Easo Politeknikoa\"},\"image\":{\"@id\":\"https:\\\/\\\/easo.eus\\\/es\\\/#\\\/schema\\\/logo\\\/image\\\/\"},\"sameAs\":[\"https:\\\/\\\/www.facebook.com\\\/people\\\/CIFP-EASO-Politeknikoa-LHII\\\/100069039060131\\\/\",\"https:\\\/\\\/www.instagram.com\\\/easopolitek\\\/\"]}]}<\/script>\n<!-- \/ Yoast SEO plugin. -->","yoast_head_json":{"title":"Metodologia - Easo Politeknikoa","robots":{"index":"index","follow":"follow","max-snippet":"max-snippet:-1","max-image-preview":"max-image-preview:large","max-video-preview":"max-video-preview:-1"},"canonical":"https:\/\/easo.eus\/es\/metodologia\/","og_locale":"es_ES","og_type":"article","og_title":"Metodologia - Easo Politeknikoa","og_url":"https:\/\/easo.eus\/es\/metodologia\/","og_site_name":"Easo Politeknikoa","article_publisher":"https:\/\/www.facebook.com\/people\/CIFP-EASO-Politeknikoa-LHII\/100069039060131\/","article_modified_time":"2026-02-04T21:09:49+00:00","og_image":[{"width":2033,"height":488,"url":"https:\/\/easo.eus\/wp-content\/uploads\/2025\/05\/layout_set_logo.png","type":"image\/png"}],"twitter_card":"summary_large_image","twitter_misc":{"Tiempo de lectura":"3 minutos"},"schema":{"@context":"https:\/\/schema.org","@graph":[{"@type":"WebPage","@id":"https:\/\/easo.eus\/es\/metodologia\/","url":"https:\/\/easo.eus\/es\/metodologia\/","name":"Metodologia - Easo Politeknikoa","isPartOf":{"@id":"https:\/\/easo.eus\/es\/#website"},"datePublished":"2025-05-29T08:47:46+00:00","dateModified":"2026-02-04T21:09:49+00:00","breadcrumb":{"@id":"https:\/\/easo.eus\/es\/metodologia\/#breadcrumb"},"inLanguage":"es","potentialAction":[{"@type":"ReadAction","target":["https:\/\/easo.eus\/es\/metodologia\/"]}]},{"@type":"BreadcrumbList","@id":"https:\/\/easo.eus\/es\/metodologia\/#breadcrumb","itemListElement":[{"@type":"ListItem","position":1,"name":"Home","item":"https:\/\/easo.eus\/es\/hasiera\/"},{"@type":"ListItem","position":2,"name":"Metodologia"}]},{"@type":"WebSite","@id":"https:\/\/easo.eus\/es\/#website","url":"https:\/\/easo.eus\/es\/","name":"Easo Politeknikoa","description":"","publisher":{"@id":"https:\/\/easo.eus\/es\/#organization"},"potentialAction":[{"@type":"SearchAction","target":{"@type":"EntryPoint","urlTemplate":"https:\/\/easo.eus\/es\/?s={search_term_string}"},"query-input":{"@type":"PropertyValueSpecification","valueRequired":true,"valueName":"search_term_string"}}],"inLanguage":"es"},{"@type":"Organization","@id":"https:\/\/easo.eus\/es\/#organization","name":"Easo Politeknikoa","url":"https:\/\/easo.eus\/es\/","logo":{"@type":"ImageObject","inLanguage":"es","@id":"https:\/\/easo.eus\/es\/#\/schema\/logo\/image\/","url":"https:\/\/easo.eus\/wp-content\/uploads\/2025\/05\/layout_set_logo.png","contentUrl":"https:\/\/easo.eus\/wp-content\/uploads\/2025\/05\/layout_set_logo.png","width":2033,"height":488,"caption":"Easo Politeknikoa"},"image":{"@id":"https:\/\/easo.eus\/es\/#\/schema\/logo\/image\/"},"sameAs":["https:\/\/www.facebook.com\/people\/CIFP-EASO-Politeknikoa-LHII\/100069039060131\/","https:\/\/www.instagram.com\/easopolitek\/"]}]}},"_links":{"self":[{"href":"https:\/\/easo.eus\/es\/wp-json\/wp\/v2\/pages\/10079","targetHints":{"allow":["GET"]}}],"collection":[{"href":"https:\/\/easo.eus\/es\/wp-json\/wp\/v2\/pages"}],"about":[{"href":"https:\/\/easo.eus\/es\/wp-json\/wp\/v2\/types\/page"}],"author":[{"embeddable":true,"href":"https:\/\/easo.eus\/es\/wp-json\/wp\/v2\/users\/1"}],"replies":[{"embeddable":true,"href":"https:\/\/easo.eus\/es\/wp-json\/wp\/v2\/comments?post=10079"}],"version-history":[{"count":14,"href":"https:\/\/easo.eus\/es\/wp-json\/wp\/v2\/pages\/10079\/revisions"}],"predecessor-version":[{"id":11271,"href":"https:\/\/easo.eus\/es\/wp-json\/wp\/v2\/pages\/10079\/revisions\/11271"}],"wp:attachment":[{"href":"https:\/\/easo.eus\/es\/wp-json\/wp\/v2\/media?parent=10079"}],"curies":[{"name":"wp","href":"https:\/\/api.w.org\/{rel}","templated":true}]}}