{"id":9187,"date":"2025-02-18T13:47:02","date_gmt":"2025-02-18T12:47:02","guid":{"rendered":"https:\/\/easo.eus\/?page_id=9187"},"modified":"2026-02-07T11:52:40","modified_gmt":"2026-02-07T10:52:40","slug":"lege-oharra","status":"publish","type":"page","link":"https:\/\/easo.eus\/es\/lege-oharra\/","title":{"rendered":"Informaci\u00f3n Legal"},"content":{"rendered":"<section class=\"l-section wpb_row height_medium\"><div class=\"l-section-h i-cf\"><div class=\"g-cols vc_row via_flex valign_top type_default stacking_default\"><div class=\"vc_col-sm-12 wpb_column vc_column_container\"><div class=\"vc_column-inner\"><div class=\"wpb_wrapper\"><h2 class=\"w-post-elm post_title entry-title color_link_inherit\">Informaci\u00f3n Legal<\/h2><div class=\"wpb_text_column\"><div class=\"wpb_wrapper\"><p>En cumplimiento de la Ley 34\/2002, de 11 de julio, de Servicios de la Sociedad de la Informaci\u00f3n y de Comercio Electr\u00f3nico, le informamos que el titular del sitio web <a href=\"https:\/\/easo.eus\/es\/\">easo.eus<\/a> es:<\/p>\n<p><strong>EASO Politeknikoa LHII<\/strong><br \/>\nS-4833001<br \/>\nAitzol parkea 2, 20011, San Sebasti\u00e1n-Donostia, Gipuzkoa<br \/>\n<a href=\"tel:943455422\">943 455 422<\/a><br \/>\n<a href=\"mailto:info@easo.eus\">info@easo.eus<\/a><\/p>\n<h3>1. Responsabilidades y garant\u00edas<\/h3>\n<p>El usuario podr\u00e1 acceder al sitio web easo.eus. por voluntad propia. Navegar por este sitio web supone que el usuario conoce y acepta sus indicaciones legales, sus condiciones de uso y su pol\u00edtica de privacidad. <\/p>\n<p>Cualquier uso de la informaci\u00f3n contenida en este sitio web ser\u00e1 \u00fanica y exclusivamente responsabilidad del usuario. As\u00ed, el usuario deber\u00e1 comprometerse a utilizar la informaci\u00f3n de acuerdo con el objetivo del sitio web. <\/p>\n<p>Por tanto, el usuario no podr\u00e1 dar un uso il\u00edcito a la informaci\u00f3n del sitio web.<\/p>\n<p>Se proh\u00edbe a los usuarios introducir o informar sobre contenidos falsos o err\u00f3neos. El usuario ser\u00e1, por tanto, el \u00fanico responsable de los da\u00f1os causados con los datos que aporte. <\/p>\n<p>Se proh\u00edbe utilizar datos personales de terceros sin su consentimiento. Asimismo, se proh\u00edbe utilizar datos de identificaci\u00f3n de terceros para ponerse en el lugar de otra persona o entidad. <\/p>\n<p>Easo Politeknikoa hace un gran esfuerzo para que no haya errores en los contenidos publicados en el sitio web. Por tanto, se reserva el derecho de modificarlosen cualquier momento. Easo Politeknikoa renuncia expresamente a la responsabilidad derivada de errores u omisiones en los contenidos de este sitio web, as\u00ed como a la responsabilidad derivada de los da\u00f1os y perjuicios derivados de la falta de veracidad, exactitud y actualizaci\u00f3n de estos. Este sitio web puede incluir enlaces de otros sitios web. Easo Politeknikoa no se hace responsable de ninguno de los contenidos de los sitios enlazados. El objetivo de esos servicios es, precisamente, proporcionar a los usuarios otras fuentes de informaci\u00f3n; por tanto, el usuario acceder\u00e1 a ellas bajo su \u00fanica responsabilidad, atendiendo a las condiciones reguladas en las mismas.     <\/p>\n<p>Easo Politeknikoa no ser\u00e1 responsable de ninguna consecuencia o perjuicio derivado del uso de este sitio web o de su contenido, incluidos los da\u00f1os inform\u00e1ticos y la inserci\u00f3n de virus.<\/p>\n<p>Easo Politeknikoa se reserva el derecho a modificar o eliminar en cualquier momento, sin previo aviso o explicaci\u00f3n, el dise\u00f1o, la configuraci\u00f3n y la informaci\u00f3n contenida en este sitio web, siempre que lo consideren necesario. Easo Polikteknikoa no se har\u00e1 responsable de los da\u00f1os que dichas modificaciones pudieran suponer. No obstante, utilizar\u00e1 todos los medios a su alcance para informar a los usuarios de dichas modificaciones.  <\/p>\n<h3>2. Propiedad intelectual e industrial<\/h3>\n<p><span style=\"font-weight: 400;\">Todos los contenidos de este sitio web -a excepci\u00f3n de los datos de car\u00e1cter personal- est\u00e1n protegidos de acuerdo con la normativa vigente en materia de propiedad intelectual e industrial.<\/span><\/p>\n<p>Los contenidos publicados en este sitio web no podr\u00e1n ser utilizados, copiados, reproducidos, distribuidos, transformados, reutilizados ni comunicados p\u00fablicamente, ni en su totalidad ni de forma parcial, sin la autorizaci\u00f3n previa y expresa, salvo que se indique expresamente lo contrario en un contenido concreto.<\/p>\n<p>En ausencia de cualquier licencia espec\u00edfica o t\u00e9rminos de uso, todo el contenido de este sitio web se entender\u00e1 bajo el estado de todos los derechos reservados.<\/p>\n<p><span style=\"font-weight: 400;\">El incumplimiento de las condiciones que impone la licencia en la utilizaci\u00f3n de los contenidos del sitio web dar\u00e1 lugar al ejercicio de las acciones legales que correspondan y, en su caso, al cumplimiento de las responsabilidades que se deriven de su ejercicio.<\/span><\/p>\n<h3>3. Modificaciones<\/h3>\n<p>Todas estas condiciones podr\u00e1n ser modificadas si Easo Politeknikoa lo considera oportuno en alg\u00fan momento, tanto para adecuarse a las modificaciones legislativas como para introducir otras mejoras. Estas modificaciones entrar\u00e1n en vigor desde el momento en que se publiquen en este sitio web. <\/p>\n<h3>4. Jurisdicci\u00f3n<\/h3>\n<p>La relaci\u00f3n surgida entre Easo Politeknikoa y el usuario se regir\u00e1 por lo dispuesto en la normativa vigente sobre legislaci\u00f3n aplicable y jurisdicci\u00f3n competente. No obstante, cuando la normativa prevea que las partes deben someterse a una competencia, Easo Politeknikoa y el usuario, con renuncia expresa a cualquier competencia que les corresponda, se someter\u00e1n a los Juzgados y Tribunales de Donostia-San Sebasti\u00e1n.<\/p>\n<\/div><\/div><\/div><\/div><\/div><\/div><\/div><\/section>\n","protected":false},"excerpt":{"rendered":"Informaci\u00f3n LegalEn cumplimiento de la Ley 34\/2002, de 11 de julio, de Servicios de la Sociedad de la Informaci\u00f3n y de Comercio Electr\u00f3nico, le informamos que el titular del sitio web easo.eus es: EASO Politeknikoa LHII S-4833001 Aitzol parkea 2, 20011, San Sebasti\u00e1n-Donostia, Gipuzkoa 943 455 422 info@easo.eus 1. Responsabilidades y garant\u00edas El usuario podr\u00e1...","protected":false},"author":1,"featured_media":0,"parent":0,"menu_order":0,"comment_status":"closed","ping_status":"closed","template":"","meta":{"_acf_changed":false,"footnotes":""},"class_list":["post-9187","page","type-page","status-publish","hentry"],"acf":[],"yoast_head":"<!-- This site is optimized with the Yoast SEO plugin v27.3 - https:\/\/yoast.com\/product\/yoast-seo-wordpress\/ -->\n<title>Informaci\u00f3n Legal - Easo Politeknikoa<\/title>\n<meta name=\"robots\" content=\"index, follow, max-snippet:-1, max-image-preview:large, max-video-preview:-1\" \/>\n<link rel=\"canonical\" href=\"https:\/\/easo.eus\/es\/lege-oharra\/\" \/>\n<meta property=\"og:locale\" content=\"es_ES\" \/>\n<meta property=\"og:type\" content=\"article\" \/>\n<meta property=\"og:title\" content=\"Informaci\u00f3n Legal - Easo Politeknikoa\" \/>\n<meta property=\"og:url\" content=\"https:\/\/easo.eus\/es\/lege-oharra\/\" \/>\n<meta property=\"og:site_name\" content=\"Easo Politeknikoa\" \/>\n<meta property=\"article:publisher\" content=\"https:\/\/www.facebook.com\/people\/CIFP-EASO-Politeknikoa-LHII\/100069039060131\/\" \/>\n<meta property=\"article:modified_time\" content=\"2026-02-07T10:52:40+00:00\" \/>\n<meta property=\"og:image\" content=\"https:\/\/easo.eus\/wp-content\/uploads\/2025\/05\/layout_set_logo.png\" \/>\n\t<meta property=\"og:image:width\" content=\"2033\" \/>\n\t<meta property=\"og:image:height\" content=\"488\" \/>\n\t<meta property=\"og:image:type\" content=\"image\/png\" \/>\n<meta name=\"twitter:card\" content=\"summary_large_image\" \/>\n<meta name=\"twitter:label1\" content=\"Tiempo de lectura\" \/>\n\t<meta name=\"twitter:data1\" content=\"4 minutos\" \/>\n<script type=\"application\/ld+json\" class=\"yoast-schema-graph\">{\"@context\":\"https:\\\/\\\/schema.org\",\"@graph\":[{\"@type\":\"WebPage\",\"@id\":\"https:\\\/\\\/easo.eus\\\/es\\\/lege-oharra\\\/\",\"url\":\"https:\\\/\\\/easo.eus\\\/es\\\/lege-oharra\\\/\",\"name\":\"Informaci\u00f3n Legal - Easo Politeknikoa\",\"isPartOf\":{\"@id\":\"https:\\\/\\\/easo.eus\\\/es\\\/#website\"},\"datePublished\":\"2025-02-18T12:47:02+00:00\",\"dateModified\":\"2026-02-07T10:52:40+00:00\",\"breadcrumb\":{\"@id\":\"https:\\\/\\\/easo.eus\\\/es\\\/lege-oharra\\\/#breadcrumb\"},\"inLanguage\":\"es\",\"potentialAction\":[{\"@type\":\"ReadAction\",\"target\":[\"https:\\\/\\\/easo.eus\\\/es\\\/lege-oharra\\\/\"]}]},{\"@type\":\"BreadcrumbList\",\"@id\":\"https:\\\/\\\/easo.eus\\\/es\\\/lege-oharra\\\/#breadcrumb\",\"itemListElement\":[{\"@type\":\"ListItem\",\"position\":1,\"name\":\"Home\",\"item\":\"https:\\\/\\\/easo.eus\\\/es\\\/hasiera\\\/\"},{\"@type\":\"ListItem\",\"position\":2,\"name\":\"Informaci\u00f3n Legal\"}]},{\"@type\":\"WebSite\",\"@id\":\"https:\\\/\\\/easo.eus\\\/es\\\/#website\",\"url\":\"https:\\\/\\\/easo.eus\\\/es\\\/\",\"name\":\"Easo Politeknikoa\",\"description\":\"\",\"publisher\":{\"@id\":\"https:\\\/\\\/easo.eus\\\/es\\\/#organization\"},\"potentialAction\":[{\"@type\":\"SearchAction\",\"target\":{\"@type\":\"EntryPoint\",\"urlTemplate\":\"https:\\\/\\\/easo.eus\\\/es\\\/?s={search_term_string}\"},\"query-input\":{\"@type\":\"PropertyValueSpecification\",\"valueRequired\":true,\"valueName\":\"search_term_string\"}}],\"inLanguage\":\"es\"},{\"@type\":\"Organization\",\"@id\":\"https:\\\/\\\/easo.eus\\\/es\\\/#organization\",\"name\":\"Easo Politeknikoa\",\"url\":\"https:\\\/\\\/easo.eus\\\/es\\\/\",\"logo\":{\"@type\":\"ImageObject\",\"inLanguage\":\"es\",\"@id\":\"https:\\\/\\\/easo.eus\\\/es\\\/#\\\/schema\\\/logo\\\/image\\\/\",\"url\":\"https:\\\/\\\/easo.eus\\\/wp-content\\\/uploads\\\/2025\\\/05\\\/layout_set_logo.png\",\"contentUrl\":\"https:\\\/\\\/easo.eus\\\/wp-content\\\/uploads\\\/2025\\\/05\\\/layout_set_logo.png\",\"width\":2033,\"height\":488,\"caption\":\"Easo Politeknikoa\"},\"image\":{\"@id\":\"https:\\\/\\\/easo.eus\\\/es\\\/#\\\/schema\\\/logo\\\/image\\\/\"},\"sameAs\":[\"https:\\\/\\\/www.facebook.com\\\/people\\\/CIFP-EASO-Politeknikoa-LHII\\\/100069039060131\\\/\",\"https:\\\/\\\/www.instagram.com\\\/easopolitek\\\/\"]}]}<\/script>\n<!-- \/ Yoast SEO plugin. -->","yoast_head_json":{"title":"Informaci\u00f3n Legal - Easo Politeknikoa","robots":{"index":"index","follow":"follow","max-snippet":"max-snippet:-1","max-image-preview":"max-image-preview:large","max-video-preview":"max-video-preview:-1"},"canonical":"https:\/\/easo.eus\/es\/lege-oharra\/","og_locale":"es_ES","og_type":"article","og_title":"Informaci\u00f3n Legal - Easo Politeknikoa","og_url":"https:\/\/easo.eus\/es\/lege-oharra\/","og_site_name":"Easo Politeknikoa","article_publisher":"https:\/\/www.facebook.com\/people\/CIFP-EASO-Politeknikoa-LHII\/100069039060131\/","article_modified_time":"2026-02-07T10:52:40+00:00","og_image":[{"width":2033,"height":488,"url":"https:\/\/easo.eus\/wp-content\/uploads\/2025\/05\/layout_set_logo.png","type":"image\/png"}],"twitter_card":"summary_large_image","twitter_misc":{"Tiempo de lectura":"4 minutos"},"schema":{"@context":"https:\/\/schema.org","@graph":[{"@type":"WebPage","@id":"https:\/\/easo.eus\/es\/lege-oharra\/","url":"https:\/\/easo.eus\/es\/lege-oharra\/","name":"Informaci\u00f3n Legal - Easo Politeknikoa","isPartOf":{"@id":"https:\/\/easo.eus\/es\/#website"},"datePublished":"2025-02-18T12:47:02+00:00","dateModified":"2026-02-07T10:52:40+00:00","breadcrumb":{"@id":"https:\/\/easo.eus\/es\/lege-oharra\/#breadcrumb"},"inLanguage":"es","potentialAction":[{"@type":"ReadAction","target":["https:\/\/easo.eus\/es\/lege-oharra\/"]}]},{"@type":"BreadcrumbList","@id":"https:\/\/easo.eus\/es\/lege-oharra\/#breadcrumb","itemListElement":[{"@type":"ListItem","position":1,"name":"Home","item":"https:\/\/easo.eus\/es\/hasiera\/"},{"@type":"ListItem","position":2,"name":"Informaci\u00f3n Legal"}]},{"@type":"WebSite","@id":"https:\/\/easo.eus\/es\/#website","url":"https:\/\/easo.eus\/es\/","name":"Easo Politeknikoa","description":"","publisher":{"@id":"https:\/\/easo.eus\/es\/#organization"},"potentialAction":[{"@type":"SearchAction","target":{"@type":"EntryPoint","urlTemplate":"https:\/\/easo.eus\/es\/?s={search_term_string}"},"query-input":{"@type":"PropertyValueSpecification","valueRequired":true,"valueName":"search_term_string"}}],"inLanguage":"es"},{"@type":"Organization","@id":"https:\/\/easo.eus\/es\/#organization","name":"Easo Politeknikoa","url":"https:\/\/easo.eus\/es\/","logo":{"@type":"ImageObject","inLanguage":"es","@id":"https:\/\/easo.eus\/es\/#\/schema\/logo\/image\/","url":"https:\/\/easo.eus\/wp-content\/uploads\/2025\/05\/layout_set_logo.png","contentUrl":"https:\/\/easo.eus\/wp-content\/uploads\/2025\/05\/layout_set_logo.png","width":2033,"height":488,"caption":"Easo Politeknikoa"},"image":{"@id":"https:\/\/easo.eus\/es\/#\/schema\/logo\/image\/"},"sameAs":["https:\/\/www.facebook.com\/people\/CIFP-EASO-Politeknikoa-LHII\/100069039060131\/","https:\/\/www.instagram.com\/easopolitek\/"]}]}},"_links":{"self":[{"href":"https:\/\/easo.eus\/es\/wp-json\/wp\/v2\/pages\/9187","targetHints":{"allow":["GET"]}}],"collection":[{"href":"https:\/\/easo.eus\/es\/wp-json\/wp\/v2\/pages"}],"about":[{"href":"https:\/\/easo.eus\/es\/wp-json\/wp\/v2\/types\/page"}],"author":[{"embeddable":true,"href":"https:\/\/easo.eus\/es\/wp-json\/wp\/v2\/users\/1"}],"replies":[{"embeddable":true,"href":"https:\/\/easo.eus\/es\/wp-json\/wp\/v2\/comments?post=9187"}],"version-history":[{"count":5,"href":"https:\/\/easo.eus\/es\/wp-json\/wp\/v2\/pages\/9187\/revisions"}],"predecessor-version":[{"id":11345,"href":"https:\/\/easo.eus\/es\/wp-json\/wp\/v2\/pages\/9187\/revisions\/11345"}],"wp:attachment":[{"href":"https:\/\/easo.eus\/es\/wp-json\/wp\/v2\/media?parent=9187"}],"curies":[{"name":"wp","href":"https:\/\/api.w.org\/{rel}","templated":true}]}}