{"id":9984,"date":"2025-10-24T10:47:23","date_gmt":"2025-10-24T09:47:23","guid":{"rendered":"https:\/\/easo.eus\/formacion-para-el-empleo\/"},"modified":"2026-02-04T22:22:42","modified_gmt":"2026-02-04T21:22:42","slug":"formacion-para-el-empleo","status":"publish","type":"page","link":"https:\/\/easo.eus\/es\/formacion-para-el-empleo\/","title":{"rendered":"Formaci\u00f3n para el empleo"},"content":{"rendered":"<section class=\"l-section wpb_row us_custom_6547806f height_auto width_full color_alternate\"><div class=\"l-section-h i-cf\"><div class=\"g-cols vc_row via_flex valign_top type_default stacking_default\"><div class=\"vc_col-sm-12 wpb_column vc_column_container\"><div class=\"vc_column-inner\"><div class=\"wpb_wrapper\"><div class=\"g-cols wpb_row us_custom_0ad16d29 lanbide-edukia via_flex valign_top type_default stacking_default\"><div data-us-scroll=\"{&quot;from_initial_position&quot;:&quot;0&quot;,&quot;start_position&quot;:&quot;70%&quot;,&quot;end_position&quot;:&quot;80%&quot;,&quot;delay&quot;:&quot;0.1s&quot;,&quot;opacity_direction&quot;:&quot;in-out&quot;}\" class=\"vc_col-sm-12 wpb_column vc_column_container has_scroll_effects has_opacity\"><div class=\"vc_column-inner\"><div class=\"wpb_wrapper\"><div class=\"w-separator hide_on_laptops size_huge\"><\/div><div class=\"wpb_text_column\"><div class=\"wpb_wrapper\"><h1><b>FORMACI\u00d3N PARA EL EMPLEO<\/b><\/h1>\n<p>En Easo Politeknikoa ofrecemos un amplio programa formativo, gratuito y acorde a los valores de una educaci\u00f3n p\u00fablica de calidad, para personas tanto en activo como en paro. El objetivo es potenciar las capacidades t\u00e9cnicas y transversales de los trabajadores y promover su propio desarrollo personal y profesional, adapt\u00e1ndose a las nuevas exigencias del mercado laboral.<\/p>\n<p>Esta formaci\u00f3n, que se organiza a trav\u00e9s de <b>Lanbide<\/b> en el marco del P<b>lan de Formaci\u00f3n para el Empleo de la Comunidad Aut\u00f3noma Vasca<\/b>, es <b>100% gratuita<\/b> para los participantes.<\/p>\n<p>La oferta incluye cursos homologados seg\u00fan el <b>Sistema Nacional de Cualificaciones y Formaci\u00f3n Profesional<\/b> y formaciones complementarias, que permiten acceder tanto a certificados de profesionalidad completos como a cualificaciones parciales.<\/p>\n<\/div><\/div><div class=\"w-separator size_small\"><\/div><div class=\"w-separator size_medium\"><\/div><div class=\"w-btn-wrapper align_left\"><a class=\"w-btn us-btn-style_2 icon_atright\" href=\"http:\/\/easo.eus\/es\/contacto\/?kontaktua=formacion-para-el-empleo\"><span class=\"w-btn-label\">Contactar<\/span><i class=\"fas fa-angle-right\"><\/i><\/a><\/div><div class=\"w-separator size_huge\"><\/div><div class=\"w-separator size_medium\"><\/div><div class=\"w-separator hide_on_tablets hide_on_mobiles size_medium\"><\/div><\/div><\/div><\/div><\/div><div class=\"w-image us_custom_515c988c irudia-gradua has_height align_none\"><div class=\"w-image-h\"><img decoding=\"async\" width=\"1024\" height=\"683\" src=\"https:\/\/easo.eus\/wp-content\/uploads\/2026\/01\/enpleguABC.jpg\" class=\"attachment-full size-full\" alt=\"\" loading=\"lazy\" srcset=\"https:\/\/easo.eus\/wp-content\/uploads\/2026\/01\/enpleguABC.jpg 1024w, https:\/\/easo.eus\/wp-content\/uploads\/2026\/01\/enpleguABC-300x200.jpg 300w\" sizes=\"auto, (max-width: 1024px) 100vw, 1024px\" \/><\/div><\/div><\/div><\/div><\/div><\/div><\/div><\/section><section class=\"l-section wpb_row us_custom_27244a23 height_auto width_custom\" style=\"--site-content-width:1050px;\"><div class=\"l-section-h i-cf\"><div class=\"g-cols vc_row via_flex valign_top type_default stacking_default\"><div class=\"vc_col-sm-12 wpb_column vc_column_container\"><div class=\"vc_column-inner\"><div class=\"wpb_wrapper\"><div class=\"w-video align_none ratio_16x9 has_iframe\"><div class=\"w-video-h\"><iframe title=\"Youtube video player\" src=\"\/\/www.youtube.com\/embed\/B279bOWTFM0?autoplay=0&controls=1&origin=https:\/\/easo.eus\/es\/&loop=0&mute=0\" allowfullscreen=\"1\" loading=\"lazy\"><\/iframe><\/div><\/div><div class=\"w-separator size_large\"><\/div><\/div><\/div><\/div><\/div><\/div><\/section><section class=\"l-section wpb_row height_medium\"><div class=\"l-section-h i-cf\"><div class=\"g-cols vc_row via_flex valign_top type_default stacking_default\"><div class=\"vc_col-sm-12 wpb_column vc_column_container\"><div class=\"vc_column-inner\"><div class=\"wpb_wrapper\"><div class=\"g-cols wpb_row via_flex valign_top type_default stacking_default\"><div class=\"vc_col-sm-4 wpb_column vc_column_container\"><div class=\"vc_column-inner\"><div class=\"wpb_wrapper\"><div class=\"wpb_text_column us_custom_0e50ecc8\"><div class=\"wpb_wrapper\"><h2><b>Cursos de Formaci\u00f3n Profesional<\/b><\/h2>\n<\/div><\/div><div class=\"w-separator size_small\"><\/div><div class=\"w-vwrapper us_custom_b586ad0f banner-lanbide align_center valign_middle has-link\" style=\"--vwrapper-gap:0.8rem\"><div class=\"w-image align_none\"><div class=\"w-image-h\"><img decoding=\"async\" width=\"351\" height=\"253\" src=\"https:\/\/easo.eus\/wp-content\/uploads\/2025\/10\/Web-1920-\u2013-1-2-e1761574244304.jpg\" class=\"attachment-large size-large\" alt=\"\" loading=\"lazy\" \/><\/div><\/div><div class=\"wpb_text_column\"><div class=\"wpb_wrapper\"><p>Euskara gure ikastaroa<\/p>\n<\/div><\/div><a href=\"https:\/\/web.lanbide.eus\/apps\/FR_DETALLE_CENTRO?LG=C&amp;ML=FORMEN1&amp;MS=O&amp;IDOF=10810146&amp;TPOF=4\" class=\"w-vwrapper-link smooth-scroll\" aria-label=\"Enlace\"><\/a><\/div><\/div><\/div><\/div><div class=\"vc_col-sm-8 wpb_column vc_column_container\"><div class=\"vc_column-inner us_custom_e8a794ad\"><div class=\"wpb_wrapper\"><div class=\"wpb_text_column\"><div class=\"wpb_wrapper\"><h4><b>Actualizaci\u00f3n de capacidades y ampliaci\u00f3n de oportunidades de trabajo.<\/b><\/h4>\n<p><b>Lanbide &#8211; Servicio Vasco de Empleo<\/b><span style=\"font-weight: 400;\"> en cooperaci\u00f3n, la EASO Polit\u00e9cnica ofrece una amplia gama de cursos de empleo, pensados para la inserci\u00f3n laboral o la mejora profesional. La participaci\u00f3n en estas formaciones permite formarse en las herramientas, tecnolog\u00edas y conocimientos m\u00e1s novedosos de cada sector.<\/span><\/p>\n<p><span style=\"font-weight: 400;\">A trav\u00e9s de nuestros cursos:<\/span><\/p>\n<ul>\n<li style=\"font-weight: 400;\" aria-level=\"1\"><span style=\"font-weight: 400;\">Se adquieren<\/span> <b>competencias relevantes para el mercado de trabajo.<\/b><\/li>\n<li style=\"font-weight: 400;\" aria-level=\"1\"><b>La financiaci\u00f3n de Lanbide<\/b> es totalmente <b>gratuita<\/b> <span style=\"font-weight: 400;\">para los participantes.<\/span><\/li>\n<li style=\"font-weight: 400;\" aria-level=\"1\"><span style=\"font-weight: 400;\">Conducen a la obtenci\u00f3n<\/span> de <b>certificados de profesionalidad<\/b> o imparten <b>formaci\u00f3n complementaria.<\/b><\/li>\n<\/ul>\n<p>Aprovechan el <b>amplio tejido empresarial<\/b> <span style=\"font-weight: 400;\">y<\/span> el <b>entorno de innovaci\u00f3n<\/b> de <span style=\"font-weight: 400;\">EASO Polit\u00e9cnica<\/span> <span style=\"font-weight: 400;\">para maximizar las oportunidades de trabajo.<\/span><\/p>\n<\/div><\/div><\/div><\/div><\/div><\/div><\/div><\/div><\/div><\/div><\/div><\/section><section class=\"l-section wpb_row height_medium\"><div class=\"l-section-h i-cf\"><div class=\"g-cols vc_row via_flex valign_top type_default stacking_default\"><div class=\"vc_col-sm-6 wpb_column vc_column_container\"><div class=\"vc_column-inner us_custom_ebda694a\"><div class=\"wpb_wrapper\"><div class=\"wpb_text_column\"><div class=\"wpb_wrapper\"><h2><b>Grados A, B y C<\/b><\/h2>\n<h4>La nueva Formaci\u00f3n Profesional: flexible, acumulable y para toda la vida.<\/h4>\n<p><span style=\"font-weight: 400;\">La nueva estructura de la Formaci\u00f3n Profesional establecida<\/span> por el <b>Real Decreto 659\/2023<\/b>, <span style=\"font-weight: 400;\">de 18 de julio<\/span>, permite la <span style=\"font-weight: 400;\">adquisici\u00f3n<\/span> de competencias profesionales <b>a trav\u00e9s de m\u00f3dulos, de forma escalonada y a ritmo personal.<\/b><span style=\"font-weight: 400;\"><br \/>\n<\/span> <span style=\"font-weight: 400;\">En Easo Polit\u00e9cnica<\/span> ofrecemos una <b>oferta formativa de los grados A, B y C<\/b>, <span style=\"font-weight: 400;\">combinando empleabilidad y aprendizaje permanente<\/span>:<\/p>\n<ul>\n<li style=\"font-weight: 400;\" aria-level=\"1\"><b>Grado A<\/b>: <span style=\"font-weight: 400;\">microacreditaciones o acreditaciones parciales de competencia.<\/span><span style=\"font-weight: 400;\"><br \/>\n<\/span><\/li>\n<li style=\"font-weight: 400;\" aria-level=\"1\"><b>Grado B:<\/b> <span style=\"font-weight: 400;\">certificados de competencia con reconocimiento oficial.<\/span><span style=\"font-weight: 400;\"><br \/>\n<\/span><\/li>\n<li style=\"font-weight: 400;\" aria-level=\"1\"><b>Grado C<\/b>: <span style=\"font-weight: 400;\">certificados completos de profesionalidad de validez nacional.<\/span><\/li>\n<\/ul>\n<p><span style=\"font-weight: 400;\">Estos grados permiten<\/span> completar <b>itinerarios formativos personalizados y acumulativos<\/b>, <span style=\"font-weight: 400;\">acelerando la incorporaci\u00f3n al mercado laboral y reconociendo las competencias adquiridas tanto en lo formal como en lo no formal.<\/span><span style=\"font-weight: 400;\"><br \/>\n<\/span> <span style=\"font-weight: 400;\">Objetivo:<\/span> Construir <b>una Formaci\u00f3n Profesional m\u00e1s inclusiva, \u00e1gil y vinculada a la realidad socioecon\u00f3mica.<\/b><\/p>\n<\/div><\/div><div class=\"w-separator size_small\"><\/div><div class=\"w-separator size_small\"><\/div><div class=\"w-btn-wrapper align_none\"><a class=\"w-btn us-btn-style_1\" href=\"http:\/\/easo.eus\/gradua\/g-goi-maila\/\"><span class=\"w-btn-label\">Vea nuestra oferta de grados A, B y C<\/span><\/a><\/div><div class=\"w-separator size_large\"><\/div><\/div><\/div><\/div><div class=\"vc_col-sm-6 wpb_column vc_column_container\"><div class=\"vc_column-inner\"><div class=\"wpb_wrapper\"><div class=\"w-image has_ratio align_none\"><div class=\"w-image-h\"><div style=\"padding-bottom:100%\"><\/div><img decoding=\"async\" width=\"1024\" height=\"683\" src=\"https:\/\/easo.eus\/wp-content\/uploads\/2025\/10\/54327241395_68d1546643_b.jpg\" class=\"attachment-large size-large\" alt=\"\" loading=\"lazy\" \/><\/div><\/div><\/div><\/div><\/div><\/div><\/div><\/section>\n","protected":false},"excerpt":{"rendered":"FORMACI\u00d3N PARA EL EMPLEO En Easo Politeknikoa ofrecemos un amplio programa formativo, gratuito y acorde a los valores de una educaci\u00f3n p\u00fablica de calidad, para personas tanto en activo como en paro. El objetivo es potenciar las capacidades t\u00e9cnicas y transversales de los trabajadores y promover su propio desarrollo personal y profesional, adapt\u00e1ndose a las...","protected":false},"author":1,"featured_media":10685,"parent":0,"menu_order":0,"comment_status":"closed","ping_status":"closed","template":"","meta":{"_acf_changed":false,"footnotes":""},"class_list":["post-9984","page","type-page","status-publish","has-post-thumbnail","hentry"],"acf":[],"yoast_head":"<!-- This site is optimized with the Yoast SEO plugin v27.3 - https:\/\/yoast.com\/product\/yoast-seo-wordpress\/ -->\n<title>Formaci\u00f3n para el empleo - Easo Politeknikoa<\/title>\n<meta name=\"description\" content=\"En Easo Politeknikoa ofrecemos un amplio programa formativo, gratuito y acorde a los valores de una educaci\u00f3n p\u00fablica de calidad, para personas tanto en activo como en paro. El objetivo es reforzar las competencias t\u00e9cnicas y transversales de los trabajadores y promover su desarrollo personal y profesional, a las nuevas exigencias del mercado de trabajo egokituz.Prestakuntza que se articula a trav\u00e9s de Lanbide, en el marco del Plan de Formaci\u00f3n para el Empleo de la Comunidad Aut\u00f3noma del Pa\u00eds Vasco, y que es gratuito 0 parte-hartzaileentzat.Eskaintzak, incluye cursos homologados y formaciones complementarias seg\u00fan el Sistema Nacional de Cualificaciones y Formaci\u00f3n Profesional, que permiten acceder tanto a certificados de profesionalidad completos como a cualificaciones parciales\" \/>\n<meta name=\"robots\" content=\"index, follow, max-snippet:-1, max-image-preview:large, max-video-preview:-1\" \/>\n<link rel=\"canonical\" href=\"https:\/\/easo.eus\/es\/formacion-para-el-empleo\/\" \/>\n<meta property=\"og:locale\" content=\"es_ES\" \/>\n<meta property=\"og:type\" content=\"article\" \/>\n<meta property=\"og:title\" content=\"Formaci\u00f3n para el empleo - Easo Politeknikoa\" \/>\n<meta property=\"og:description\" content=\"En Easo Politeknikoa ofrecemos un amplio programa formativo, gratuito y acorde a los valores de una educaci\u00f3n p\u00fablica de calidad, para personas tanto en activo como en paro. El objetivo es reforzar las competencias t\u00e9cnicas y transversales de los trabajadores y promover su desarrollo personal y profesional, a las nuevas exigencias del mercado de trabajo egokituz.Prestakuntza que se articula a trav\u00e9s de Lanbide, en el marco del Plan de Formaci\u00f3n para el Empleo de la Comunidad Aut\u00f3noma del Pa\u00eds Vasco, y que es gratuito 0 parte-hartzaileentzat.Eskaintzak, incluye cursos homologados y formaciones complementarias seg\u00fan el Sistema Nacional de Cualificaciones y Formaci\u00f3n Profesional, que permiten acceder tanto a certificados de profesionalidad completos como a cualificaciones parciales\" \/>\n<meta property=\"og:url\" content=\"https:\/\/easo.eus\/es\/formacion-para-el-empleo\/\" \/>\n<meta property=\"og:site_name\" content=\"Easo Politeknikoa\" \/>\n<meta property=\"article:publisher\" content=\"https:\/\/www.facebook.com\/people\/CIFP-EASO-Politeknikoa-LHII\/100069039060131\/\" \/>\n<meta property=\"article:modified_time\" content=\"2026-02-04T21:22:42+00:00\" \/>\n<meta property=\"og:image\" content=\"https:\/\/easo.eus\/wp-content\/uploads\/2026\/01\/enpleguABC.jpg\" \/>\n\t<meta property=\"og:image:width\" content=\"1024\" \/>\n\t<meta property=\"og:image:height\" content=\"683\" \/>\n\t<meta property=\"og:image:type\" content=\"image\/jpeg\" \/>\n<meta name=\"twitter:card\" content=\"summary_large_image\" \/>\n<meta name=\"twitter:label1\" content=\"Tiempo de lectura\" \/>\n\t<meta name=\"twitter:data1\" content=\"3 minutos\" \/>\n<script type=\"application\/ld+json\" class=\"yoast-schema-graph\">{\"@context\":\"https:\\\/\\\/schema.org\",\"@graph\":[{\"@type\":\"WebPage\",\"@id\":\"https:\\\/\\\/easo.eus\\\/es\\\/formacion-para-el-empleo\\\/\",\"url\":\"https:\\\/\\\/easo.eus\\\/es\\\/formacion-para-el-empleo\\\/\",\"name\":\"Formaci\u00f3n para el empleo - Easo Politeknikoa\",\"isPartOf\":{\"@id\":\"https:\\\/\\\/easo.eus\\\/es\\\/#website\"},\"primaryImageOfPage\":{\"@id\":\"https:\\\/\\\/easo.eus\\\/es\\\/formacion-para-el-empleo\\\/#primaryimage\"},\"image\":{\"@id\":\"https:\\\/\\\/easo.eus\\\/es\\\/formacion-para-el-empleo\\\/#primaryimage\"},\"thumbnailUrl\":\"https:\\\/\\\/easo.eus\\\/wp-content\\\/uploads\\\/2026\\\/01\\\/enpleguABC.jpg\",\"datePublished\":\"2025-10-24T09:47:23+00:00\",\"dateModified\":\"2026-02-04T21:22:42+00:00\",\"description\":\"En Easo Politeknikoa ofrecemos un amplio programa formativo, gratuito y acorde a los valores de una educaci\u00f3n p\u00fablica de calidad, para personas tanto en activo como en paro. El objetivo es reforzar las competencias t\u00e9cnicas y transversales de los trabajadores y promover su desarrollo personal y profesional, a las nuevas exigencias del mercado de trabajo egokituz.Prestakuntza que se articula a trav\u00e9s de Lanbide, en el marco del Plan de Formaci\u00f3n para el Empleo de la Comunidad Aut\u00f3noma del Pa\u00eds Vasco, y que es gratuito 0 parte-hartzaileentzat.Eskaintzak, incluye cursos homologados y formaciones complementarias seg\u00fan el Sistema Nacional de Cualificaciones y Formaci\u00f3n Profesional, que permiten acceder tanto a certificados de profesionalidad completos como a cualificaciones parciales\",\"breadcrumb\":{\"@id\":\"https:\\\/\\\/easo.eus\\\/es\\\/formacion-para-el-empleo\\\/#breadcrumb\"},\"inLanguage\":\"es\",\"potentialAction\":[{\"@type\":\"ReadAction\",\"target\":[\"https:\\\/\\\/easo.eus\\\/es\\\/formacion-para-el-empleo\\\/\"]}]},{\"@type\":\"ImageObject\",\"inLanguage\":\"es\",\"@id\":\"https:\\\/\\\/easo.eus\\\/es\\\/formacion-para-el-empleo\\\/#primaryimage\",\"url\":\"https:\\\/\\\/easo.eus\\\/wp-content\\\/uploads\\\/2026\\\/01\\\/enpleguABC.jpg\",\"contentUrl\":\"https:\\\/\\\/easo.eus\\\/wp-content\\\/uploads\\\/2026\\\/01\\\/enpleguABC.jpg\",\"width\":1024,\"height\":683},{\"@type\":\"BreadcrumbList\",\"@id\":\"https:\\\/\\\/easo.eus\\\/es\\\/formacion-para-el-empleo\\\/#breadcrumb\",\"itemListElement\":[{\"@type\":\"ListItem\",\"position\":1,\"name\":\"Home\",\"item\":\"https:\\\/\\\/easo.eus\\\/es\\\/hasiera\\\/\"},{\"@type\":\"ListItem\",\"position\":2,\"name\":\"Formaci\u00f3n para el empleo\"}]},{\"@type\":\"WebSite\",\"@id\":\"https:\\\/\\\/easo.eus\\\/es\\\/#website\",\"url\":\"https:\\\/\\\/easo.eus\\\/es\\\/\",\"name\":\"Easo Politeknikoa\",\"description\":\"\",\"publisher\":{\"@id\":\"https:\\\/\\\/easo.eus\\\/es\\\/#organization\"},\"potentialAction\":[{\"@type\":\"SearchAction\",\"target\":{\"@type\":\"EntryPoint\",\"urlTemplate\":\"https:\\\/\\\/easo.eus\\\/es\\\/?s={search_term_string}\"},\"query-input\":{\"@type\":\"PropertyValueSpecification\",\"valueRequired\":true,\"valueName\":\"search_term_string\"}}],\"inLanguage\":\"es\"},{\"@type\":\"Organization\",\"@id\":\"https:\\\/\\\/easo.eus\\\/es\\\/#organization\",\"name\":\"Easo Politeknikoa\",\"url\":\"https:\\\/\\\/easo.eus\\\/es\\\/\",\"logo\":{\"@type\":\"ImageObject\",\"inLanguage\":\"es\",\"@id\":\"https:\\\/\\\/easo.eus\\\/es\\\/#\\\/schema\\\/logo\\\/image\\\/\",\"url\":\"https:\\\/\\\/easo.eus\\\/wp-content\\\/uploads\\\/2025\\\/05\\\/layout_set_logo.png\",\"contentUrl\":\"https:\\\/\\\/easo.eus\\\/wp-content\\\/uploads\\\/2025\\\/05\\\/layout_set_logo.png\",\"width\":2033,\"height\":488,\"caption\":\"Easo Politeknikoa\"},\"image\":{\"@id\":\"https:\\\/\\\/easo.eus\\\/es\\\/#\\\/schema\\\/logo\\\/image\\\/\"},\"sameAs\":[\"https:\\\/\\\/www.facebook.com\\\/people\\\/CIFP-EASO-Politeknikoa-LHII\\\/100069039060131\\\/\",\"https:\\\/\\\/www.instagram.com\\\/easopolitek\\\/\"]}]}<\/script>\n<!-- \/ Yoast SEO plugin. -->","yoast_head_json":{"title":"Formaci\u00f3n para el empleo - Easo Politeknikoa","description":"En Easo Politeknikoa ofrecemos un amplio programa formativo, gratuito y acorde a los valores de una educaci\u00f3n p\u00fablica de calidad, para personas tanto en activo como en paro. El objetivo es reforzar las competencias t\u00e9cnicas y transversales de los trabajadores y promover su desarrollo personal y profesional, a las nuevas exigencias del mercado de trabajo egokituz.Prestakuntza que se articula a trav\u00e9s de Lanbide, en el marco del Plan de Formaci\u00f3n para el Empleo de la Comunidad Aut\u00f3noma del Pa\u00eds Vasco, y que es gratuito 0 parte-hartzaileentzat.Eskaintzak, incluye cursos homologados y formaciones complementarias seg\u00fan el Sistema Nacional de Cualificaciones y Formaci\u00f3n Profesional, que permiten acceder tanto a certificados de profesionalidad completos como a cualificaciones parciales","robots":{"index":"index","follow":"follow","max-snippet":"max-snippet:-1","max-image-preview":"max-image-preview:large","max-video-preview":"max-video-preview:-1"},"canonical":"https:\/\/easo.eus\/es\/formacion-para-el-empleo\/","og_locale":"es_ES","og_type":"article","og_title":"Formaci\u00f3n para el empleo - Easo Politeknikoa","og_description":"En Easo Politeknikoa ofrecemos un amplio programa formativo, gratuito y acorde a los valores de una educaci\u00f3n p\u00fablica de calidad, para personas tanto en activo como en paro. El objetivo es reforzar las competencias t\u00e9cnicas y transversales de los trabajadores y promover su desarrollo personal y profesional, a las nuevas exigencias del mercado de trabajo egokituz.Prestakuntza que se articula a trav\u00e9s de Lanbide, en el marco del Plan de Formaci\u00f3n para el Empleo de la Comunidad Aut\u00f3noma del Pa\u00eds Vasco, y que es gratuito 0 parte-hartzaileentzat.Eskaintzak, incluye cursos homologados y formaciones complementarias seg\u00fan el Sistema Nacional de Cualificaciones y Formaci\u00f3n Profesional, que permiten acceder tanto a certificados de profesionalidad completos como a cualificaciones parciales","og_url":"https:\/\/easo.eus\/es\/formacion-para-el-empleo\/","og_site_name":"Easo Politeknikoa","article_publisher":"https:\/\/www.facebook.com\/people\/CIFP-EASO-Politeknikoa-LHII\/100069039060131\/","article_modified_time":"2026-02-04T21:22:42+00:00","og_image":[{"width":1024,"height":683,"url":"https:\/\/easo.eus\/wp-content\/uploads\/2026\/01\/enpleguABC.jpg","type":"image\/jpeg"}],"twitter_card":"summary_large_image","twitter_misc":{"Tiempo de lectura":"3 minutos"},"schema":{"@context":"https:\/\/schema.org","@graph":[{"@type":"WebPage","@id":"https:\/\/easo.eus\/es\/formacion-para-el-empleo\/","url":"https:\/\/easo.eus\/es\/formacion-para-el-empleo\/","name":"Formaci\u00f3n para el empleo - Easo Politeknikoa","isPartOf":{"@id":"https:\/\/easo.eus\/es\/#website"},"primaryImageOfPage":{"@id":"https:\/\/easo.eus\/es\/formacion-para-el-empleo\/#primaryimage"},"image":{"@id":"https:\/\/easo.eus\/es\/formacion-para-el-empleo\/#primaryimage"},"thumbnailUrl":"https:\/\/easo.eus\/wp-content\/uploads\/2026\/01\/enpleguABC.jpg","datePublished":"2025-10-24T09:47:23+00:00","dateModified":"2026-02-04T21:22:42+00:00","description":"En Easo Politeknikoa ofrecemos un amplio programa formativo, gratuito y acorde a los valores de una educaci\u00f3n p\u00fablica de calidad, para personas tanto en activo como en paro. El objetivo es reforzar las competencias t\u00e9cnicas y transversales de los trabajadores y promover su desarrollo personal y profesional, a las nuevas exigencias del mercado de trabajo egokituz.Prestakuntza que se articula a trav\u00e9s de Lanbide, en el marco del Plan de Formaci\u00f3n para el Empleo de la Comunidad Aut\u00f3noma del Pa\u00eds Vasco, y que es gratuito 0 parte-hartzaileentzat.Eskaintzak, incluye cursos homologados y formaciones complementarias seg\u00fan el Sistema Nacional de Cualificaciones y Formaci\u00f3n Profesional, que permiten acceder tanto a certificados de profesionalidad completos como a cualificaciones parciales","breadcrumb":{"@id":"https:\/\/easo.eus\/es\/formacion-para-el-empleo\/#breadcrumb"},"inLanguage":"es","potentialAction":[{"@type":"ReadAction","target":["https:\/\/easo.eus\/es\/formacion-para-el-empleo\/"]}]},{"@type":"ImageObject","inLanguage":"es","@id":"https:\/\/easo.eus\/es\/formacion-para-el-empleo\/#primaryimage","url":"https:\/\/easo.eus\/wp-content\/uploads\/2026\/01\/enpleguABC.jpg","contentUrl":"https:\/\/easo.eus\/wp-content\/uploads\/2026\/01\/enpleguABC.jpg","width":1024,"height":683},{"@type":"BreadcrumbList","@id":"https:\/\/easo.eus\/es\/formacion-para-el-empleo\/#breadcrumb","itemListElement":[{"@type":"ListItem","position":1,"name":"Home","item":"https:\/\/easo.eus\/es\/hasiera\/"},{"@type":"ListItem","position":2,"name":"Formaci\u00f3n para el empleo"}]},{"@type":"WebSite","@id":"https:\/\/easo.eus\/es\/#website","url":"https:\/\/easo.eus\/es\/","name":"Easo Politeknikoa","description":"","publisher":{"@id":"https:\/\/easo.eus\/es\/#organization"},"potentialAction":[{"@type":"SearchAction","target":{"@type":"EntryPoint","urlTemplate":"https:\/\/easo.eus\/es\/?s={search_term_string}"},"query-input":{"@type":"PropertyValueSpecification","valueRequired":true,"valueName":"search_term_string"}}],"inLanguage":"es"},{"@type":"Organization","@id":"https:\/\/easo.eus\/es\/#organization","name":"Easo Politeknikoa","url":"https:\/\/easo.eus\/es\/","logo":{"@type":"ImageObject","inLanguage":"es","@id":"https:\/\/easo.eus\/es\/#\/schema\/logo\/image\/","url":"https:\/\/easo.eus\/wp-content\/uploads\/2025\/05\/layout_set_logo.png","contentUrl":"https:\/\/easo.eus\/wp-content\/uploads\/2025\/05\/layout_set_logo.png","width":2033,"height":488,"caption":"Easo Politeknikoa"},"image":{"@id":"https:\/\/easo.eus\/es\/#\/schema\/logo\/image\/"},"sameAs":["https:\/\/www.facebook.com\/people\/CIFP-EASO-Politeknikoa-LHII\/100069039060131\/","https:\/\/www.instagram.com\/easopolitek\/"]}]}},"_links":{"self":[{"href":"https:\/\/easo.eus\/es\/wp-json\/wp\/v2\/pages\/9984","targetHints":{"allow":["GET"]}}],"collection":[{"href":"https:\/\/easo.eus\/es\/wp-json\/wp\/v2\/pages"}],"about":[{"href":"https:\/\/easo.eus\/es\/wp-json\/wp\/v2\/types\/page"}],"author":[{"embeddable":true,"href":"https:\/\/easo.eus\/es\/wp-json\/wp\/v2\/users\/1"}],"replies":[{"embeddable":true,"href":"https:\/\/easo.eus\/es\/wp-json\/wp\/v2\/comments?post=9984"}],"version-history":[{"count":14,"href":"https:\/\/easo.eus\/es\/wp-json\/wp\/v2\/pages\/9984\/revisions"}],"predecessor-version":[{"id":11280,"href":"https:\/\/easo.eus\/es\/wp-json\/wp\/v2\/pages\/9984\/revisions\/11280"}],"wp:featuredmedia":[{"embeddable":true,"href":"https:\/\/easo.eus\/es\/wp-json\/wp\/v2\/media\/10685"}],"wp:attachment":[{"href":"https:\/\/easo.eus\/es\/wp-json\/wp\/v2\/media?parent=9984"}],"curies":[{"name":"wp","href":"https:\/\/api.w.org\/{rel}","templated":true}]}}