{"id":9992,"date":"2025-03-17T12:56:23","date_gmt":"2025-03-17T11:56:23","guid":{"rendered":"https:\/\/easo.eus\/easo-politeknikoa\/"},"modified":"2026-02-08T13:23:02","modified_gmt":"2026-02-08T12:23:02","slug":"easo-politeknikoa","status":"publish","type":"page","link":"https:\/\/easo.eus\/es\/easo-politeknikoa\/","title":{"rendered":"Easo Politeknikoa"},"content":{"rendered":"<section class=\"l-section wpb_row us_custom_51663c89 height_auto\"><div class=\"l-section-h i-cf\"><div class=\"g-cols vc_row via_flex valign_top type_default stacking_default\"><div class=\"vc_col-sm-4 wpb_column vc_column_container\"><div class=\"vc_column-inner\"><div class=\"wpb_wrapper\"><div class=\"w-separator size_large\"><\/div><div class=\"wpb_text_column\"><div class=\"wpb_wrapper\"><h1>Easo Politeknikoa<\/h1>\n<\/div><\/div><\/div><\/div><\/div><div class=\"vc_col-sm-8 wpb_column vc_column_container has_bg_color\"><div class=\"vc_column-inner us_custom_9f7234cc\"><div class=\"wpb_wrapper\"><div class=\"w-separator size_custom\" style=\"height:1rem\"><\/div><div class=\"g-cols wpb_row via_flex valign_top type_default\"><div class=\"vc_col-sm-3 wpb_column vc_column_container\"><div class=\"vc_column-inner\"><div class=\"wpb_wrapper\"><div class=\"w-counter us_custom_c22c8fc6 has_text_color color_custom align_left has_font_size\" data-duration=\"2\"><div class=\"w-counter-value\" style=\"color:var(--color-header-middle-text-hover);\"><span class=\"w-counter-value-part type_text\" data-final=\"+\"><\/span><span class=\"w-counter-value-part type_number\" data-final=\"145\">0<\/span><span class=\"w-counter-value-part type_text\" data-final=\"\"><\/span><\/div><h5 class=\"w-counter-title\" style=\"font-weight:500;\">A\u00f1os<\/h5><\/div><\/div><\/div><\/div><div class=\"vc_col-sm-3 wpb_column vc_column_container\"><div class=\"vc_column-inner\"><div class=\"wpb_wrapper\"><div class=\"w-counter us_custom_c22c8fc6 has_text_color color_custom align_left has_font_size\" data-duration=\"2\"><div class=\"w-counter-value\" style=\"color:var(--color-header-middle-text-hover);\"><span class=\"w-counter-value-part type_text\" data-final=\"+\"><\/span><span class=\"w-counter-value-part type_number\" data-final=\"100.000\">0<\/span><span class=\"w-counter-value-part type_text\" data-final=\"\"><\/span><\/div><h5 class=\"w-counter-title\" style=\"font-weight:500;\">Alumnos<\/h5><\/div><\/div><\/div><\/div><div class=\"vc_col-sm-6 wpb_column vc_column_container\"><div class=\"vc_column-inner\"><div class=\"wpb_wrapper\"><div class=\"w-counter us_custom_c22c8fc6 has_text_color color_custom align_left has_font_size\" data-duration=\"2\"><div class=\"w-counter-value\" style=\"color:var(--color-header-middle-text-hover);\"><span class=\"w-counter-value-part type_text\" data-final=\"+\"><\/span><span class=\"w-counter-value-part type_number\" data-final=\"1000\">0<\/span><span class=\"w-counter-value-part type_text\" data-final=\"\"><\/span><\/div><h5 class=\"w-counter-title\" style=\"font-weight:500;\">Colaboraciones con empresas<\/h5><\/div><\/div><\/div><\/div><\/div><div class=\"w-separator size_custom\" style=\"height:1rem\"><\/div><\/div><\/div><\/div><\/div><\/div><\/section><section class=\"l-section wpb_row us_custom_0713dc5f height_auto\"><div class=\"l-section-h i-cf\"><div class=\"g-cols vc_row via_flex valign_top type_default reversed stacking_default\"><div class=\"vc_col-sm-8 wpb_column vc_column_container\"><div class=\"vc_column-inner us_custom_9372ade6\"><div class=\"wpb_wrapper\"><div class=\"w-separator size_medium\"><\/div><div class=\"wpb_text_column\"><div class=\"wpb_wrapper\"><h2>Desde 1879<\/h2>\n<p>Easo Politeknikoa es un centro de referencia en la Formaci\u00f3n Profesional de Euskadi. Su desarrollo ha sido constante desde 1879, atendiendo a las necesidades de la sociedad y del entorno productivo. En este sentido, es un centro educativo que ha mantenido su compromiso firme con la formaci\u00f3n de personas cualificadas y responsables en aras del bienestar social y la sostenibilidad.<\/p>\n<\/div><\/div><div class=\"w-separator size_medium\"><\/div><div class=\"wpb_text_column\"><div class=\"wpb_wrapper\"><h2>Formaci\u00f3n adaptada al mercado de trabajo y al alumnado<\/h2>\n<p>Somos un centro p\u00fablico que apuesta por la orientaci\u00f3n profesional y las metodolog\u00edas innovadoras. A trav\u00e9s del fomento de la autonom\u00eda, la creatividad y el pensamiento cr\u00edtico, ofrecemos una formaci\u00f3n flexible para adaptarse a las necesidades actuales y de aprendizaje a lo largo de toda la vida.<\/p>\n<\/div><\/div><div class=\"w-separator size_medium\"><\/div><div class=\"wpb_text_column\"><div class=\"wpb_wrapper\"><h2>Transformando la sociedad<\/h2>\n<p>En Easo Politeknikoa promovemos la igualdad, la interculturalidad y la inclusi\u00f3n garantizando la igualdad de oportunidades para todas las personas. Nos adherimos a los Objetivos de Desarrollo Sostenible (ODS) promoviendo la gesti\u00f3n y las pr\u00e1cticas sostenibles para reducir la huella ecol\u00f3gica.<\/p>\n<\/div><\/div><div class=\"w-separator size_medium\"><\/div><div class=\"wpb_text_column\"><div class=\"wpb_wrapper\"><h2>Formaci\u00f3n dual y programas internacionales<\/h2>\n<p>Trabajamos con m\u00e1s de 800 empresas del mercado laboral. Facilitamos la inserci\u00f3n laboral a trav\u00e9s de pr\u00e1cticas, formaci\u00f3n dual y programas internacionales como Erasmus+. Apostamos por la internacionalizaci\u00f3n, la transformaci\u00f3n digital y la innovaci\u00f3n educativa, asegurando que nuestra ense\u00f1anza responda a los retos del presente y del futuro.<\/p>\n<\/div><\/div><div class=\"w-separator size_medium\"><\/div><div class=\"wpb_text_column\"><div class=\"wpb_wrapper\"><h2>Centro de excelencia<\/h2>\n<p>En 2024, Easo Politeknikoa fue reconocido como centro de excelencia en la rama de Econom\u00eda Social y Cuidados, integr\u00e1ndose en el entramado de organizaciones comprometidas con la innovaci\u00f3n y la excelencia. Este nombramiento pone de relieve el esfuerzo constante en la aplicaci\u00f3n de soluciones innovadoras en el campo de los servicios sociales. Reafirma nuestro compromiso con el desarrollo de formaci\u00f3n que combina la teor\u00eda y la pr\u00e1ctica para transformar positivamente nuestra comunidad. La denominaci\u00f3n de excelencia es un aliciente para seguir impulsando iniciativas que promuevan la inclusi\u00f3n social, el bienestar y la sostenibilidad social, consolidando nuestro papel como referente en la transformaci\u00f3n social.<\/p>\n<\/div><\/div><div class=\"w-separator size_small\"><\/div><div class=\"w-btn-wrapper align_none\"><a class=\"w-btn us-btn-style_7 estilo7-btn icon_atright\" href=\"http:\/\/easo.eus\/es\/centro-de-excelencia\/\"><span class=\"w-btn-label\">Centro de excelencia<\/span><i class=\"fas fa-angle-right\"><\/i><\/a><\/div><div class=\"w-separator size_large\"><\/div><div class=\"w-separator hide_on_default size_large\"><\/div><\/div><\/div><\/div><div class=\"vc_col-sm-4 wpb_column vc_column_container\"><div class=\"vc_column-inner us_custom_8e361216\"><div class=\"wpb_wrapper\"><div class=\"w-hwrapper us_custom_583f635b valign_top wrap align_none\" style=\"--hwrapper-gap:0.9rem\"><div class=\"w-btn-wrapper align_none\"><a class=\"w-btn us-btn-style_8 easo-politekniko-btn\" href=\"http:\/\/easo.eus\/es\/easo-politeknikoa\/compromiso-con-el-desarrollo-sostenible\/\"><span class=\"w-btn-label\">Desarrollo sostenible<\/span><\/a><\/div><div class=\"w-btn-wrapper align_none\"><a class=\"w-btn us-btn-style_8 easo-politekniko-btn\" href=\"http:\/\/easo.eus\/es\/easo-politeknikoa\/instalaciones-y-recursos\/\"><span class=\"w-btn-label\">Instalaciones y recursos<\/span><\/a><\/div><div class=\"w-btn-wrapper align_none\"><a class=\"w-btn us-btn-style_8 easo-politekniko-btn\" href=\"http:\/\/easo.eus\/es\/easo-politeknikoa\/noticias\/\"><span class=\"w-btn-label\">Noticias<\/span><\/a><\/div><div class=\"w-btn-wrapper align_none\"><a class=\"w-btn us-btn-style_8 easo-politekniko-btn\" href=\"http:\/\/easo.eus\/es\/easo-politeknikoa\/argitalpenak\/\"><span class=\"w-btn-label\">Publicaciones<\/span><\/a><\/div><div class=\"w-btn-wrapper align_none\"><a class=\"w-btn us-btn-style_8 easo-politekniko-btn\" href=\"http:\/\/easo.eus\/es\/contacto\/\"><span class=\"w-btn-label\">Ubicaci\u00f3n y contacto<\/span><\/a><\/div><\/div><div class=\"w-image us_custom_c65846c1 easo-irudia hide_on_tablets hide_on_mobiles align_right\"><div class=\"w-image-h\"><img decoding=\"async\" width=\"1707\" height=\"2560\" src=\"https:\/\/easo.eus\/wp-content\/uploads\/2026\/01\/Easo-Politeknikoa-scaled.jpg\" class=\"attachment-full size-full\" alt=\"\" loading=\"lazy\" srcset=\"https:\/\/easo.eus\/wp-content\/uploads\/2026\/01\/Easo-Politeknikoa-scaled.jpg 1707w, https:\/\/easo.eus\/wp-content\/uploads\/2026\/01\/Easo-Politeknikoa-200x300.jpg 200w, https:\/\/easo.eus\/wp-content\/uploads\/2026\/01\/Easo-Politeknikoa-683x1024.jpg 683w\" sizes=\"auto, (max-width: 1707px) 100vw, 1707px\" \/><\/div><\/div><\/div><\/div><\/div><\/div><\/div><\/section><section class=\"l-section wpb_row us_custom_e654747f teknikariak-profesionalak height_medium\"><div class=\"l-section-h i-cf\"><div class=\"g-cols vc_row via_flex valign_top type_default stacking_default\"><div class=\"vc_col-sm-12 wpb_column vc_column_container\"><div class=\"vc_column-inner\"><div class=\"wpb_wrapper\"><div class=\"w-separator size_small\"><\/div><div class=\"w-separator hide_on_default hide_on_laptops size_small\"><\/div><div class=\"wpb_text_column us_custom_8f14b3e1 has_text_color\"><div class=\"wpb_wrapper\"><p style=\"text-align: center;\">En Easo Politeknikoa formamos no solo t\u00e9cnicos y profesionales, sino tambi\u00e9n personas comprometidas con la sociedad, formadas para contribuir a <b>un mundo m\u00e1s justo, solidario y sostenible<\/b>. Si buscas una educaci\u00f3n de calidad este es tu centro.<\/p>\n<\/div><\/div><div class=\"w-separator hide_on_default hide_on_laptops size_small\"><\/div><div class=\"w-separator size_small\"><\/div><\/div><\/div><\/div><\/div><\/div><\/section>\n","protected":false},"excerpt":{"rendered":"Easo Politeknikoa 0A\u00f1os0Alumnos0Colaboraciones con empresasDesde 1879 Easo Politeknikoa es un centro de referencia en la Formaci\u00f3n Profesional de Euskadi. Su desarrollo ha sido constante desde 1879, atendiendo a las necesidades de la sociedad y del entorno productivo. En este sentido, es un centro educativo que ha mantenido su compromiso firme con la formaci\u00f3n de personas...","protected":false},"author":1,"featured_media":0,"parent":0,"menu_order":0,"comment_status":"closed","ping_status":"closed","template":"","meta":{"_acf_changed":false,"footnotes":""},"class_list":["post-9992","page","type-page","status-publish","hentry"],"acf":[],"yoast_head":"<!-- This site is optimized with the Yoast SEO plugin v27.3 - https:\/\/yoast.com\/product\/yoast-seo-wordpress\/ -->\n<title>Easo Politeknikoa - Easo Politeknikoa<\/title>\n<meta name=\"robots\" content=\"index, follow, max-snippet:-1, max-image-preview:large, max-video-preview:-1\" \/>\n<link rel=\"canonical\" href=\"https:\/\/easo.eus\/es\/easo-politeknikoa\/\" \/>\n<meta property=\"og:locale\" content=\"es_ES\" \/>\n<meta property=\"og:type\" content=\"article\" \/>\n<meta property=\"og:title\" content=\"Easo Politeknikoa - Easo Politeknikoa\" \/>\n<meta property=\"og:url\" content=\"https:\/\/easo.eus\/es\/easo-politeknikoa\/\" \/>\n<meta property=\"og:site_name\" content=\"Easo Politeknikoa\" \/>\n<meta property=\"article:publisher\" content=\"https:\/\/www.facebook.com\/people\/CIFP-EASO-Politeknikoa-LHII\/100069039060131\/\" \/>\n<meta property=\"article:modified_time\" content=\"2026-02-08T12:23:02+00:00\" \/>\n<meta property=\"og:image\" content=\"https:\/\/easo.eus\/wp-content\/uploads\/2025\/05\/layout_set_logo.png\" \/>\n\t<meta property=\"og:image:width\" content=\"2033\" \/>\n\t<meta property=\"og:image:height\" content=\"488\" \/>\n\t<meta property=\"og:image:type\" content=\"image\/png\" \/>\n<meta name=\"twitter:card\" content=\"summary_large_image\" \/>\n<meta name=\"twitter:label1\" content=\"Tiempo de lectura\" \/>\n\t<meta name=\"twitter:data1\" content=\"3 minutos\" \/>\n<script type=\"application\/ld+json\" class=\"yoast-schema-graph\">{\"@context\":\"https:\\\/\\\/schema.org\",\"@graph\":[{\"@type\":\"WebPage\",\"@id\":\"https:\\\/\\\/easo.eus\\\/es\\\/easo-politeknikoa\\\/\",\"url\":\"https:\\\/\\\/easo.eus\\\/es\\\/easo-politeknikoa\\\/\",\"name\":\"Easo Politeknikoa - Easo Politeknikoa\",\"isPartOf\":{\"@id\":\"https:\\\/\\\/easo.eus\\\/es\\\/#website\"},\"datePublished\":\"2025-03-17T11:56:23+00:00\",\"dateModified\":\"2026-02-08T12:23:02+00:00\",\"breadcrumb\":{\"@id\":\"https:\\\/\\\/easo.eus\\\/es\\\/easo-politeknikoa\\\/#breadcrumb\"},\"inLanguage\":\"es\",\"potentialAction\":[{\"@type\":\"ReadAction\",\"target\":[\"https:\\\/\\\/easo.eus\\\/es\\\/easo-politeknikoa\\\/\"]}]},{\"@type\":\"BreadcrumbList\",\"@id\":\"https:\\\/\\\/easo.eus\\\/es\\\/easo-politeknikoa\\\/#breadcrumb\",\"itemListElement\":[{\"@type\":\"ListItem\",\"position\":1,\"name\":\"Home\",\"item\":\"https:\\\/\\\/easo.eus\\\/es\\\/hasiera\\\/\"},{\"@type\":\"ListItem\",\"position\":2,\"name\":\"Easo Politeknikoa\"}]},{\"@type\":\"WebSite\",\"@id\":\"https:\\\/\\\/easo.eus\\\/es\\\/#website\",\"url\":\"https:\\\/\\\/easo.eus\\\/es\\\/\",\"name\":\"Easo Politeknikoa\",\"description\":\"\",\"publisher\":{\"@id\":\"https:\\\/\\\/easo.eus\\\/es\\\/#organization\"},\"potentialAction\":[{\"@type\":\"SearchAction\",\"target\":{\"@type\":\"EntryPoint\",\"urlTemplate\":\"https:\\\/\\\/easo.eus\\\/es\\\/?s={search_term_string}\"},\"query-input\":{\"@type\":\"PropertyValueSpecification\",\"valueRequired\":true,\"valueName\":\"search_term_string\"}}],\"inLanguage\":\"es\"},{\"@type\":\"Organization\",\"@id\":\"https:\\\/\\\/easo.eus\\\/es\\\/#organization\",\"name\":\"Easo Politeknikoa\",\"url\":\"https:\\\/\\\/easo.eus\\\/es\\\/\",\"logo\":{\"@type\":\"ImageObject\",\"inLanguage\":\"es\",\"@id\":\"https:\\\/\\\/easo.eus\\\/es\\\/#\\\/schema\\\/logo\\\/image\\\/\",\"url\":\"https:\\\/\\\/easo.eus\\\/wp-content\\\/uploads\\\/2025\\\/05\\\/layout_set_logo.png\",\"contentUrl\":\"https:\\\/\\\/easo.eus\\\/wp-content\\\/uploads\\\/2025\\\/05\\\/layout_set_logo.png\",\"width\":2033,\"height\":488,\"caption\":\"Easo Politeknikoa\"},\"image\":{\"@id\":\"https:\\\/\\\/easo.eus\\\/es\\\/#\\\/schema\\\/logo\\\/image\\\/\"},\"sameAs\":[\"https:\\\/\\\/www.facebook.com\\\/people\\\/CIFP-EASO-Politeknikoa-LHII\\\/100069039060131\\\/\",\"https:\\\/\\\/www.instagram.com\\\/easopolitek\\\/\"]}]}<\/script>\n<!-- \/ Yoast SEO plugin. -->","yoast_head_json":{"title":"Easo Politeknikoa - Easo Politeknikoa","robots":{"index":"index","follow":"follow","max-snippet":"max-snippet:-1","max-image-preview":"max-image-preview:large","max-video-preview":"max-video-preview:-1"},"canonical":"https:\/\/easo.eus\/es\/easo-politeknikoa\/","og_locale":"es_ES","og_type":"article","og_title":"Easo Politeknikoa - Easo Politeknikoa","og_url":"https:\/\/easo.eus\/es\/easo-politeknikoa\/","og_site_name":"Easo Politeknikoa","article_publisher":"https:\/\/www.facebook.com\/people\/CIFP-EASO-Politeknikoa-LHII\/100069039060131\/","article_modified_time":"2026-02-08T12:23:02+00:00","og_image":[{"width":2033,"height":488,"url":"https:\/\/easo.eus\/wp-content\/uploads\/2025\/05\/layout_set_logo.png","type":"image\/png"}],"twitter_card":"summary_large_image","twitter_misc":{"Tiempo de lectura":"3 minutos"},"schema":{"@context":"https:\/\/schema.org","@graph":[{"@type":"WebPage","@id":"https:\/\/easo.eus\/es\/easo-politeknikoa\/","url":"https:\/\/easo.eus\/es\/easo-politeknikoa\/","name":"Easo Politeknikoa - Easo Politeknikoa","isPartOf":{"@id":"https:\/\/easo.eus\/es\/#website"},"datePublished":"2025-03-17T11:56:23+00:00","dateModified":"2026-02-08T12:23:02+00:00","breadcrumb":{"@id":"https:\/\/easo.eus\/es\/easo-politeknikoa\/#breadcrumb"},"inLanguage":"es","potentialAction":[{"@type":"ReadAction","target":["https:\/\/easo.eus\/es\/easo-politeknikoa\/"]}]},{"@type":"BreadcrumbList","@id":"https:\/\/easo.eus\/es\/easo-politeknikoa\/#breadcrumb","itemListElement":[{"@type":"ListItem","position":1,"name":"Home","item":"https:\/\/easo.eus\/es\/hasiera\/"},{"@type":"ListItem","position":2,"name":"Easo Politeknikoa"}]},{"@type":"WebSite","@id":"https:\/\/easo.eus\/es\/#website","url":"https:\/\/easo.eus\/es\/","name":"Easo Politeknikoa","description":"","publisher":{"@id":"https:\/\/easo.eus\/es\/#organization"},"potentialAction":[{"@type":"SearchAction","target":{"@type":"EntryPoint","urlTemplate":"https:\/\/easo.eus\/es\/?s={search_term_string}"},"query-input":{"@type":"PropertyValueSpecification","valueRequired":true,"valueName":"search_term_string"}}],"inLanguage":"es"},{"@type":"Organization","@id":"https:\/\/easo.eus\/es\/#organization","name":"Easo Politeknikoa","url":"https:\/\/easo.eus\/es\/","logo":{"@type":"ImageObject","inLanguage":"es","@id":"https:\/\/easo.eus\/es\/#\/schema\/logo\/image\/","url":"https:\/\/easo.eus\/wp-content\/uploads\/2025\/05\/layout_set_logo.png","contentUrl":"https:\/\/easo.eus\/wp-content\/uploads\/2025\/05\/layout_set_logo.png","width":2033,"height":488,"caption":"Easo Politeknikoa"},"image":{"@id":"https:\/\/easo.eus\/es\/#\/schema\/logo\/image\/"},"sameAs":["https:\/\/www.facebook.com\/people\/CIFP-EASO-Politeknikoa-LHII\/100069039060131\/","https:\/\/www.instagram.com\/easopolitek\/"]}]}},"_links":{"self":[{"href":"https:\/\/easo.eus\/es\/wp-json\/wp\/v2\/pages\/9992","targetHints":{"allow":["GET"]}}],"collection":[{"href":"https:\/\/easo.eus\/es\/wp-json\/wp\/v2\/pages"}],"about":[{"href":"https:\/\/easo.eus\/es\/wp-json\/wp\/v2\/types\/page"}],"author":[{"embeddable":true,"href":"https:\/\/easo.eus\/es\/wp-json\/wp\/v2\/users\/1"}],"replies":[{"embeddable":true,"href":"https:\/\/easo.eus\/es\/wp-json\/wp\/v2\/comments?post=9992"}],"version-history":[{"count":19,"href":"https:\/\/easo.eus\/es\/wp-json\/wp\/v2\/pages\/9992\/revisions"}],"predecessor-version":[{"id":11353,"href":"https:\/\/easo.eus\/es\/wp-json\/wp\/v2\/pages\/9992\/revisions\/11353"}],"wp:attachment":[{"href":"https:\/\/easo.eus\/es\/wp-json\/wp\/v2\/media?parent=9992"}],"curies":[{"name":"wp","href":"https:\/\/api.w.org\/{rel}","templated":true}]}}